{"id":31893,"date":"2025-04-23T14:06:12","date_gmt":"2025-04-23T14:06:12","guid":{"rendered":"https:\/\/inow.ch\/?post_type=product&#038;p=31893"},"modified":"2025-04-24T10:00:55","modified_gmt":"2025-04-24T10:00:55","slug":"cantina-bike-25-ch-cycling-classic-wind-vest","status":"publish","type":"product","link":"https:\/\/inow.ch\/fr\/produit\/cantina-bike-25-ch-cycling-classic-wind-vest\/","title":{"rendered":"Cantina-Bike-25-CH Cycling Classic Gilet coupe-vent"},"content":{"rendered":"<p>- Classic Line | XS - 3XL<br \/>\n\u2022 r\u00e9sistant au vent et perlante \u00e0 l'eau<br \/>\n\u2022 respirant &amp; super l\u00e9ger<br \/>\n- Dossier en filet<br \/>\n\u2022 protection du menton \u00e0 l'extr\u00e9mit\u00e9 de la fermeture \u00e9clair<br \/>\n- petit et facile \u00e0 ranger dans une poche de maillot<\/p>","protected":false},"excerpt":{"rendered":"<p>Gilet coupe-vent sans manches pour le cyclisme, coupe pr\u00e8s du corps. Mati\u00e8re polyester ultral\u00e9g\u00e8re. Col montant avec protection du menton et fermeture \u00e9clair continue \u00e0 l'avant. Dos en filet imprimable pour une meilleure respirabilit\u00e9.<\/p>\n<p>Qui ne conna\u00eet pas cette d\u00e9sagr\u00e9able sensation de froid lorsqu'on arrive en haut de la montagne et qu'on n'a rien \u00e0 se mettre parce qu'on n'a pas eu envie d'emporter un sac \u00e0 dos ? Avec ce gilet coupe-vent pratique, c'est de l'histoire ancienne ! Notre gilet est coupe-vent et imperm\u00e9able et peut se ranger tout petit dans une poche de maillot.<\/p>","protected":false},"featured_media":31868,"template":"","meta":{"_acf_changed":false,"ocean_post_layout":"","ocean_both_sidebars_style":"","ocean_both_sidebars_content_width":0,"ocean_both_sidebars_sidebars_width":0,"ocean_sidebar":"0","ocean_second_sidebar":"0","ocean_disable_margins":"enable","ocean_add_body_class":"","ocean_shortcode_before_top_bar":"","ocean_shortcode_after_top_bar":"","ocean_shortcode_before_header":"","ocean_shortcode_after_header":"","ocean_has_shortcode":"","ocean_shortcode_after_title":"","ocean_shortcode_before_footer_widgets":"","ocean_shortcode_after_footer_widgets":"","ocean_shortcode_before_footer_bottom":"","ocean_shortcode_after_footer_bottom":"","ocean_display_top_bar":"default","ocean_display_header":"default","ocean_header_style":"","ocean_center_header_left_menu":"0","ocean_custom_header_template":"0","ocean_custom_logo":0,"ocean_custom_retina_logo":0,"ocean_custom_logo_max_width":0,"ocean_custom_logo_tablet_max_width":0,"ocean_custom_logo_mobile_max_width":0,"ocean_custom_logo_max_height":0,"ocean_custom_logo_tablet_max_height":0,"ocean_custom_logo_mobile_max_height":0,"ocean_header_custom_menu":"0","ocean_menu_typo_font_family":"0","ocean_menu_typo_font_subset":"","ocean_menu_typo_font_size":0,"ocean_menu_typo_font_size_tablet":0,"ocean_menu_typo_font_size_mobile":0,"ocean_menu_typo_font_size_unit":"px","ocean_menu_typo_font_weight":"","ocean_menu_typo_font_weight_tablet":"","ocean_menu_typo_font_weight_mobile":"","ocean_menu_typo_transform":"","ocean_menu_typo_transform_tablet":"","ocean_menu_typo_transform_mobile":"","ocean_menu_typo_line_height":0,"ocean_menu_typo_line_height_tablet":0,"ocean_menu_typo_line_height_mobile":0,"ocean_menu_typo_line_height_unit":"","ocean_menu_typo_spacing":0,"ocean_menu_typo_spacing_tablet":0,"ocean_menu_typo_spacing_mobile":0,"ocean_menu_typo_spacing_unit":"","ocean_menu_link_color":"","ocean_menu_link_color_hover":"","ocean_menu_link_color_active":"","ocean_menu_link_background":"","ocean_menu_link_hover_background":"","ocean_menu_link_active_background":"","ocean_menu_social_links_bg":"","ocean_menu_social_hover_links_bg":"","ocean_menu_social_links_color":"","ocean_menu_social_hover_links_color":"","ocean_disable_title":"default","ocean_disable_heading":"default","ocean_post_title":"","ocean_post_subheading":"","ocean_post_title_style":"","ocean_post_title_background_color":"","ocean_post_title_background":0,"ocean_post_title_bg_image_position":"","ocean_post_title_bg_image_attachment":"","ocean_post_title_bg_image_repeat":"","ocean_post_title_bg_image_size":"","ocean_post_title_height":0,"ocean_post_title_bg_overlay":0.5,"ocean_post_title_bg_overlay_color":"","ocean_disable_breadcrumbs":"default","ocean_breadcrumbs_color":"","ocean_breadcrumbs_separator_color":"","ocean_breadcrumbs_links_color":"","ocean_breadcrumbs_links_hover_color":"","ocean_display_footer_widgets":"default","ocean_display_footer_bottom":"default","ocean_custom_footer_template":"0"},"product_brand":[],"product_cat":[245],"product_tag":[],"class_list":{"0":"post-31893","1":"product","2":"type-product","3":"status-publish","4":"has-post-thumbnail","6":"product_cat-cantina-bike-25-ch","8":"entry","9":"has-media","11":"first","12":"instock","13":"taxable","14":"shipping-taxable","15":"purchasable","16":"product-type-variable","17":"col","18":"span_1_of_4","19":"owp-content-center","20":"owp-thumbs-layout-horizontal","21":"owp-btn-normal","22":"owp-tabs-layout-horizontal"},"acf":[],"yoast_head":"<!-- This site is optimized with the Yoast SEO plugin v24.8.1 - https:\/\/yoast.com\/wordpress\/plugins\/seo\/ -->\n<title>Cantina-Bike-25-CH Cycling Classic Wind Vest - iNOW.ch<\/title>\n<meta name=\"robots\" content=\"index, follow, max-snippet:-1, max-image-preview:large, max-video-preview:-1\" \/>\n<link rel=\"canonical\" href=\"https:\/\/inow.ch\/fr\/produit\/cantina-bike-25-ch-cycling-classic-wind-vest\/\" \/>\n<meta property=\"og:locale\" content=\"fr_FR\" \/>\n<meta property=\"og:type\" content=\"article\" \/>\n<meta property=\"og:title\" content=\"Cantina-Bike-25-CH Cycling Classic Wind Vest - iNOW.ch\" \/>\n<meta property=\"og:description\" content=\"\u00c4rmellose Cycling Wind Weste mit k\u00f6rpernaher Passform. Superleichtes Polyester \u2013 Material. Stehkragen mit Kinnschutz und durchgehendem arretierendem Reissverschluss vorn. Bedruckbarer Netzr\u00fccken f\u00fcr beste Atmungsaktivit\u00e4t.  Wer kennt es nicht, dieses unangenehme K\u00e4ltegef\u00fchl, wenn man oben am Berg ankommt und nichts zum Anziehen hat, weil man keine Lust hatte einen Rucksack mitzunehmen? Mit dieser praktischen Windweste ist es Schnee von gestern! Unsere Weste ist wind- und wasserabweisend und kann ganz klein in jeder Trikottasche verstaut werden.\" \/>\n<meta property=\"og:url\" content=\"https:\/\/inow.ch\/fr\/produit\/cantina-bike-25-ch-cycling-classic-wind-vest\/\" \/>\n<meta property=\"og:site_name\" content=\"iNOW.ch\" \/>\n<meta property=\"article:modified_time\" content=\"2025-04-24T10:00:55+00:00\" \/>\n<meta property=\"og:image\" content=\"http:\/\/inow.ch\/wp-content\/uploads\/2025\/04\/Cantina-Bike-25-CH-CTM_VE001_C-CYCLING-Classic-Wind-Vest_front.png\" \/>\n\t<meta property=\"og:image:width\" content=\"500\" \/>\n\t<meta property=\"og:image:height\" content=\"501\" \/>\n\t<meta property=\"og:image:type\" content=\"image\/png\" \/>\n<meta name=\"twitter:card\" content=\"summary_large_image\" \/>\n<meta name=\"twitter:label1\" content=\"Dur\u00e9e de lecture estim\u00e9e\" \/>\n\t<meta name=\"twitter:data1\" content=\"1 minute\" \/>\n<script type=\"application\/ld+json\" class=\"yoast-schema-graph\">{\"@context\":\"https:\/\/schema.org\",\"@graph\":[{\"@type\":\"WebPage\",\"@id\":\"https:\/\/inow.ch\/produkt\/cantina-bike-25-ch-cycling-classic-wind-vest\/\",\"url\":\"https:\/\/inow.ch\/produkt\/cantina-bike-25-ch-cycling-classic-wind-vest\/\",\"name\":\"Cantina-Bike-25-CH Cycling Classic Wind Vest - iNOW.ch\",\"isPartOf\":{\"@id\":\"https:\/\/inow.ch\/#website\"},\"primaryImageOfPage\":{\"@id\":\"https:\/\/inow.ch\/produkt\/cantina-bike-25-ch-cycling-classic-wind-vest\/#primaryimage\"},\"image\":{\"@id\":\"https:\/\/inow.ch\/produkt\/cantina-bike-25-ch-cycling-classic-wind-vest\/#primaryimage\"},\"thumbnailUrl\":\"https:\/\/inow.ch\/wp-content\/uploads\/2025\/04\/Cantina-Bike-25-CH-CTM_VE001_C-CYCLING-Classic-Wind-Vest_front.png\",\"datePublished\":\"2025-04-23T14:06:12+00:00\",\"dateModified\":\"2025-04-24T10:00:55+00:00\",\"breadcrumb\":{\"@id\":\"https:\/\/inow.ch\/produkt\/cantina-bike-25-ch-cycling-classic-wind-vest\/#breadcrumb\"},\"inLanguage\":\"fr-FR\",\"potentialAction\":[{\"@type\":\"ReadAction\",\"target\":[\"https:\/\/inow.ch\/produkt\/cantina-bike-25-ch-cycling-classic-wind-vest\/\"]}]},{\"@type\":\"ImageObject\",\"inLanguage\":\"fr-FR\",\"@id\":\"https:\/\/inow.ch\/produkt\/cantina-bike-25-ch-cycling-classic-wind-vest\/#primaryimage\",\"url\":\"https:\/\/inow.ch\/wp-content\/uploads\/2025\/04\/Cantina-Bike-25-CH-CTM_VE001_C-CYCLING-Classic-Wind-Vest_front.png\",\"contentUrl\":\"https:\/\/inow.ch\/wp-content\/uploads\/2025\/04\/Cantina-Bike-25-CH-CTM_VE001_C-CYCLING-Classic-Wind-Vest_front.png\",\"width\":500,\"height\":501},{\"@type\":\"BreadcrumbList\",\"@id\":\"https:\/\/inow.ch\/produkt\/cantina-bike-25-ch-cycling-classic-wind-vest\/#breadcrumb\",\"itemListElement\":[{\"@type\":\"ListItem\",\"position\":1,\"name\":\"Startseite\",\"item\":\"https:\/\/inow.ch\/\"},{\"@type\":\"ListItem\",\"position\":2,\"name\":\"Shop\",\"item\":\"https:\/\/inow.ch\/fr\/shop\/\"},{\"@type\":\"ListItem\",\"position\":3,\"name\":\"Cantina-Bike-25-CH Cycling Classic Wind Vest\"}]},{\"@type\":\"WebSite\",\"@id\":\"https:\/\/inow.ch\/#website\",\"url\":\"https:\/\/inow.ch\/\",\"name\":\"iNOW.ch\",\"description\":\"Teamshops\",\"publisher\":{\"@id\":\"https:\/\/inow.ch\/#organization\"},\"potentialAction\":[{\"@type\":\"SearchAction\",\"target\":{\"@type\":\"EntryPoint\",\"urlTemplate\":\"https:\/\/inow.ch\/?s={search_term_string}\"},\"query-input\":{\"@type\":\"PropertyValueSpecification\",\"valueRequired\":true,\"valueName\":\"search_term_string\"}}],\"inLanguage\":\"fr-FR\"},{\"@type\":\"Organization\",\"@id\":\"https:\/\/inow.ch\/#organization\",\"name\":\"iNOW.ch\",\"url\":\"https:\/\/inow.ch\/\",\"logo\":{\"@type\":\"ImageObject\",\"inLanguage\":\"fr-FR\",\"@id\":\"https:\/\/inow.ch\/#\/schema\/logo\/image\/\",\"url\":\"https:\/\/inow.ch\/wp-content\/uploads\/2021\/08\/210629_Logo_INOW_Pos.png\",\"contentUrl\":\"https:\/\/inow.ch\/wp-content\/uploads\/2021\/08\/210629_Logo_INOW_Pos.png\",\"width\":1749,\"height\":1241,\"caption\":\"iNOW.ch\"},\"image\":{\"@id\":\"https:\/\/inow.ch\/#\/schema\/logo\/image\/\"}}]}<\/script>\n<!-- \/ Yoast SEO plugin. -->","yoast_head_json":{"title":"Cantina-Bike-25-CH Cycling Classic Wind Vest - iNOW.ch","robots":{"index":"index","follow":"follow","max-snippet":"max-snippet:-1","max-image-preview":"max-image-preview:large","max-video-preview":"max-video-preview:-1"},"canonical":"https:\/\/inow.ch\/fr\/produit\/cantina-bike-25-ch-cycling-classic-wind-vest\/","og_locale":"fr_FR","og_type":"article","og_title":"Cantina-Bike-25-CH Cycling Classic Wind Vest - iNOW.ch","og_description":"\u00c4rmellose Cycling Wind Weste mit k\u00f6rpernaher Passform. Superleichtes Polyester \u2013 Material. Stehkragen mit Kinnschutz und durchgehendem arretierendem Reissverschluss vorn. Bedruckbarer Netzr\u00fccken f\u00fcr beste Atmungsaktivit\u00e4t.  Wer kennt es nicht, dieses unangenehme K\u00e4ltegef\u00fchl, wenn man oben am Berg ankommt und nichts zum Anziehen hat, weil man keine Lust hatte einen Rucksack mitzunehmen? Mit dieser praktischen Windweste ist es Schnee von gestern! Unsere Weste ist wind- und wasserabweisend und kann ganz klein in jeder Trikottasche verstaut werden.","og_url":"https:\/\/inow.ch\/fr\/produit\/cantina-bike-25-ch-cycling-classic-wind-vest\/","og_site_name":"iNOW.ch","article_modified_time":"2025-04-24T10:00:55+00:00","og_image":[{"width":500,"height":501,"url":"http:\/\/inow.ch\/wp-content\/uploads\/2025\/04\/Cantina-Bike-25-CH-CTM_VE001_C-CYCLING-Classic-Wind-Vest_front.png","type":"image\/png"}],"twitter_card":"summary_large_image","twitter_misc":{"Dur\u00e9e de lecture estim\u00e9e":"1 minute"},"schema":{"@context":"https:\/\/schema.org","@graph":[{"@type":"WebPage","@id":"https:\/\/inow.ch\/produkt\/cantina-bike-25-ch-cycling-classic-wind-vest\/","url":"https:\/\/inow.ch\/produkt\/cantina-bike-25-ch-cycling-classic-wind-vest\/","name":"Cantina-Bike-25-CH Cycling Classic Wind Vest - iNOW.ch","isPartOf":{"@id":"https:\/\/inow.ch\/#website"},"primaryImageOfPage":{"@id":"https:\/\/inow.ch\/produkt\/cantina-bike-25-ch-cycling-classic-wind-vest\/#primaryimage"},"image":{"@id":"https:\/\/inow.ch\/produkt\/cantina-bike-25-ch-cycling-classic-wind-vest\/#primaryimage"},"thumbnailUrl":"https:\/\/inow.ch\/wp-content\/uploads\/2025\/04\/Cantina-Bike-25-CH-CTM_VE001_C-CYCLING-Classic-Wind-Vest_front.png","datePublished":"2025-04-23T14:06:12+00:00","dateModified":"2025-04-24T10:00:55+00:00","breadcrumb":{"@id":"https:\/\/inow.ch\/produkt\/cantina-bike-25-ch-cycling-classic-wind-vest\/#breadcrumb"},"inLanguage":"fr-FR","potentialAction":[{"@type":"ReadAction","target":["https:\/\/inow.ch\/produkt\/cantina-bike-25-ch-cycling-classic-wind-vest\/"]}]},{"@type":"ImageObject","inLanguage":"fr-FR","@id":"https:\/\/inow.ch\/produkt\/cantina-bike-25-ch-cycling-classic-wind-vest\/#primaryimage","url":"https:\/\/inow.ch\/wp-content\/uploads\/2025\/04\/Cantina-Bike-25-CH-CTM_VE001_C-CYCLING-Classic-Wind-Vest_front.png","contentUrl":"https:\/\/inow.ch\/wp-content\/uploads\/2025\/04\/Cantina-Bike-25-CH-CTM_VE001_C-CYCLING-Classic-Wind-Vest_front.png","width":500,"height":501},{"@type":"BreadcrumbList","@id":"https:\/\/inow.ch\/produkt\/cantina-bike-25-ch-cycling-classic-wind-vest\/#breadcrumb","itemListElement":[{"@type":"ListItem","position":1,"name":"Startseite","item":"https:\/\/inow.ch\/"},{"@type":"ListItem","position":2,"name":"Shop","item":"https:\/\/inow.ch\/fr\/shop\/"},{"@type":"ListItem","position":3,"name":"Cantina-Bike-25-CH Cycling Classic Wind Vest"}]},{"@type":"WebSite","@id":"https:\/\/inow.ch\/#website","url":"https:\/\/inow.ch\/","name":"iNOW.ch","description":"Magasins de l'\u00e9quipe","publisher":{"@id":"https:\/\/inow.ch\/#organization"},"potentialAction":[{"@type":"SearchAction","target":{"@type":"EntryPoint","urlTemplate":"https:\/\/inow.ch\/?s={search_term_string}"},"query-input":{"@type":"PropertyValueSpecification","valueRequired":true,"valueName":"search_term_string"}}],"inLanguage":"fr-FR"},{"@type":"Organization","@id":"https:\/\/inow.ch\/#organization","name":"iNOW.ch","url":"https:\/\/inow.ch\/","logo":{"@type":"ImageObject","inLanguage":"fr-FR","@id":"https:\/\/inow.ch\/#\/schema\/logo\/image\/","url":"https:\/\/inow.ch\/wp-content\/uploads\/2021\/08\/210629_Logo_INOW_Pos.png","contentUrl":"https:\/\/inow.ch\/wp-content\/uploads\/2021\/08\/210629_Logo_INOW_Pos.png","width":1749,"height":1241,"caption":"iNOW.ch"},"image":{"@id":"https:\/\/inow.ch\/#\/schema\/logo\/image\/"}}]}},"_links":{"self":[{"href":"https:\/\/inow.ch\/fr\/wp-json\/wp\/v2\/product\/31893"}],"collection":[{"href":"https:\/\/inow.ch\/fr\/wp-json\/wp\/v2\/product"}],"about":[{"href":"https:\/\/inow.ch\/fr\/wp-json\/wp\/v2\/types\/product"}],"wp:featuredmedia":[{"embeddable":true,"href":"https:\/\/inow.ch\/fr\/wp-json\/wp\/v2\/media\/31868"}],"wp:attachment":[{"href":"https:\/\/inow.ch\/fr\/wp-json\/wp\/v2\/media?parent=31893"}],"wp:term":[{"taxonomy":"product_brand","embeddable":true,"href":"https:\/\/inow.ch\/fr\/wp-json\/wp\/v2\/product_brand?post=31893"},{"taxonomy":"product_cat","embeddable":true,"href":"https:\/\/inow.ch\/fr\/wp-json\/wp\/v2\/product_cat?post=31893"},{"taxonomy":"product_tag","embeddable":true,"href":"https:\/\/inow.ch\/fr\/wp-json\/wp\/v2\/product_tag?post=31893"}],"curies":[{"name":"wp","href":"https:\/\/api.w.org\/{rel}","templated":true}]}}