{"id":12039,"date":"2022-08-15T14:38:23","date_gmt":"2022-08-15T14:38:23","guid":{"rendered":"https:\/\/inow.ch\/produkt\/sportway-cycling-classic-jersey-long-sleeve-thermo-blue\/"},"modified":"2025-04-08T09:54:24","modified_gmt":"2025-04-08T09:54:24","slug":"sportway-cycling-classic-jersey-long-sleeve-thermo-blue","status":"publish","type":"product","link":"https:\/\/inow.ch\/fr\/produit\/sportway-cycling-classic-jersey-long-sleeve-thermo-blue\/","title":{"rendered":"Sportway Cycling Classic Jersey Manches Longues Thermo (Bleu)"},"content":{"rendered":"<p>\u2022 Ligne classique<br \/>\n- s\u00e9chage rapide<br \/>\n- r\u00e9gule la chaleur<br \/>\n- coupe raglan sur le bras<br \/>\n- fermeture \u00e9clair YKK sur toute la longueur \u00e0 l'avant<br \/>\n- poche arri\u00e8re \u00e0 3 compartiments<br \/>\n- dos rallong\u00e9 avec bande en silicone<\/p>\n<p>Mat\u00e9riau :<br \/>\n100% Polyester<\/p>","protected":false},"excerpt":{"rendered":"<p>Maillot de cyclisme \u00e0 manches longues avec coupe pr\u00e8s du corps. Mati\u00e8re polyester \u00e9lastique. Le tissu doux et moelleux \u00e0 l'int\u00e9rieur r\u00e9gule la chaleur et conf\u00e8re au maillot un confort de port extr\u00eamement agr\u00e9able. Col montant ajust\u00e9 avec fermeture \u00e9clair \u00e0 blocage sur toute la longueur \u00e0 l'avant et poche arri\u00e8re \u00e0 3 compartiments. Dos rallong\u00e9 avec bande en silicone.<\/p>\n<p>Ce maillot \u00e0 manches longues est tr\u00e8s appr\u00e9ci\u00e9 des sportifs amateurs et des clubs de v\u00e9lo. Il est le compagnon id\u00e9al pour les sorties plus fra\u00eeches et te donne encore agr\u00e9ablement chaud sur la terrasse apr\u00e8s le v\u00e9lo.<\/p>","protected":false},"featured_media":12016,"template":"","meta":{"_acf_changed":false,"ocean_post_layout":"","ocean_both_sidebars_style":"","ocean_both_sidebars_content_width":0,"ocean_both_sidebars_sidebars_width":0,"ocean_sidebar":"0","ocean_second_sidebar":"0","ocean_disable_margins":"enable","ocean_add_body_class":"","ocean_shortcode_before_top_bar":"","ocean_shortcode_after_top_bar":"","ocean_shortcode_before_header":"","ocean_shortcode_after_header":"","ocean_has_shortcode":"","ocean_shortcode_after_title":"","ocean_shortcode_before_footer_widgets":"","ocean_shortcode_after_footer_widgets":"","ocean_shortcode_before_footer_bottom":"","ocean_shortcode_after_footer_bottom":"","ocean_display_top_bar":"default","ocean_display_header":"default","ocean_header_style":"","ocean_center_header_left_menu":"0","ocean_custom_header_template":"0","ocean_custom_logo":0,"ocean_custom_retina_logo":0,"ocean_custom_logo_max_width":0,"ocean_custom_logo_tablet_max_width":0,"ocean_custom_logo_mobile_max_width":0,"ocean_custom_logo_max_height":0,"ocean_custom_logo_tablet_max_height":0,"ocean_custom_logo_mobile_max_height":0,"ocean_header_custom_menu":"0","ocean_menu_typo_font_family":"0","ocean_menu_typo_font_subset":"","ocean_menu_typo_font_size":0,"ocean_menu_typo_font_size_tablet":0,"ocean_menu_typo_font_size_mobile":0,"ocean_menu_typo_font_size_unit":"px","ocean_menu_typo_font_weight":"","ocean_menu_typo_font_weight_tablet":"","ocean_menu_typo_font_weight_mobile":"","ocean_menu_typo_transform":"","ocean_menu_typo_transform_tablet":"","ocean_menu_typo_transform_mobile":"","ocean_menu_typo_line_height":0,"ocean_menu_typo_line_height_tablet":0,"ocean_menu_typo_line_height_mobile":0,"ocean_menu_typo_line_height_unit":"","ocean_menu_typo_spacing":0,"ocean_menu_typo_spacing_tablet":0,"ocean_menu_typo_spacing_mobile":0,"ocean_menu_typo_spacing_unit":"","ocean_menu_link_color":"","ocean_menu_link_color_hover":"","ocean_menu_link_color_active":"","ocean_menu_link_background":"","ocean_menu_link_hover_background":"","ocean_menu_link_active_background":"","ocean_menu_social_links_bg":"","ocean_menu_social_hover_links_bg":"","ocean_menu_social_links_color":"","ocean_menu_social_hover_links_color":"","ocean_disable_title":"default","ocean_disable_heading":"default","ocean_post_title":"","ocean_post_subheading":"","ocean_post_title_style":"","ocean_post_title_background_color":"","ocean_post_title_background":0,"ocean_post_title_bg_image_position":"","ocean_post_title_bg_image_attachment":"","ocean_post_title_bg_image_repeat":"","ocean_post_title_bg_image_size":"","ocean_post_title_height":0,"ocean_post_title_bg_overlay":0.5,"ocean_post_title_bg_overlay_color":"","ocean_disable_breadcrumbs":"default","ocean_breadcrumbs_color":"","ocean_breadcrumbs_separator_color":"","ocean_breadcrumbs_links_color":"","ocean_breadcrumbs_links_hover_color":"","ocean_display_footer_widgets":"default","ocean_display_footer_bottom":"default","ocean_custom_footer_template":"0"},"product_brand":[],"product_cat":[142],"product_tag":[],"class_list":{"0":"post-12039","1":"product","2":"type-product","3":"status-publish","4":"has-post-thumbnail","6":"product_cat-sportway","8":"entry","9":"has-media","11":"first","12":"instock","13":"sale","14":"taxable","15":"shipping-taxable","16":"purchasable","17":"product-type-variable","18":"col","19":"span_1_of_4","20":"owp-content-center","21":"owp-thumbs-layout-horizontal","22":"owp-btn-normal","23":"owp-tabs-layout-horizontal"},"acf":[],"yoast_head":"<!-- This site is optimized with the Yoast SEO plugin v24.8.1 - https:\/\/yoast.com\/wordpress\/plugins\/seo\/ -->\n<title>Sportway Cycling Classic Jersey Long Sleeve Thermo (Blue) - iNOW.ch<\/title>\n<meta name=\"robots\" content=\"index, follow, max-snippet:-1, max-image-preview:large, max-video-preview:-1\" \/>\n<link rel=\"canonical\" href=\"https:\/\/inow.ch\/fr\/produit\/sportway-cycling-classic-jersey-long-sleeve-thermo-blue\/\" \/>\n<meta property=\"og:locale\" content=\"fr_FR\" \/>\n<meta property=\"og:type\" content=\"article\" \/>\n<meta property=\"og:title\" content=\"Sportway Cycling Classic Jersey Long Sleeve Thermo (Blue) - iNOW.ch\" \/>\n<meta property=\"og:description\" content=\"Langarm Cycling Trikot mit k\u00f6pernaher Passform. Elastisches Polyester-Material. Der innen leicht angeraute Stoff reguliert die W\u00e4rme und verleiht dem Trikot einen extrem angenehmen Tragekomfort. Anliegender Stehkragen mit durchgehendem arretierendem Reissverschluss in der Front und praktische 3-fach R\u00fcckentasche. Verl\u00e4ngertes R\u00fcckenteil mit Silikonband.  Dieses langarm Trikot ist bei Hobbysportlern und Velo-Vereinen sehr beliebt. Es ist der perfekte Begleiter f\u00fcr k\u00fchlere Ausfahrten und gibt dir auch beim After-Bike auf der Terrasse noch angenehm warm.\" \/>\n<meta property=\"og:url\" content=\"https:\/\/inow.ch\/fr\/produit\/sportway-cycling-classic-jersey-long-sleeve-thermo-blue\/\" \/>\n<meta property=\"og:site_name\" content=\"iNOW.ch\" \/>\n<meta property=\"article:modified_time\" content=\"2025-04-08T09:54:24+00:00\" \/>\n<meta property=\"og:image\" content=\"https:\/\/inow.ch\/wp-content\/uploads\/2022\/08\/Sportway-Blue-CTM_LS301_C-CYCLING-Classic-Jersey-long-sleeve-Thermo_front.png\" \/>\n\t<meta property=\"og:image:width\" content=\"1000\" \/>\n\t<meta property=\"og:image:height\" content=\"1001\" \/>\n\t<meta property=\"og:image:type\" content=\"image\/png\" \/>\n<meta name=\"twitter:card\" content=\"summary_large_image\" \/>\n<script type=\"application\/ld+json\" class=\"yoast-schema-graph\">{\"@context\":\"https:\/\/schema.org\",\"@graph\":[{\"@type\":\"WebPage\",\"@id\":\"https:\/\/inow.ch\/fr\/produit\/sportway-cycling-classic-jersey-long-sleeve-thermo-blue\/\",\"url\":\"https:\/\/inow.ch\/fr\/produit\/sportway-cycling-classic-jersey-long-sleeve-thermo-blue\/\",\"name\":\"Sportway Cycling Classic Jersey Long Sleeve Thermo (Blue) - iNOW.ch\",\"isPartOf\":{\"@id\":\"https:\/\/inow.ch\/#website\"},\"primaryImageOfPage\":{\"@id\":\"https:\/\/inow.ch\/fr\/produit\/sportway-cycling-classic-jersey-long-sleeve-thermo-blue\/#primaryimage\"},\"image\":{\"@id\":\"https:\/\/inow.ch\/fr\/produit\/sportway-cycling-classic-jersey-long-sleeve-thermo-blue\/#primaryimage\"},\"thumbnailUrl\":\"https:\/\/inow.ch\/wp-content\/uploads\/2022\/08\/Sportway-Blue-CTM_LS301_C-CYCLING-Classic-Jersey-long-sleeve-Thermo_front.png\",\"datePublished\":\"2022-08-15T14:38:23+00:00\",\"dateModified\":\"2025-04-08T09:54:24+00:00\",\"breadcrumb\":{\"@id\":\"https:\/\/inow.ch\/fr\/produit\/sportway-cycling-classic-jersey-long-sleeve-thermo-blue\/#breadcrumb\"},\"inLanguage\":\"fr-FR\",\"potentialAction\":[{\"@type\":\"ReadAction\",\"target\":[\"https:\/\/inow.ch\/fr\/produit\/sportway-cycling-classic-jersey-long-sleeve-thermo-blue\/\"]}]},{\"@type\":\"ImageObject\",\"inLanguage\":\"fr-FR\",\"@id\":\"https:\/\/inow.ch\/fr\/produit\/sportway-cycling-classic-jersey-long-sleeve-thermo-blue\/#primaryimage\",\"url\":\"https:\/\/inow.ch\/wp-content\/uploads\/2022\/08\/Sportway-Blue-CTM_LS301_C-CYCLING-Classic-Jersey-long-sleeve-Thermo_front.png\",\"contentUrl\":\"https:\/\/inow.ch\/wp-content\/uploads\/2022\/08\/Sportway-Blue-CTM_LS301_C-CYCLING-Classic-Jersey-long-sleeve-Thermo_front.png\",\"width\":1000,\"height\":1001},{\"@type\":\"BreadcrumbList\",\"@id\":\"https:\/\/inow.ch\/fr\/produit\/sportway-cycling-classic-jersey-long-sleeve-thermo-blue\/#breadcrumb\",\"itemListElement\":[{\"@type\":\"ListItem\",\"position\":1,\"name\":\"Startseite\",\"item\":\"https:\/\/inow.ch\/\"},{\"@type\":\"ListItem\",\"position\":2,\"name\":\"Shop\",\"item\":\"https:\/\/inow.ch\/fr\/shop\/\"},{\"@type\":\"ListItem\",\"position\":3,\"name\":\"Sportway Cycling Classic Jersey Long Sleeve Thermo (Blue)\"}]},{\"@type\":\"WebSite\",\"@id\":\"https:\/\/inow.ch\/#website\",\"url\":\"https:\/\/inow.ch\/\",\"name\":\"iNOW.ch\",\"description\":\"Teamshops\",\"publisher\":{\"@id\":\"https:\/\/inow.ch\/#organization\"},\"potentialAction\":[{\"@type\":\"SearchAction\",\"target\":{\"@type\":\"EntryPoint\",\"urlTemplate\":\"https:\/\/inow.ch\/?s={search_term_string}\"},\"query-input\":{\"@type\":\"PropertyValueSpecification\",\"valueRequired\":true,\"valueName\":\"search_term_string\"}}],\"inLanguage\":\"fr-FR\"},{\"@type\":\"Organization\",\"@id\":\"https:\/\/inow.ch\/#organization\",\"name\":\"iNOW.ch\",\"url\":\"https:\/\/inow.ch\/\",\"logo\":{\"@type\":\"ImageObject\",\"inLanguage\":\"fr-FR\",\"@id\":\"https:\/\/inow.ch\/#\/schema\/logo\/image\/\",\"url\":\"https:\/\/inow.ch\/wp-content\/uploads\/2021\/08\/210629_Logo_INOW_Pos.png\",\"contentUrl\":\"https:\/\/inow.ch\/wp-content\/uploads\/2021\/08\/210629_Logo_INOW_Pos.png\",\"width\":1749,\"height\":1241,\"caption\":\"iNOW.ch\"},\"image\":{\"@id\":\"https:\/\/inow.ch\/#\/schema\/logo\/image\/\"}}]}<\/script>\n<!-- \/ Yoast SEO plugin. -->","yoast_head_json":{"title":"Sportway Cycling Classic Jersey Long Sleeve Thermo (Blue) - iNOW.ch","robots":{"index":"index","follow":"follow","max-snippet":"max-snippet:-1","max-image-preview":"max-image-preview:large","max-video-preview":"max-video-preview:-1"},"canonical":"https:\/\/inow.ch\/fr\/produit\/sportway-cycling-classic-jersey-long-sleeve-thermo-blue\/","og_locale":"fr_FR","og_type":"article","og_title":"Sportway Cycling Classic Jersey Long Sleeve Thermo (Blue) - iNOW.ch","og_description":"Langarm Cycling Trikot mit k\u00f6pernaher Passform. Elastisches Polyester-Material. Der innen leicht angeraute Stoff reguliert die W\u00e4rme und verleiht dem Trikot einen extrem angenehmen Tragekomfort. Anliegender Stehkragen mit durchgehendem arretierendem Reissverschluss in der Front und praktische 3-fach R\u00fcckentasche. Verl\u00e4ngertes R\u00fcckenteil mit Silikonband.  Dieses langarm Trikot ist bei Hobbysportlern und Velo-Vereinen sehr beliebt. Es ist der perfekte Begleiter f\u00fcr k\u00fchlere Ausfahrten und gibt dir auch beim After-Bike auf der Terrasse noch angenehm warm.","og_url":"https:\/\/inow.ch\/fr\/produit\/sportway-cycling-classic-jersey-long-sleeve-thermo-blue\/","og_site_name":"iNOW.ch","article_modified_time":"2025-04-08T09:54:24+00:00","og_image":[{"width":1000,"height":1001,"url":"https:\/\/inow.ch\/wp-content\/uploads\/2022\/08\/Sportway-Blue-CTM_LS301_C-CYCLING-Classic-Jersey-long-sleeve-Thermo_front.png","type":"image\/png"}],"twitter_card":"summary_large_image","schema":{"@context":"https:\/\/schema.org","@graph":[{"@type":"WebPage","@id":"https:\/\/inow.ch\/fr\/produit\/sportway-cycling-classic-jersey-long-sleeve-thermo-blue\/","url":"https:\/\/inow.ch\/fr\/produit\/sportway-cycling-classic-jersey-long-sleeve-thermo-blue\/","name":"Sportway Cycling Classic Jersey Long Sleeve Thermo (Blue) - iNOW.ch","isPartOf":{"@id":"https:\/\/inow.ch\/#website"},"primaryImageOfPage":{"@id":"https:\/\/inow.ch\/fr\/produit\/sportway-cycling-classic-jersey-long-sleeve-thermo-blue\/#primaryimage"},"image":{"@id":"https:\/\/inow.ch\/fr\/produit\/sportway-cycling-classic-jersey-long-sleeve-thermo-blue\/#primaryimage"},"thumbnailUrl":"https:\/\/inow.ch\/wp-content\/uploads\/2022\/08\/Sportway-Blue-CTM_LS301_C-CYCLING-Classic-Jersey-long-sleeve-Thermo_front.png","datePublished":"2022-08-15T14:38:23+00:00","dateModified":"2025-04-08T09:54:24+00:00","breadcrumb":{"@id":"https:\/\/inow.ch\/fr\/produit\/sportway-cycling-classic-jersey-long-sleeve-thermo-blue\/#breadcrumb"},"inLanguage":"fr-FR","potentialAction":[{"@type":"ReadAction","target":["https:\/\/inow.ch\/fr\/produit\/sportway-cycling-classic-jersey-long-sleeve-thermo-blue\/"]}]},{"@type":"ImageObject","inLanguage":"fr-FR","@id":"https:\/\/inow.ch\/fr\/produit\/sportway-cycling-classic-jersey-long-sleeve-thermo-blue\/#primaryimage","url":"https:\/\/inow.ch\/wp-content\/uploads\/2022\/08\/Sportway-Blue-CTM_LS301_C-CYCLING-Classic-Jersey-long-sleeve-Thermo_front.png","contentUrl":"https:\/\/inow.ch\/wp-content\/uploads\/2022\/08\/Sportway-Blue-CTM_LS301_C-CYCLING-Classic-Jersey-long-sleeve-Thermo_front.png","width":1000,"height":1001},{"@type":"BreadcrumbList","@id":"https:\/\/inow.ch\/fr\/produit\/sportway-cycling-classic-jersey-long-sleeve-thermo-blue\/#breadcrumb","itemListElement":[{"@type":"ListItem","position":1,"name":"Startseite","item":"https:\/\/inow.ch\/"},{"@type":"ListItem","position":2,"name":"Shop","item":"https:\/\/inow.ch\/fr\/shop\/"},{"@type":"ListItem","position":3,"name":"Sportway Cycling Classic Jersey Long Sleeve Thermo (Blue)"}]},{"@type":"WebSite","@id":"https:\/\/inow.ch\/#website","url":"https:\/\/inow.ch\/","name":"iNOW.ch","description":"Magasins de l'\u00e9quipe","publisher":{"@id":"https:\/\/inow.ch\/#organization"},"potentialAction":[{"@type":"SearchAction","target":{"@type":"EntryPoint","urlTemplate":"https:\/\/inow.ch\/?s={search_term_string}"},"query-input":{"@type":"PropertyValueSpecification","valueRequired":true,"valueName":"search_term_string"}}],"inLanguage":"fr-FR"},{"@type":"Organization","@id":"https:\/\/inow.ch\/#organization","name":"iNOW.ch","url":"https:\/\/inow.ch\/","logo":{"@type":"ImageObject","inLanguage":"fr-FR","@id":"https:\/\/inow.ch\/#\/schema\/logo\/image\/","url":"https:\/\/inow.ch\/wp-content\/uploads\/2021\/08\/210629_Logo_INOW_Pos.png","contentUrl":"https:\/\/inow.ch\/wp-content\/uploads\/2021\/08\/210629_Logo_INOW_Pos.png","width":1749,"height":1241,"caption":"iNOW.ch"},"image":{"@id":"https:\/\/inow.ch\/#\/schema\/logo\/image\/"}}]}},"_links":{"self":[{"href":"https:\/\/inow.ch\/fr\/wp-json\/wp\/v2\/product\/12039"}],"collection":[{"href":"https:\/\/inow.ch\/fr\/wp-json\/wp\/v2\/product"}],"about":[{"href":"https:\/\/inow.ch\/fr\/wp-json\/wp\/v2\/types\/product"}],"wp:featuredmedia":[{"embeddable":true,"href":"https:\/\/inow.ch\/fr\/wp-json\/wp\/v2\/media\/12016"}],"wp:attachment":[{"href":"https:\/\/inow.ch\/fr\/wp-json\/wp\/v2\/media?parent=12039"}],"wp:term":[{"taxonomy":"product_brand","embeddable":true,"href":"https:\/\/inow.ch\/fr\/wp-json\/wp\/v2\/product_brand?post=12039"},{"taxonomy":"product_cat","embeddable":true,"href":"https:\/\/inow.ch\/fr\/wp-json\/wp\/v2\/product_cat?post=12039"},{"taxonomy":"product_tag","embeddable":true,"href":"https:\/\/inow.ch\/fr\/wp-json\/wp\/v2\/product_tag?post=12039"}],"curies":[{"name":"wp","href":"https:\/\/api.w.org\/{rel}","templated":true}]}}