{"id":9533,"date":"2022-06-02T13:51:36","date_gmt":"2022-06-02T13:51:36","guid":{"rendered":"https:\/\/inow.ch\/?page_id=9533"},"modified":"2025-04-14T00:14:23","modified_gmt":"2025-04-14T00:14:23","slug":"teamshop","status":"publish","type":"page","link":"https:\/\/inow.ch\/fr\/teamshop\/","title":{"rendered":"Teamshop"},"content":{"rendered":"<div data-elementor-type=\"wp-page\" data-elementor-id=\"9533\" class=\"elementor elementor-9533\" data-elementor-post-type=\"page\">\n\t\t\t\t\t\t<section class=\"elementor-section elementor-top-section elementor-element elementor-element-a70ae51 elementor-section-full_width elementor-section-stretched elementor-section-height-default elementor-section-height-default\" data-id=\"a70ae51\" data-element_type=\"section\" data-settings=\"{&quot;stretch_section&quot;:&quot;section-stretched&quot;}\">\n\t\t\t\t\t\t<div class=\"elementor-container elementor-column-gap-default\">\n\t\t\t\t\t<div class=\"elementor-column elementor-col-50 elementor-top-column elementor-element elementor-element-6d080ae\" data-id=\"6d080ae\" data-element_type=\"column\">\n\t\t\t<div class=\"elementor-widget-wrap elementor-element-populated\">\n\t\t\t\t\t\t<div class=\"elementor-element elementor-element-3883c3ad elementor-cta--skin-cover elementor-cta--valign-middle elementor-widget-mobile__width-initial elementor-invisible elementor-widget elementor-widget-call-to-action\" data-id=\"3883c3ad\" data-element_type=\"widget\" data-settings=\"{&quot;_animation&quot;:&quot;fadeInLeft&quot;}\" data-widget_type=\"call-to-action.default\">\n\t\t\t\t<div class=\"elementor-widget-container\">\n\t\t\t\t\t\t\t<div class=\"elementor-cta\">\n\t\t\t\t\t<div class=\"elementor-cta__bg-wrapper\">\n\t\t\t\t<div class=\"elementor-cta__bg elementor-bg\" style=\"background-image: url(https:\/\/inow.ch\/wp-content\/uploads\/2024\/11\/A121816-Bearbeitet-scaled.jpg);\" role=\"img\" aria-label=\"_A121816-Trait\u00e9\"><\/div>\n\t\t\t\t<div class=\"elementor-cta__bg-overlay\"><\/div>\n\t\t\t<\/div>\n\t\t\t\t\t\t\t<div class=\"elementor-cta__content\">\n\t\t\t\t\n\t\t\t\t\t\t\t\t\t<h1 class=\"elementor-cta__title elementor-cta__content-item elementor-content-item\">\n\t\t\t\t\t\tTeamshop\t\t\t\t\t<\/h1>\n\t\t\t\t\n\t\t\t\t\n\t\t\t\t\t\t\t<\/div>\n\t\t\t\t\t\t<\/div>\n\t\t\t\t\t\t<\/div>\n\t\t\t\t<\/div>\n\t\t\t\t\t<\/div>\n\t\t<\/div>\n\t\t\t\t<div class=\"elementor-column elementor-col-50 elementor-top-column elementor-element elementor-element-662bb1a9\" data-id=\"662bb1a9\" data-element_type=\"column\" data-settings=\"{&quot;background_background&quot;:&quot;classic&quot;,&quot;animation_mobile&quot;:&quot;none&quot;}\">\n\t\t\t<div class=\"elementor-widget-wrap elementor-element-populated\">\n\t\t\t\t\t\t<div class=\"elementor-element elementor-element-37cce53e animated-slow elementor-invisible elementor-widget elementor-widget-image\" data-id=\"37cce53e\" data-element_type=\"widget\" data-settings=\"{&quot;_animation&quot;:&quot;fadeIn&quot;}\" data-widget_type=\"image.default\">\n\t\t\t\t<div class=\"elementor-widget-container\">\n\t\t\t\t\t\t\t\t\t\t\t\t\t\t\t<img fetchpriority=\"high\" decoding=\"async\" width=\"530\" height=\"528\" src=\"https:\/\/inow.ch\/wp-content\/uploads\/2022\/03\/Pattern.svg\" class=\"attachment-full size-full wp-image-8797\" alt=\"\" \/>\t\t\t\t\t\t\t\t\t\t\t\t\t\t\t<\/div>\n\t\t\t\t<\/div>\n\t\t\t\t\t<\/div>\n\t\t<\/div>\n\t\t\t\t\t<\/div>\n\t\t<\/section>\n\t\t\t\t<section class=\"elementor-section elementor-top-section elementor-element elementor-element-2da47e70 elementor-section-full_width elementor-section-stretched elementor-section-height-default elementor-section-height-default elementor-invisible\" data-id=\"2da47e70\" data-element_type=\"section\" data-settings=\"{&quot;stretch_section&quot;:&quot;section-stretched&quot;,&quot;animation&quot;:&quot;fadeIn&quot;}\">\n\t\t\t\t\t\t<div class=\"elementor-container elementor-column-gap-default\">\n\t\t\t\t\t<div class=\"elementor-column elementor-col-50 elementor-top-column elementor-element elementor-element-69cbb5d9\" data-id=\"69cbb5d9\" data-element_type=\"column\">\n\t\t\t<div class=\"elementor-widget-wrap elementor-element-populated\">\n\t\t\t\t\t\t<div class=\"elementor-element elementor-element-25828c1e elementor-widget elementor-widget-heading\" data-id=\"25828c1e\" data-element_type=\"widget\" data-widget_type=\"heading.default\">\n\t\t\t\t<div class=\"elementor-widget-container\">\n\t\t\t\t\t<h4 class=\"elementor-heading-title elementor-size-default\">Vers la boutique de mon \u00e9quipe<\/h4>\t\t\t\t<\/div>\n\t\t\t\t<\/div>\n\t\t\t\t<div class=\"elementor-element elementor-element-21437963 elementor-widget-mobile__width-initial elementor-widget elementor-widget-text-editor\" data-id=\"21437963\" data-element_type=\"widget\" data-widget_type=\"text-editor.default\">\n\t\t\t\t<div class=\"elementor-widget-container\">\n\t\t\t\t\t\t\t\t\t<p><span style=\"font-family: nimbus-sans, sans-serif; font-size: 16px; font-style: normal; font-variant-ligatures: normal; font-variant-caps: normal; font-weight: 400;\">Pour pouvoir ouvrir ta boutique en ligne, tu dois t'enregistrer une fois pour toutes dans ta boutique en ligne et te connecter. Ta boutique d'\u00e9quipe appara\u00eet alors automatiquement dans le menu sous Teamshop.<\/span><\/p>\t\t\t\t\t\t\t\t<\/div>\n\t\t\t\t<\/div>\n\t\t\t\t<div class=\"elementor-element elementor-element-e97814d elementor-widget elementor-widget-button\" data-id=\"e97814d\" data-element_type=\"widget\" data-widget_type=\"button.default\">\n\t\t\t\t<div class=\"elementor-widget-container\">\n\t\t\t\t\t\t\t\t\t<div class=\"elementor-button-wrapper\">\n\t\t\t\t\t<a class=\"elementor-button elementor-button-link elementor-size-sm\" href=\"https:\/\/inow.ch\/fr\/mein-konto\/\">\n\t\t\t\t\t\t<span class=\"elementor-button-content-wrapper\">\n\t\t\t\t\t\t\t\t\t<span class=\"elementor-button-text\">Vers le login<\/span>\n\t\t\t\t\t<\/span>\n\t\t\t\t\t<\/a>\n\t\t\t\t<\/div>\n\t\t\t\t\t\t\t\t<\/div>\n\t\t\t\t<\/div>\n\t\t\t\t<div class=\"elementor-element elementor-element-6a13872 elementor-widget elementor-widget-spacer\" data-id=\"6a13872\" data-element_type=\"widget\" data-widget_type=\"spacer.default\">\n\t\t\t\t<div class=\"elementor-widget-container\">\n\t\t\t\t\t\t\t<div class=\"elementor-spacer\">\n\t\t\t<div class=\"elementor-spacer-inner\"><\/div>\n\t\t<\/div>\n\t\t\t\t\t\t<\/div>\n\t\t\t\t<\/div>\n\t\t\t\t<div class=\"elementor-element elementor-element-ded570c elementor-widget elementor-widget-heading\" data-id=\"ded570c\" data-element_type=\"widget\" data-widget_type=\"heading.default\">\n\t\t\t\t<div class=\"elementor-widget-container\">\n\t\t\t\t\t<h2 class=\"elementor-heading-title elementor-size-default\">Qu'est-ce qu'un Teamshop?<\/h2>\t\t\t\t<\/div>\n\t\t\t\t<\/div>\n\t\t\t\t<div class=\"elementor-element elementor-element-89a75eb elementor-widget elementor-widget-text-editor\" data-id=\"89a75eb\" data-element_type=\"widget\" data-widget_type=\"text-editor.default\">\n\t\t\t\t<div class=\"elementor-widget-container\">\n\t\t\t\t\t\t\t\t\t<p><span style=\"font-family: nimbus-sans, sans-serif; font-size: 16px; font-style: normal; font-variant-ligatures: normal; font-variant-caps: normal; font-weight: 400; color: var( --e-global-color-text );\">Une boutique d'\u00e9quipe est une boutique en ligne cr\u00e9\u00e9e sp\u00e9cialement pour toi, ton club, ton entreprise ou ton \u00e9quipe.<\/span><\/p><p><span style=\"font-family: nimbus-sans, sans-serif; font-size: 16px; font-style: normal; font-variant-ligatures: normal; font-variant-caps: normal; font-weight: 400; color: var( --e-global-color-text );\">Si, en tant que responsable du mat\u00e9riel, tu as d\u00e9fini pr\u00e9cis\u00e9ment les produits et le design que tu souhaites proposer \u00e0 tes membres\/collaborateurs\/clients, nous cr\u00e9ons pour toi une boutique en ligne avec tes propres produits. Le Teamshop est cr\u00e9\u00e9 gratuitement pour toi \u00e0 partir d'une valeur de commande de CHF 2'000.00 ou EUR 2'000.00.<\/span><\/p>\t\t\t\t\t\t\t\t<\/div>\n\t\t\t\t<\/div>\n\t\t\t\t\t<\/div>\n\t\t<\/div>\n\t\t\t\t<div class=\"elementor-column elementor-col-50 elementor-top-column elementor-element elementor-element-59d2eb81\" data-id=\"59d2eb81\" data-element_type=\"column\">\n\t\t\t<div class=\"elementor-widget-wrap elementor-element-populated\">\n\t\t\t\t\t\t<div class=\"elementor-element elementor-element-42e6b791 elementor-widget elementor-widget-image\" data-id=\"42e6b791\" data-element_type=\"widget\" data-widget_type=\"image.default\">\n\t\t\t\t<div class=\"elementor-widget-container\">\n\t\t\t\t\t\t\t\t\t\t\t\t\t\t\t<img decoding=\"async\" width=\"1689\" height=\"770\" src=\"https:\/\/inow.ch\/wp-content\/uploads\/2023\/03\/Teamshop2.jpg\" class=\"attachment-full size-full wp-image-13779\" alt=\"\" srcset=\"https:\/\/inow.ch\/wp-content\/uploads\/2023\/03\/Teamshop2.jpg 1689w, https:\/\/inow.ch\/wp-content\/uploads\/2023\/03\/Teamshop2-300x137.jpg 300w, https:\/\/inow.ch\/wp-content\/uploads\/2023\/03\/Teamshop2-1024x467.jpg 1024w, https:\/\/inow.ch\/wp-content\/uploads\/2023\/03\/Teamshop2-768x350.jpg 768w, https:\/\/inow.ch\/wp-content\/uploads\/2023\/03\/Teamshop2-1536x700.jpg 1536w, https:\/\/inow.ch\/wp-content\/uploads\/2023\/03\/Teamshop2-18x8.jpg 18w, https:\/\/inow.ch\/wp-content\/uploads\/2023\/03\/Teamshop2-600x274.jpg 600w\" sizes=\"(max-width: 1689px) 100vw, 1689px\" \/>\t\t\t\t\t\t\t\t\t\t\t\t\t\t\t<\/div>\n\t\t\t\t<\/div>\n\t\t\t\t<div class=\"elementor-element elementor-element-706f558c elementor-widget elementor-widget-image\" data-id=\"706f558c\" data-element_type=\"widget\" data-widget_type=\"image.default\">\n\t\t\t\t<div class=\"elementor-widget-container\">\n\t\t\t\t\t\t\t\t\t\t\t\t\t\t\t<img decoding=\"async\" width=\"530\" height=\"528\" src=\"https:\/\/inow.ch\/wp-content\/uploads\/2022\/03\/Pattern.svg\" class=\"attachment-large size-large wp-image-8797\" alt=\"\" \/>\t\t\t\t\t\t\t\t\t\t\t\t\t\t\t<\/div>\n\t\t\t\t<\/div>\n\t\t\t\t<div class=\"elementor-element elementor-element-25120a51 elementor-widget elementor-widget-spacer\" data-id=\"25120a51\" data-element_type=\"widget\" data-widget_type=\"spacer.default\">\n\t\t\t\t<div class=\"elementor-widget-container\">\n\t\t\t\t\t\t\t<div class=\"elementor-spacer\">\n\t\t\t<div class=\"elementor-spacer-inner\"><\/div>\n\t\t<\/div>\n\t\t\t\t\t\t<\/div>\n\t\t\t\t<\/div>\n\t\t\t\t\t<\/div>\n\t\t<\/div>\n\t\t\t\t\t<\/div>\n\t\t<\/section>\n\t\t\t\t<section class=\"elementor-section elementor-top-section elementor-element elementor-element-c1049c9 elementor-section-full_width elementor-section-stretched elementor-section-height-default elementor-section-height-default elementor-invisible\" data-id=\"c1049c9\" data-element_type=\"section\" data-settings=\"{&quot;stretch_section&quot;:&quot;section-stretched&quot;,&quot;animation&quot;:&quot;fadeIn&quot;}\">\n\t\t\t\t\t\t<div class=\"elementor-container elementor-column-gap-default\">\n\t\t\t\t\t<div class=\"elementor-column elementor-col-50 elementor-top-column elementor-element elementor-element-aef08d4\" data-id=\"aef08d4\" data-element_type=\"column\">\n\t\t\t<div class=\"elementor-widget-wrap elementor-element-populated\">\n\t\t\t\t\t\t<div class=\"elementor-element elementor-element-9c1561e elementor-widget elementor-widget-heading\" data-id=\"9c1561e\" data-element_type=\"widget\" data-widget_type=\"heading.default\">\n\t\t\t\t<div class=\"elementor-widget-container\">\n\t\t\t\t\t<h2 class=\"elementor-heading-title elementor-size-default\">Qui peut faire des achats dans la boutique de ton \u00e9quipe ?<\/h2>\t\t\t\t<\/div>\n\t\t\t\t<\/div>\n\t\t\t\t<div class=\"elementor-element elementor-element-8378736 elementor-widget-mobile__width-initial elementor-widget elementor-widget-text-editor\" data-id=\"8378736\" data-element_type=\"widget\" data-widget_type=\"text-editor.default\">\n\t\t\t\t<div class=\"elementor-widget-container\">\n\t\t\t\t\t\t\t\t\t<p><span style=\"font-family: nimbus-sans, sans-serif; font-size: 16px; font-style: normal; font-variant-ligatures: normal; font-variant-caps: normal; font-weight: 400;\">D\u00e8s que ta boutique d'\u00e9quipe a \u00e9t\u00e9 cr\u00e9\u00e9, tu re\u00e7ois, en tant que responsable du mat\u00e9riel, un lien qui m\u00e8ne directement \u00e0 la page de connexion de ton teamshop. Tu peux envoyer ce lien \u00e0 tes membres\/collaborateurs\/clients pour que chacun puisse cr\u00e9er son login personnel et commander facilement en ligne.<\/span><\/p>\t\t\t\t\t\t\t\t<\/div>\n\t\t\t\t<\/div>\n\t\t\t\t\t<\/div>\n\t\t<\/div>\n\t\t\t\t<div class=\"elementor-column elementor-col-50 elementor-top-column elementor-element elementor-element-c971988\" data-id=\"c971988\" data-element_type=\"column\">\n\t\t\t<div class=\"elementor-widget-wrap elementor-element-populated\">\n\t\t\t\t\t\t<div class=\"elementor-element elementor-element-43ab2d6 elementor-widget-mobile__width-initial elementor-widget elementor-widget-heading\" data-id=\"43ab2d6\" data-element_type=\"widget\" data-widget_type=\"heading.default\">\n\t\t\t\t<div class=\"elementor-widget-container\">\n\t\t\t\t\t<h2 class=\"elementor-heading-title elementor-size-default\">P\u00e9riodes d'ouverture de ta boutique d'\u00e9quipe<\/h2>\t\t\t\t<\/div>\n\t\t\t\t<\/div>\n\t\t\t\t<div class=\"elementor-element elementor-element-951b023 elementor-widget elementor-widget-text-editor\" data-id=\"951b023\" data-element_type=\"widget\" data-widget_type=\"text-editor.default\">\n\t\t\t\t<div class=\"elementor-widget-container\">\n\t\t\t\t\t\t\t\t\t<p><span style=\"font-family: nimbus-sans, sans-serif; font-size: 16px; font-style: normal; font-variant-ligatures: normal; font-variant-caps: normal; font-weight: 400;\">Les produits de ta boutique en ligne sont rassembl\u00e9s et produits sur commande. Comme la commande doit \u00eatre envoy\u00e9e en production \u00e0 un certain moment pour arriver ensuite \u00e0 temps chez toi, chaque boutique a des p\u00e9riodes d'ouverture pr\u00e9d\u00e9finies. Les dates d'ouverture ou de fermeture sont fix\u00e9es par la personne responsable du mat\u00e9riel. Si ton teamshop n'est soudainement plus accessible, il se peut que les p\u00e9riodes d'ouverture soient pass\u00e9es et que le shop soit maintenant ferm\u00e9.<\/span><\/p>\t\t\t\t\t\t\t\t<\/div>\n\t\t\t\t<\/div>\n\t\t\t\t\t<\/div>\n\t\t<\/div>\n\t\t\t\t\t<\/div>\n\t\t<\/section>\n\t\t\t\t<\/div>","protected":false},"excerpt":{"rendered":"<p>Teamshop Vers mon Teamshop Pour pouvoir ouvrir ton Teamshop, tu dois t'\u00eatre enregistr\u00e9 une fois pour toutes dans ton Teamshop et \u00eatre connect\u00e9. Ton magasin d'\u00e9quipe appara\u00eet alors automatiquement dans le menu sous magasin d'\u00e9quipe. Vers le login Qu'est-ce qu'une boutique d'\u00e9quipe ? Un teamshop est un Shop en ligne cr\u00e9\u00e9 sp\u00e9cialement pour toi ou ton association, ton entreprise ou ton \u00e9quipe [...].<\/p>","protected":false},"author":1,"featured_media":0,"parent":0,"menu_order":4,"comment_status":"closed","ping_status":"closed","template":"","meta":{"_acf_changed":false,"ocean_post_layout":"","ocean_both_sidebars_style":"","ocean_both_sidebars_content_width":0,"ocean_both_sidebars_sidebars_width":0,"ocean_sidebar":"0","ocean_second_sidebar":"0","ocean_disable_margins":"enable","ocean_add_body_class":"","ocean_shortcode_before_top_bar":"","ocean_shortcode_after_top_bar":"","ocean_shortcode_before_header":"","ocean_shortcode_after_header":"","ocean_has_shortcode":"","ocean_shortcode_after_title":"","ocean_shortcode_before_footer_widgets":"","ocean_shortcode_after_footer_widgets":"","ocean_shortcode_before_footer_bottom":"","ocean_shortcode_after_footer_bottom":"","ocean_display_top_bar":"default","ocean_display_header":"default","ocean_header_style":"","ocean_center_header_left_menu":"0","ocean_custom_header_template":"0","ocean_custom_logo":0,"ocean_custom_retina_logo":0,"ocean_custom_logo_max_width":0,"ocean_custom_logo_tablet_max_width":0,"ocean_custom_logo_mobile_max_width":0,"ocean_custom_logo_max_height":0,"ocean_custom_logo_tablet_max_height":0,"ocean_custom_logo_mobile_max_height":0,"ocean_header_custom_menu":"0","ocean_menu_typo_font_family":"0","ocean_menu_typo_font_subset":"","ocean_menu_typo_font_size":0,"ocean_menu_typo_font_size_tablet":0,"ocean_menu_typo_font_size_mobile":0,"ocean_menu_typo_font_size_unit":"px","ocean_menu_typo_font_weight":"","ocean_menu_typo_font_weight_tablet":"","ocean_menu_typo_font_weight_mobile":"","ocean_menu_typo_transform":"","ocean_menu_typo_transform_tablet":"","ocean_menu_typo_transform_mobile":"","ocean_menu_typo_line_height":0,"ocean_menu_typo_line_height_tablet":0,"ocean_menu_typo_line_height_mobile":0,"ocean_menu_typo_line_height_unit":"","ocean_menu_typo_spacing":0,"ocean_menu_typo_spacing_tablet":0,"ocean_menu_typo_spacing_mobile":0,"ocean_menu_typo_spacing_unit":"","ocean_menu_link_color":"","ocean_menu_link_color_hover":"","ocean_menu_link_color_active":"","ocean_menu_link_background":"","ocean_menu_link_hover_background":"","ocean_menu_link_active_background":"","ocean_menu_social_links_bg":"","ocean_menu_social_hover_links_bg":"","ocean_menu_social_links_color":"","ocean_menu_social_hover_links_color":"","ocean_disable_title":"on","ocean_disable_heading":"default","ocean_post_title":"","ocean_post_subheading":"","ocean_post_title_style":"","ocean_post_title_background_color":"","ocean_post_title_background":0,"ocean_post_title_bg_image_position":"","ocean_post_title_bg_image_attachment":"","ocean_post_title_bg_image_repeat":"","ocean_post_title_bg_image_size":"","ocean_post_title_height":0,"ocean_post_title_bg_overlay":0.5,"ocean_post_title_bg_overlay_color":"","ocean_disable_breadcrumbs":"default","ocean_breadcrumbs_color":"","ocean_breadcrumbs_separator_color":"","ocean_breadcrumbs_links_color":"","ocean_breadcrumbs_links_hover_color":"","ocean_display_footer_widgets":"default","ocean_display_footer_bottom":"default","ocean_custom_footer_template":"0","footnotes":""},"class_list":["post-9533","page","type-page","status-publish","hentry","entry","owp-thumbs-layout-horizontal","owp-btn-normal","owp-tabs-layout-horizontal","has-no-thumbnails"],"acf":[],"yoast_head":"<!-- This site is optimized with the Yoast SEO plugin v24.8.1 - https:\/\/yoast.com\/wordpress\/plugins\/seo\/ -->\n<title>Teamshop - iNOW.ch<\/title>\n<meta name=\"description\" content=\"Wir produzieren nicht nur Sportbekleidung, wir ziehen sie auch gleich selbst an. Das iNow Team lebt Running, Cycling und Triathlon.\" \/>\n<meta name=\"robots\" content=\"index, follow, max-snippet:-1, max-image-preview:large, max-video-preview:-1\" \/>\n<link rel=\"canonical\" href=\"https:\/\/inow.ch\/fr\/teamshop\/\" \/>\n<meta property=\"og:locale\" content=\"fr_FR\" \/>\n<meta property=\"og:type\" content=\"article\" \/>\n<meta property=\"og:title\" content=\"Teamshop - iNOW.ch\" \/>\n<meta property=\"og:description\" content=\"Wir produzieren nicht nur Sportbekleidung, wir ziehen sie auch gleich selbst an. Das iNow Team lebt Running, Cycling und Triathlon.\" \/>\n<meta property=\"og:url\" content=\"https:\/\/inow.ch\/fr\/teamshop\/\" \/>\n<meta property=\"og:site_name\" content=\"iNOW.ch\" \/>\n<meta property=\"article:modified_time\" content=\"2025-04-14T00:14:23+00:00\" \/>\n<meta name=\"twitter:card\" content=\"summary_large_image\" \/>\n<meta name=\"twitter:label1\" content=\"Dur\u00e9e de lecture estim\u00e9e\" \/>\n\t<meta name=\"twitter:data1\" content=\"2 minutes\" \/>\n<script type=\"application\/ld+json\" class=\"yoast-schema-graph\">{\"@context\":\"https:\/\/schema.org\",\"@graph\":[{\"@type\":\"WebPage\",\"@id\":\"https:\/\/inow.ch\/teamshop\/\",\"url\":\"https:\/\/inow.ch\/teamshop\/\",\"name\":\"Teamshop - iNOW.ch\",\"isPartOf\":{\"@id\":\"https:\/\/inow.ch\/#website\"},\"primaryImageOfPage\":{\"@id\":\"https:\/\/inow.ch\/teamshop\/#primaryimage\"},\"image\":{\"@id\":\"https:\/\/inow.ch\/teamshop\/#primaryimage\"},\"thumbnailUrl\":\"http:\/\/inow.ch\/wp-content\/uploads\/2022\/03\/Pattern.svg\",\"datePublished\":\"2022-06-02T13:51:36+00:00\",\"dateModified\":\"2025-04-14T00:14:23+00:00\",\"description\":\"Wir produzieren nicht nur Sportbekleidung, wir ziehen sie auch gleich selbst an. Das iNow Team lebt Running, Cycling und Triathlon.\",\"breadcrumb\":{\"@id\":\"https:\/\/inow.ch\/teamshop\/#breadcrumb\"},\"inLanguage\":\"fr-FR\",\"potentialAction\":[{\"@type\":\"ReadAction\",\"target\":[\"https:\/\/inow.ch\/teamshop\/\"]}]},{\"@type\":\"ImageObject\",\"inLanguage\":\"fr-FR\",\"@id\":\"https:\/\/inow.ch\/teamshop\/#primaryimage\",\"url\":\"http:\/\/inow.ch\/wp-content\/uploads\/2022\/03\/Pattern.svg\",\"contentUrl\":\"http:\/\/inow.ch\/wp-content\/uploads\/2022\/03\/Pattern.svg\"},{\"@type\":\"BreadcrumbList\",\"@id\":\"https:\/\/inow.ch\/teamshop\/#breadcrumb\",\"itemListElement\":[{\"@type\":\"ListItem\",\"position\":1,\"name\":\"Startseite\",\"item\":\"https:\/\/inow.ch\/\"},{\"@type\":\"ListItem\",\"position\":2,\"name\":\"Teamshop\"}]},{\"@type\":\"WebSite\",\"@id\":\"https:\/\/inow.ch\/#website\",\"url\":\"https:\/\/inow.ch\/\",\"name\":\"iNOW.ch\",\"description\":\"Teamshops\",\"publisher\":{\"@id\":\"https:\/\/inow.ch\/#organization\"},\"potentialAction\":[{\"@type\":\"SearchAction\",\"target\":{\"@type\":\"EntryPoint\",\"urlTemplate\":\"https:\/\/inow.ch\/?s={search_term_string}\"},\"query-input\":{\"@type\":\"PropertyValueSpecification\",\"valueRequired\":true,\"valueName\":\"search_term_string\"}}],\"inLanguage\":\"fr-FR\"},{\"@type\":\"Organization\",\"@id\":\"https:\/\/inow.ch\/#organization\",\"name\":\"iNOW.ch\",\"url\":\"https:\/\/inow.ch\/\",\"logo\":{\"@type\":\"ImageObject\",\"inLanguage\":\"fr-FR\",\"@id\":\"https:\/\/inow.ch\/#\/schema\/logo\/image\/\",\"url\":\"https:\/\/inow.ch\/wp-content\/uploads\/2021\/08\/210629_Logo_INOW_Pos.png\",\"contentUrl\":\"https:\/\/inow.ch\/wp-content\/uploads\/2021\/08\/210629_Logo_INOW_Pos.png\",\"width\":1749,\"height\":1241,\"caption\":\"iNOW.ch\"},\"image\":{\"@id\":\"https:\/\/inow.ch\/#\/schema\/logo\/image\/\"}}]}<\/script>\n<!-- \/ Yoast SEO plugin. -->","yoast_head_json":{"title":"Boutique de l'\u00e9quipe - iNOW.ch","description":"Nous ne nous contentons pas de produire des v\u00eatements de sport, nous les mettons nous-m\u00eames. L'\u00e9quipe iNow vit le running, le Cycling et le triathlon.","robots":{"index":"index","follow":"follow","max-snippet":"max-snippet:-1","max-image-preview":"max-image-preview:large","max-video-preview":"max-video-preview:-1"},"canonical":"https:\/\/inow.ch\/fr\/teamshop\/","og_locale":"fr_FR","og_type":"article","og_title":"Teamshop - iNOW.ch","og_description":"Wir produzieren nicht nur Sportbekleidung, wir ziehen sie auch gleich selbst an. Das iNow Team lebt Running, Cycling und Triathlon.","og_url":"https:\/\/inow.ch\/fr\/teamshop\/","og_site_name":"iNOW.ch","article_modified_time":"2025-04-14T00:14:23+00:00","twitter_card":"summary_large_image","twitter_misc":{"Dur\u00e9e de lecture estim\u00e9e":"2 minutes"},"schema":{"@context":"https:\/\/schema.org","@graph":[{"@type":"WebPage","@id":"https:\/\/inow.ch\/teamshop\/","url":"https:\/\/inow.ch\/teamshop\/","name":"Boutique de l'\u00e9quipe - iNOW.ch","isPartOf":{"@id":"https:\/\/inow.ch\/#website"},"primaryImageOfPage":{"@id":"https:\/\/inow.ch\/teamshop\/#primaryimage"},"image":{"@id":"https:\/\/inow.ch\/teamshop\/#primaryimage"},"thumbnailUrl":"http:\/\/inow.ch\/wp-content\/uploads\/2022\/03\/Pattern.svg","datePublished":"2022-06-02T13:51:36+00:00","dateModified":"2025-04-14T00:14:23+00:00","description":"Nous ne nous contentons pas de produire des v\u00eatements de sport, nous les mettons nous-m\u00eames. L'\u00e9quipe iNow vit le running, le Cycling et le triathlon.","breadcrumb":{"@id":"https:\/\/inow.ch\/teamshop\/#breadcrumb"},"inLanguage":"fr-FR","potentialAction":[{"@type":"ReadAction","target":["https:\/\/inow.ch\/teamshop\/"]}]},{"@type":"ImageObject","inLanguage":"fr-FR","@id":"https:\/\/inow.ch\/teamshop\/#primaryimage","url":"http:\/\/inow.ch\/wp-content\/uploads\/2022\/03\/Pattern.svg","contentUrl":"http:\/\/inow.ch\/wp-content\/uploads\/2022\/03\/Pattern.svg"},{"@type":"BreadcrumbList","@id":"https:\/\/inow.ch\/teamshop\/#breadcrumb","itemListElement":[{"@type":"ListItem","position":1,"name":"Startseite","item":"https:\/\/inow.ch\/"},{"@type":"ListItem","position":2,"name":"Teamshop"}]},{"@type":"WebSite","@id":"https:\/\/inow.ch\/#website","url":"https:\/\/inow.ch\/","name":"iNOW.ch","description":"Magasins de l'\u00e9quipe","publisher":{"@id":"https:\/\/inow.ch\/#organization"},"potentialAction":[{"@type":"SearchAction","target":{"@type":"EntryPoint","urlTemplate":"https:\/\/inow.ch\/?s={search_term_string}"},"query-input":{"@type":"PropertyValueSpecification","valueRequired":true,"valueName":"search_term_string"}}],"inLanguage":"fr-FR"},{"@type":"Organization","@id":"https:\/\/inow.ch\/#organization","name":"iNOW.ch","url":"https:\/\/inow.ch\/","logo":{"@type":"ImageObject","inLanguage":"fr-FR","@id":"https:\/\/inow.ch\/#\/schema\/logo\/image\/","url":"https:\/\/inow.ch\/wp-content\/uploads\/2021\/08\/210629_Logo_INOW_Pos.png","contentUrl":"https:\/\/inow.ch\/wp-content\/uploads\/2021\/08\/210629_Logo_INOW_Pos.png","width":1749,"height":1241,"caption":"iNOW.ch"},"image":{"@id":"https:\/\/inow.ch\/#\/schema\/logo\/image\/"}}]}},"_links":{"self":[{"href":"https:\/\/inow.ch\/fr\/wp-json\/wp\/v2\/pages\/9533"}],"collection":[{"href":"https:\/\/inow.ch\/fr\/wp-json\/wp\/v2\/pages"}],"about":[{"href":"https:\/\/inow.ch\/fr\/wp-json\/wp\/v2\/types\/page"}],"author":[{"embeddable":true,"href":"https:\/\/inow.ch\/fr\/wp-json\/wp\/v2\/users\/1"}],"replies":[{"embeddable":true,"href":"https:\/\/inow.ch\/fr\/wp-json\/wp\/v2\/comments?post=9533"}],"version-history":[{"count":27,"href":"https:\/\/inow.ch\/fr\/wp-json\/wp\/v2\/pages\/9533\/revisions"}],"predecessor-version":[{"id":30776,"href":"https:\/\/inow.ch\/fr\/wp-json\/wp\/v2\/pages\/9533\/revisions\/30776"}],"wp:attachment":[{"href":"https:\/\/inow.ch\/fr\/wp-json\/wp\/v2\/media?parent=9533"}],"curies":[{"name":"wp","href":"https:\/\/api.w.org\/{rel}","templated":true}]}}