{"id":7782,"date":"2022-01-26T11:34:55","date_gmt":"2022-01-26T11:34:55","guid":{"rendered":"https:\/\/inow.ch\/?page_id=7782"},"modified":"2025-03-11T07:39:49","modified_gmt":"2025-03-11T07:39:49","slug":"bambuszellstoff","status":"publish","type":"page","link":"https:\/\/inow.ch\/fr\/bambuszellstoff\/","title":{"rendered":"P\u00e2te de bambou"},"content":{"rendered":"<div data-elementor-type=\"wp-page\" data-elementor-id=\"7782\" class=\"elementor elementor-7782\" data-elementor-post-type=\"page\">\n\t\t\t\t\t\t<section class=\"elementor-section elementor-top-section elementor-element elementor-element-a70ae51 elementor-section-stretched elementor-section-boxed elementor-section-height-default elementor-section-height-default\" data-id=\"a70ae51\" data-element_type=\"section\" data-settings=\"{&quot;stretch_section&quot;:&quot;section-stretched&quot;}\">\n\t\t\t\t\t\t<div class=\"elementor-container elementor-column-gap-default\">\n\t\t\t\t\t<div class=\"elementor-column elementor-col-100 elementor-top-column elementor-element elementor-element-6d080ae\" data-id=\"6d080ae\" data-element_type=\"column\">\n\t\t\t<div class=\"elementor-widget-wrap elementor-element-populated\">\n\t\t\t\t\t\t<div class=\"elementor-element elementor-element-3883c3ad elementor-cta--skin-cover elementor-invisible elementor-widget elementor-widget-call-to-action\" data-id=\"3883c3ad\" data-element_type=\"widget\" data-settings=\"{&quot;_animation&quot;:&quot;fadeInLeft&quot;}\" data-widget_type=\"call-to-action.default\">\n\t\t\t\t<div class=\"elementor-widget-container\">\n\t\t\t\t\t\t\t<div class=\"elementor-cta\">\n\t\t\t\t\t<div class=\"elementor-cta__bg-wrapper\">\n\t\t\t\t<div class=\"elementor-cta__bg elementor-bg\" style=\"background-image: url(https:\/\/inow.ch\/wp-content\/uploads\/2022\/01\/minh-tri-BcO5sXNU-bA-unsplash-scaled.jpg);\" role=\"img\" aria-label=\"Feuilles de bambou sur fond de ciel bleu\"><\/div>\n\t\t\t\t<div class=\"elementor-cta__bg-overlay\"><\/div>\n\t\t\t<\/div>\n\t\t\t\t\t\t\t<div class=\"elementor-cta__content\">\n\t\t\t\t\n\t\t\t\t\t\t\t\t\t<h1 class=\"elementor-cta__title elementor-cta__content-item elementor-content-item\">\n\t\t\t\t\t\tTissu \u00e9cologique en bambou\t\t\t\t\t<\/h1>\n\t\t\t\t\n\t\t\t\t\t\t\t\t\t<div class=\"elementor-cta__description elementor-cta__content-item elementor-content-item\">\n\t\t\t\t\t\tLa base id\u00e9ale pour la fabrication de tissus durables\t\t\t\t\t<\/div>\n\t\t\t\t\n\t\t\t\t\t\t\t<\/div>\n\t\t\t\t\t\t<\/div>\n\t\t\t\t\t\t<\/div>\n\t\t\t\t<\/div>\n\t\t\t\t\t<\/div>\n\t\t<\/div>\n\t\t\t\t\t<\/div>\n\t\t<\/section>\n\t\t\t\t<section class=\"elementor-section elementor-top-section elementor-element elementor-element-2da47e70 elementor-section-stretched elementor-section-boxed elementor-section-height-default elementor-section-height-default elementor-invisible\" data-id=\"2da47e70\" data-element_type=\"section\" data-settings=\"{&quot;stretch_section&quot;:&quot;section-stretched&quot;,&quot;animation&quot;:&quot;fadeIn&quot;}\">\n\t\t\t\t\t\t<div class=\"elementor-container elementor-column-gap-default\">\n\t\t\t\t\t<div class=\"elementor-column elementor-col-50 elementor-top-column elementor-element elementor-element-69cbb5d9\" data-id=\"69cbb5d9\" data-element_type=\"column\">\n\t\t\t<div class=\"elementor-widget-wrap elementor-element-populated\">\n\t\t\t\t\t\t<div class=\"elementor-element elementor-element-aec74ec elementor-widget elementor-widget-text-editor\" data-id=\"aec74ec\" data-element_type=\"widget\" data-widget_type=\"text-editor.default\">\n\t\t\t\t<div class=\"elementor-widget-container\">\n\t\t\t\t\t\t\t\t\t<p class=\"lead\">Depuis quelques ann\u00e9es, on parle d'un boom du bambou dans la production textile. Et ce, surtout parce que l'industrie de l'habillement est critiqu\u00e9e pour \u00eatre l'un des plus gros pollueurs. Le gaspillage de l'eau et la surproduction de d\u00e9chets textiles sont consid\u00e9r\u00e9s comme les probl\u00e8mes les plus importants.<\/p>\n<p class=\"lead\">Mais les \u00e9cologistes s'int\u00e9ressent aussi, \u00e0 juste titre, \u00e0 la production. C'est pourquoi l'appel au recyclage et aux tissus fabriqu\u00e9s \u00e0 partir de mat\u00e9riaux durables se fait de plus en plus pressant.<\/p>\n<p>Les textiles fabriqu\u00e9s \u00e0 partir de tissu de bambou font partie de ces nouveaux tissus. Et ce, bien qu'ici aussi, le processus de transformation soit remis en question. Mais le grand avantage est que le bambou, en tant que mat\u00e9riau de base, peut \u00eatre r\u00e9colt\u00e9 de mani\u00e8re naturelle dans presque toutes les r\u00e9gions du monde.<\/p>\n<p>Cette plante prolifique robuste est toujours peu exigeante et r\u00e9sistante. Elle pr\u00e9serve les ressources mondiales en eau et contribue \u00e0 l'\u00e9quilibre des \u00e9missions de CO2. Surtout, le bambou \u00e9tonne par sa vitesse de croissance \u00e9norme et ne doit donc pas \u00eatre plant\u00e9 artificiellement.<\/p>\n<p>Comme le bambou fait partie des ressources qui se renouvellent le plus rapidement sur terre, il est souvent possible de renoncer \u00e0 des transports co\u00fbteux de mati\u00e8res premi\u00e8res. En effet, le bois peut \u00eatre coup\u00e9 sur le lieu de transformation. C'est pourquoi le bambou est la base id\u00e9ale pour la fabrication de tissus durables dans l'industrie textile.<\/p>\n<p>Chez iNOW, nous utilisons le tissu cellulaire en bambou, tr\u00e8s appr\u00e9ci\u00e9, notamment pour notre maillot MTB Classic. Les avantages sont \u00e9vidents : le mat\u00e9riau en bambou est en effet consid\u00e9r\u00e9 comme tr\u00e8s confortable, r\u00e9sistant au froissement, thermor\u00e9gulateur, antibact\u00e9rien - et donc peu sensible aux odeurs.<\/p>\t\t\t\t\t\t\t\t<\/div>\n\t\t\t\t<\/div>\n\t\t\t\t<div class=\"elementor-element elementor-element-53a3c72 elementor-widget elementor-widget-image\" data-id=\"53a3c72\" data-element_type=\"widget\" data-widget_type=\"image.default\">\n\t\t\t\t<div class=\"elementor-widget-container\">\n\t\t\t\t\t\t\t\t\t\t\t\t\t\t\t<img fetchpriority=\"high\" decoding=\"async\" width=\"1024\" height=\"725\" src=\"https:\/\/inow.ch\/wp-content\/uploads\/2022\/01\/Nachhaltigkeits-Logo-1024x725.png\" class=\"attachment-large size-large wp-image-7798\" alt=\"\" srcset=\"https:\/\/inow.ch\/wp-content\/uploads\/2022\/01\/Nachhaltigkeits-Logo-1024x725.png 1024w, https:\/\/inow.ch\/wp-content\/uploads\/2022\/01\/Nachhaltigkeits-Logo-300x212.png 300w, https:\/\/inow.ch\/wp-content\/uploads\/2022\/01\/Nachhaltigkeits-Logo-768x543.png 768w, https:\/\/inow.ch\/wp-content\/uploads\/2022\/01\/Nachhaltigkeits-Logo-1536x1087.png 1536w, https:\/\/inow.ch\/wp-content\/uploads\/2022\/01\/Nachhaltigkeits-Logo-600x425.png 600w, https:\/\/inow.ch\/wp-content\/uploads\/2022\/01\/Nachhaltigkeits-Logo.png 1754w\" sizes=\"(max-width: 1024px) 100vw, 1024px\" \/>\t\t\t\t\t\t\t\t\t\t\t\t\t\t\t<\/div>\n\t\t\t\t<\/div>\n\t\t\t\t\t<\/div>\n\t\t<\/div>\n\t\t\t\t<div class=\"elementor-column elementor-col-50 elementor-top-column elementor-element elementor-element-59d2eb81\" data-id=\"59d2eb81\" data-element_type=\"column\">\n\t\t\t<div class=\"elementor-widget-wrap\">\n\t\t\t\t\t\t\t<\/div>\n\t\t<\/div>\n\t\t\t\t\t<\/div>\n\t\t<\/section>\n\t\t\t\t<section class=\"elementor-section elementor-top-section elementor-element elementor-element-1f3e4f3d elementor-section-boxed elementor-section-height-default elementor-section-height-default\" data-id=\"1f3e4f3d\" data-element_type=\"section\" data-settings=\"{&quot;background_background&quot;:&quot;classic&quot;}\">\n\t\t\t\t\t\t<div class=\"elementor-container elementor-column-gap-default\">\n\t\t\t\t\t<div class=\"elementor-column elementor-col-100 elementor-top-column elementor-element elementor-element-2940d701\" data-id=\"2940d701\" data-element_type=\"column\" data-settings=\"{&quot;background_background&quot;:&quot;classic&quot;}\">\n\t\t\t<div class=\"elementor-widget-wrap elementor-element-populated\">\n\t\t\t\t\t\t<section class=\"elementor-section elementor-inner-section elementor-element elementor-element-494922ee elementor-section-boxed elementor-section-height-default elementor-section-height-default\" data-id=\"494922ee\" data-element_type=\"section\">\n\t\t\t\t\t\t<div class=\"elementor-container elementor-column-gap-default\">\n\t\t\t\t\t<div class=\"elementor-column elementor-col-33 elementor-inner-column elementor-element elementor-element-41caadca\" data-id=\"41caadca\" data-element_type=\"column\" data-settings=\"{&quot;background_background&quot;:&quot;classic&quot;}\">\n\t\t\t<div class=\"elementor-widget-wrap elementor-element-populated\">\n\t\t\t\t\t\t<div class=\"elementor-element elementor-element-40333829 elementor-widget elementor-widget-text-editor\" data-id=\"40333829\" data-element_type=\"widget\" data-widget_type=\"text-editor.default\">\n\t\t\t\t<div class=\"elementor-widget-container\">\n\t\t\t\t\t\t\t\t\t<h3 style=\"text-align: center;\"><span style=\"color: #ffffff;\">Pr\u00eat \u00e0 prendre le d\u00e9part avec ton \u00e9quipe ?<\/span><\/h3>\t\t\t\t\t\t\t\t<\/div>\n\t\t\t\t<\/div>\n\t\t\t\t\t<\/div>\n\t\t<\/div>\n\t\t\t\t<div class=\"elementor-column elementor-col-33 elementor-inner-column elementor-element elementor-element-6e367d83\" data-id=\"6e367d83\" data-element_type=\"column\" data-settings=\"{&quot;background_background&quot;:&quot;classic&quot;}\">\n\t\t\t<div class=\"elementor-widget-wrap elementor-element-populated\">\n\t\t\t\t\t\t<div class=\"elementor-element elementor-element-d094617 elementor-align-center elementor-tablet-align-center elementor-widget elementor-widget-button\" data-id=\"d094617\" data-element_type=\"widget\" data-widget_type=\"button.default\">\n\t\t\t\t<div class=\"elementor-widget-container\">\n\t\t\t\t\t\t\t\t\t<div class=\"elementor-button-wrapper\">\n\t\t\t\t\t<a class=\"elementor-button elementor-button-link elementor-size-sm elementor-animation-grow\" href=\"https:\/\/inow.ch\/fr\/kontakt\/\">\n\t\t\t\t\t\t<span class=\"elementor-button-content-wrapper\">\n\t\t\t\t\t\t\t\t\t<span class=\"elementor-button-text\">Prendre <br>contact<\/span>\n\t\t\t\t\t<\/span>\n\t\t\t\t\t<\/a>\n\t\t\t\t<\/div>\n\t\t\t\t\t\t\t\t<\/div>\n\t\t\t\t<\/div>\n\t\t\t\t<div class=\"elementor-element elementor-element-7b273910 elementor-align-center elementor-tablet-align-center elementor-widget__width-initial elementor-hidden-desktop elementor-hidden-mobile elementor-widget elementor-widget-button\" data-id=\"7b273910\" data-element_type=\"widget\" data-widget_type=\"button.default\">\n\t\t\t\t<div class=\"elementor-widget-container\">\n\t\t\t\t\t\t\t\t\t<div class=\"elementor-button-wrapper\">\n\t\t\t\t\t<a class=\"elementor-button elementor-button-link elementor-size-sm elementor-animation-grow\" href=\"https:\/\/inow.ch\/fr\/muster-bestellen\/\">\n\t\t\t\t\t\t<span class=\"elementor-button-content-wrapper\">\n\t\t\t\t\t\t\t\t\t<span class=\"elementor-button-text\">\u00c9chantillons <br>commander<\/span>\n\t\t\t\t\t<\/span>\n\t\t\t\t\t<\/a>\n\t\t\t\t<\/div>\n\t\t\t\t\t\t\t\t<\/div>\n\t\t\t\t<\/div>\n\t\t\t\t\t<\/div>\n\t\t<\/div>\n\t\t\t\t<div class=\"elementor-column elementor-col-33 elementor-inner-column elementor-element elementor-element-11b66ca1\" data-id=\"11b66ca1\" data-element_type=\"column\">\n\t\t\t<div class=\"elementor-widget-wrap elementor-element-populated\">\n\t\t\t\t\t\t<div class=\"elementor-element elementor-element-158e7b2b elementor-align-center elementor-tablet-align-center elementor-widget__width-initial elementor-hidden-tablet elementor-widget elementor-widget-button\" data-id=\"158e7b2b\" data-element_type=\"widget\" data-widget_type=\"button.default\">\n\t\t\t\t<div class=\"elementor-widget-container\">\n\t\t\t\t\t\t\t\t\t<div class=\"elementor-button-wrapper\">\n\t\t\t\t\t<a class=\"elementor-button elementor-button-link elementor-size-sm elementor-animation-grow\" href=\"https:\/\/inow.ch\/fr\/muster-bestellen\/\">\n\t\t\t\t\t\t<span class=\"elementor-button-content-wrapper\">\n\t\t\t\t\t\t\t\t\t<span class=\"elementor-button-text\">\u00c9chantillons <br>commander<\/span>\n\t\t\t\t\t<\/span>\n\t\t\t\t\t<\/a>\n\t\t\t\t<\/div>\n\t\t\t\t\t\t\t\t<\/div>\n\t\t\t\t<\/div>\n\t\t\t\t\t<\/div>\n\t\t<\/div>\n\t\t\t\t\t<\/div>\n\t\t<\/section>\n\t\t\t\t\t<\/div>\n\t\t<\/div>\n\t\t\t\t\t<\/div>\n\t\t<\/section>\n\t\t\t\t<\/div>","protected":false},"excerpt":{"rendered":"<p>Eco-tissu en tissu de bambou La base id\u00e9ale pour la fabrication de tissus durables Depuis quelques ann\u00e9es, on parle d'un boom du bambou dans la fabrication de textiles. Ceci surtout parce que l'industrie de l'habillement est critiqu\u00e9e pour \u00eatre l'une des plus grandes pollueuses. Le gaspillage de l'eau et la surproduction de d\u00e9chets textiles sont consid\u00e9r\u00e9s comme les plus grands probl\u00e8mes. Mais aussi [...]<\/p>","protected":false},"author":1,"featured_media":0,"parent":0,"menu_order":0,"comment_status":"closed","ping_status":"closed","template":"","meta":{"_acf_changed":false,"ocean_post_layout":"","ocean_both_sidebars_style":"","ocean_both_sidebars_content_width":0,"ocean_both_sidebars_sidebars_width":0,"ocean_sidebar":"0","ocean_second_sidebar":"0","ocean_disable_margins":"enable","ocean_add_body_class":"","ocean_shortcode_before_top_bar":"","ocean_shortcode_after_top_bar":"","ocean_shortcode_before_header":"","ocean_shortcode_after_header":"","ocean_has_shortcode":"","ocean_shortcode_after_title":"","ocean_shortcode_before_footer_widgets":"","ocean_shortcode_after_footer_widgets":"","ocean_shortcode_before_footer_bottom":"","ocean_shortcode_after_footer_bottom":"","ocean_display_top_bar":"default","ocean_display_header":"default","ocean_header_style":"","ocean_center_header_left_menu":"0","ocean_custom_header_template":"0","ocean_custom_logo":0,"ocean_custom_retina_logo":0,"ocean_custom_logo_max_width":0,"ocean_custom_logo_tablet_max_width":0,"ocean_custom_logo_mobile_max_width":0,"ocean_custom_logo_max_height":0,"ocean_custom_logo_tablet_max_height":0,"ocean_custom_logo_mobile_max_height":0,"ocean_header_custom_menu":"0","ocean_menu_typo_font_family":"0","ocean_menu_typo_font_subset":"","ocean_menu_typo_font_size":0,"ocean_menu_typo_font_size_tablet":0,"ocean_menu_typo_font_size_mobile":0,"ocean_menu_typo_font_size_unit":"px","ocean_menu_typo_font_weight":"","ocean_menu_typo_font_weight_tablet":"","ocean_menu_typo_font_weight_mobile":"","ocean_menu_typo_transform":"","ocean_menu_typo_transform_tablet":"","ocean_menu_typo_transform_mobile":"","ocean_menu_typo_line_height":0,"ocean_menu_typo_line_height_tablet":0,"ocean_menu_typo_line_height_mobile":0,"ocean_menu_typo_line_height_unit":"","ocean_menu_typo_spacing":0,"ocean_menu_typo_spacing_tablet":0,"ocean_menu_typo_spacing_mobile":0,"ocean_menu_typo_spacing_unit":"","ocean_menu_link_color":"","ocean_menu_link_color_hover":"","ocean_menu_link_color_active":"","ocean_menu_link_background":"","ocean_menu_link_hover_background":"","ocean_menu_link_active_background":"","ocean_menu_social_links_bg":"","ocean_menu_social_hover_links_bg":"","ocean_menu_social_links_color":"","ocean_menu_social_hover_links_color":"","ocean_disable_title":"on","ocean_disable_heading":"default","ocean_post_title":"","ocean_post_subheading":"","ocean_post_title_style":"","ocean_post_title_background_color":"","ocean_post_title_background":0,"ocean_post_title_bg_image_position":"","ocean_post_title_bg_image_attachment":"","ocean_post_title_bg_image_repeat":"","ocean_post_title_bg_image_size":"","ocean_post_title_height":0,"ocean_post_title_bg_overlay":0.5,"ocean_post_title_bg_overlay_color":"","ocean_disable_breadcrumbs":"default","ocean_breadcrumbs_color":"","ocean_breadcrumbs_separator_color":"","ocean_breadcrumbs_links_color":"","ocean_breadcrumbs_links_hover_color":"","ocean_display_footer_widgets":"default","ocean_display_footer_bottom":"default","ocean_custom_footer_template":"0","footnotes":""},"class_list":["post-7782","page","type-page","status-publish","hentry","entry","owp-thumbs-layout-horizontal","owp-btn-normal","owp-tabs-layout-horizontal","has-no-thumbnails"],"acf":[],"yoast_head":"<!-- This site is optimized with the Yoast SEO plugin v24.8.1 - https:\/\/yoast.com\/wordpress\/plugins\/seo\/ -->\n<title>Bambuszellstoff - iNOW.ch<\/title>\n<meta name=\"description\" content=\"Damit Sie den vollen Durchblick haben, welche Produkte in welcher Bekleidungslinie, wie geschnitten und entsprechend die Materialien ausgew\u00e4hlt wurden.\" \/>\n<meta name=\"robots\" content=\"index, follow, max-snippet:-1, max-image-preview:large, max-video-preview:-1\" \/>\n<link rel=\"canonical\" href=\"https:\/\/inow.ch\/fr\/bambuszellstoff\/\" \/>\n<meta property=\"og:locale\" content=\"fr_FR\" \/>\n<meta property=\"og:type\" content=\"article\" \/>\n<meta property=\"og:title\" content=\"Bambuszellstoff - iNOW.ch\" \/>\n<meta property=\"og:description\" content=\"Damit Sie den vollen Durchblick haben, welche Produkte in welcher Bekleidungslinie, wie geschnitten und entsprechend die Materialien ausgew\u00e4hlt wurden.\" \/>\n<meta property=\"og:url\" content=\"https:\/\/inow.ch\/fr\/bambuszellstoff\/\" \/>\n<meta property=\"og:site_name\" content=\"iNOW.ch\" \/>\n<meta property=\"article:modified_time\" content=\"2025-03-11T07:39:49+00:00\" \/>\n<meta property=\"og:image\" content=\"http:\/\/inow.ch\/wp-content\/uploads\/2022\/01\/Nachhaltigkeits-Logo-1024x725.png\" \/>\n<meta name=\"twitter:card\" content=\"summary_large_image\" \/>\n<meta name=\"twitter:label1\" content=\"Dur\u00e9e de lecture estim\u00e9e\" \/>\n\t<meta name=\"twitter:data1\" content=\"2 minutes\" \/>\n<script type=\"application\/ld+json\" class=\"yoast-schema-graph\">{\"@context\":\"https:\/\/schema.org\",\"@graph\":[{\"@type\":\"WebPage\",\"@id\":\"https:\/\/inow.ch\/bambuszellstoff\/\",\"url\":\"https:\/\/inow.ch\/bambuszellstoff\/\",\"name\":\"Bambuszellstoff - iNOW.ch\",\"isPartOf\":{\"@id\":\"https:\/\/inow.ch\/#website\"},\"primaryImageOfPage\":{\"@id\":\"https:\/\/inow.ch\/bambuszellstoff\/#primaryimage\"},\"image\":{\"@id\":\"https:\/\/inow.ch\/bambuszellstoff\/#primaryimage\"},\"thumbnailUrl\":\"http:\/\/inow.ch\/wp-content\/uploads\/2022\/01\/Nachhaltigkeits-Logo-1024x725.png\",\"datePublished\":\"2022-01-26T11:34:55+00:00\",\"dateModified\":\"2025-03-11T07:39:49+00:00\",\"description\":\"Damit Sie den vollen Durchblick haben, welche Produkte in welcher Bekleidungslinie, wie geschnitten und entsprechend die Materialien ausgew\u00e4hlt wurden.\",\"breadcrumb\":{\"@id\":\"https:\/\/inow.ch\/bambuszellstoff\/#breadcrumb\"},\"inLanguage\":\"fr-FR\",\"potentialAction\":[{\"@type\":\"ReadAction\",\"target\":[\"https:\/\/inow.ch\/bambuszellstoff\/\"]}]},{\"@type\":\"ImageObject\",\"inLanguage\":\"fr-FR\",\"@id\":\"https:\/\/inow.ch\/bambuszellstoff\/#primaryimage\",\"url\":\"http:\/\/inow.ch\/wp-content\/uploads\/2022\/01\/Nachhaltigkeits-Logo-1024x725.png\",\"contentUrl\":\"http:\/\/inow.ch\/wp-content\/uploads\/2022\/01\/Nachhaltigkeits-Logo-1024x725.png\"},{\"@type\":\"BreadcrumbList\",\"@id\":\"https:\/\/inow.ch\/bambuszellstoff\/#breadcrumb\",\"itemListElement\":[{\"@type\":\"ListItem\",\"position\":1,\"name\":\"Startseite\",\"item\":\"https:\/\/inow.ch\/\"},{\"@type\":\"ListItem\",\"position\":2,\"name\":\"Bambuszellstoff\"}]},{\"@type\":\"WebSite\",\"@id\":\"https:\/\/inow.ch\/#website\",\"url\":\"https:\/\/inow.ch\/\",\"name\":\"iNOW.ch\",\"description\":\"Teamshops\",\"publisher\":{\"@id\":\"https:\/\/inow.ch\/#organization\"},\"potentialAction\":[{\"@type\":\"SearchAction\",\"target\":{\"@type\":\"EntryPoint\",\"urlTemplate\":\"https:\/\/inow.ch\/?s={search_term_string}\"},\"query-input\":{\"@type\":\"PropertyValueSpecification\",\"valueRequired\":true,\"valueName\":\"search_term_string\"}}],\"inLanguage\":\"fr-FR\"},{\"@type\":\"Organization\",\"@id\":\"https:\/\/inow.ch\/#organization\",\"name\":\"iNOW.ch\",\"url\":\"https:\/\/inow.ch\/\",\"logo\":{\"@type\":\"ImageObject\",\"inLanguage\":\"fr-FR\",\"@id\":\"https:\/\/inow.ch\/#\/schema\/logo\/image\/\",\"url\":\"https:\/\/inow.ch\/wp-content\/uploads\/2021\/08\/210629_Logo_INOW_Pos.png\",\"contentUrl\":\"https:\/\/inow.ch\/wp-content\/uploads\/2021\/08\/210629_Logo_INOW_Pos.png\",\"width\":1749,\"height\":1241,\"caption\":\"iNOW.ch\"},\"image\":{\"@id\":\"https:\/\/inow.ch\/#\/schema\/logo\/image\/\"}}]}<\/script>\n<!-- \/ Yoast SEO plugin. -->","yoast_head_json":{"title":"P\u00e2te de bambou - iNOW.ch","description":"Pour que vous ayez une vision compl\u00e8te des produits de chaque ligne de v\u00eatements, de la fa\u00e7on dont ils ont \u00e9t\u00e9 coup\u00e9s et des mat\u00e9riaux choisis en cons\u00e9quence.","robots":{"index":"index","follow":"follow","max-snippet":"max-snippet:-1","max-image-preview":"max-image-preview:large","max-video-preview":"max-video-preview:-1"},"canonical":"https:\/\/inow.ch\/fr\/bambuszellstoff\/","og_locale":"fr_FR","og_type":"article","og_title":"Bambuszellstoff - iNOW.ch","og_description":"Damit Sie den vollen Durchblick haben, welche Produkte in welcher Bekleidungslinie, wie geschnitten und entsprechend die Materialien ausgew\u00e4hlt wurden.","og_url":"https:\/\/inow.ch\/fr\/bambuszellstoff\/","og_site_name":"iNOW.ch","article_modified_time":"2025-03-11T07:39:49+00:00","og_image":[{"url":"http:\/\/inow.ch\/wp-content\/uploads\/2022\/01\/Nachhaltigkeits-Logo-1024x725.png","type":"","width":"","height":""}],"twitter_card":"summary_large_image","twitter_misc":{"Dur\u00e9e de lecture estim\u00e9e":"2 minutes"},"schema":{"@context":"https:\/\/schema.org","@graph":[{"@type":"WebPage","@id":"https:\/\/inow.ch\/bambuszellstoff\/","url":"https:\/\/inow.ch\/bambuszellstoff\/","name":"P\u00e2te de bambou - iNOW.ch","isPartOf":{"@id":"https:\/\/inow.ch\/#website"},"primaryImageOfPage":{"@id":"https:\/\/inow.ch\/bambuszellstoff\/#primaryimage"},"image":{"@id":"https:\/\/inow.ch\/bambuszellstoff\/#primaryimage"},"thumbnailUrl":"http:\/\/inow.ch\/wp-content\/uploads\/2022\/01\/Nachhaltigkeits-Logo-1024x725.png","datePublished":"2022-01-26T11:34:55+00:00","dateModified":"2025-03-11T07:39:49+00:00","description":"Pour que vous ayez une vision compl\u00e8te des produits de chaque ligne de v\u00eatements, de la fa\u00e7on dont ils ont \u00e9t\u00e9 coup\u00e9s et des mat\u00e9riaux choisis en cons\u00e9quence.","breadcrumb":{"@id":"https:\/\/inow.ch\/bambuszellstoff\/#breadcrumb"},"inLanguage":"fr-FR","potentialAction":[{"@type":"ReadAction","target":["https:\/\/inow.ch\/bambuszellstoff\/"]}]},{"@type":"ImageObject","inLanguage":"fr-FR","@id":"https:\/\/inow.ch\/bambuszellstoff\/#primaryimage","url":"http:\/\/inow.ch\/wp-content\/uploads\/2022\/01\/Nachhaltigkeits-Logo-1024x725.png","contentUrl":"http:\/\/inow.ch\/wp-content\/uploads\/2022\/01\/Nachhaltigkeits-Logo-1024x725.png"},{"@type":"BreadcrumbList","@id":"https:\/\/inow.ch\/bambuszellstoff\/#breadcrumb","itemListElement":[{"@type":"ListItem","position":1,"name":"Startseite","item":"https:\/\/inow.ch\/"},{"@type":"ListItem","position":2,"name":"Bambuszellstoff"}]},{"@type":"WebSite","@id":"https:\/\/inow.ch\/#website","url":"https:\/\/inow.ch\/","name":"iNOW.ch","description":"Magasins de l'\u00e9quipe","publisher":{"@id":"https:\/\/inow.ch\/#organization"},"potentialAction":[{"@type":"SearchAction","target":{"@type":"EntryPoint","urlTemplate":"https:\/\/inow.ch\/?s={search_term_string}"},"query-input":{"@type":"PropertyValueSpecification","valueRequired":true,"valueName":"search_term_string"}}],"inLanguage":"fr-FR"},{"@type":"Organization","@id":"https:\/\/inow.ch\/#organization","name":"iNOW.ch","url":"https:\/\/inow.ch\/","logo":{"@type":"ImageObject","inLanguage":"fr-FR","@id":"https:\/\/inow.ch\/#\/schema\/logo\/image\/","url":"https:\/\/inow.ch\/wp-content\/uploads\/2021\/08\/210629_Logo_INOW_Pos.png","contentUrl":"https:\/\/inow.ch\/wp-content\/uploads\/2021\/08\/210629_Logo_INOW_Pos.png","width":1749,"height":1241,"caption":"iNOW.ch"},"image":{"@id":"https:\/\/inow.ch\/#\/schema\/logo\/image\/"}}]}},"_links":{"self":[{"href":"https:\/\/inow.ch\/fr\/wp-json\/wp\/v2\/pages\/7782"}],"collection":[{"href":"https:\/\/inow.ch\/fr\/wp-json\/wp\/v2\/pages"}],"about":[{"href":"https:\/\/inow.ch\/fr\/wp-json\/wp\/v2\/types\/page"}],"author":[{"embeddable":true,"href":"https:\/\/inow.ch\/fr\/wp-json\/wp\/v2\/users\/1"}],"replies":[{"embeddable":true,"href":"https:\/\/inow.ch\/fr\/wp-json\/wp\/v2\/comments?post=7782"}],"version-history":[{"count":6,"href":"https:\/\/inow.ch\/fr\/wp-json\/wp\/v2\/pages\/7782\/revisions"}],"predecessor-version":[{"id":29960,"href":"https:\/\/inow.ch\/fr\/wp-json\/wp\/v2\/pages\/7782\/revisions\/29960"}],"wp:attachment":[{"href":"https:\/\/inow.ch\/fr\/wp-json\/wp\/v2\/media?parent=7782"}],"curies":[{"name":"wp","href":"https:\/\/api.w.org\/{rel}","templated":true}]}}