{"id":24826,"date":"2024-10-09T16:40:01","date_gmt":"2024-10-09T16:40:01","guid":{"rendered":"https:\/\/inow.ch\/?page_id=24826"},"modified":"2025-04-14T00:33:16","modified_gmt":"2025-04-14T00:33:16","slug":"news","status":"publish","type":"page","link":"https:\/\/inow.ch\/fr\/news\/","title":{"rendered":"Actualit\u00e9s"},"content":{"rendered":"<div data-elementor-type=\"wp-page\" data-elementor-id=\"24826\" class=\"elementor elementor-24826\" data-elementor-post-type=\"page\">\n\t\t\t\t\t\t<section class=\"elementor-section elementor-top-section elementor-element elementor-element-85d3a52 elementor-section-stretched elementor-section-boxed elementor-section-height-default elementor-section-height-default\" data-id=\"85d3a52\" data-element_type=\"section\" data-settings=\"{&quot;stretch_section&quot;:&quot;section-stretched&quot;}\">\n\t\t\t\t\t\t<div class=\"elementor-container elementor-column-gap-default\">\n\t\t\t\t\t<div class=\"elementor-column elementor-col-100 elementor-top-column elementor-element elementor-element-e73f2e4\" data-id=\"e73f2e4\" data-element_type=\"column\">\n\t\t\t<div class=\"elementor-widget-wrap elementor-element-populated\">\n\t\t\t\t\t\t<div class=\"elementor-element elementor-element-2ad1114 elementor-widget elementor-widget-heading\" data-id=\"2ad1114\" data-element_type=\"widget\" data-widget_type=\"heading.default\">\n\t\t\t\t<div class=\"elementor-widget-container\">\n\t\t\t\t\t<h2 class=\"elementor-heading-title elementor-size-default\">Des actualit\u00e9s passionnantes autour d'iNOW<\/h2>\t\t\t\t<\/div>\n\t\t\t\t<\/div>\n\t\t\t\t<div class=\"elementor-element elementor-element-cef4674 elementor-posts--align-left elementor-grid-3 elementor-grid-tablet-2 elementor-grid-mobile-1 elementor-posts--thumbnail-top elementor-widget elementor-widget-posts\" data-id=\"cef4674\" data-element_type=\"widget\" data-settings=\"{&quot;classic_row_gap&quot;:{&quot;unit&quot;:&quot;px&quot;,&quot;size&quot;:24,&quot;sizes&quot;:[]},&quot;classic_columns&quot;:&quot;3&quot;,&quot;classic_columns_tablet&quot;:&quot;2&quot;,&quot;classic_columns_mobile&quot;:&quot;1&quot;,&quot;classic_row_gap_tablet&quot;:{&quot;unit&quot;:&quot;px&quot;,&quot;size&quot;:&quot;&quot;,&quot;sizes&quot;:[]},&quot;classic_row_gap_mobile&quot;:{&quot;unit&quot;:&quot;px&quot;,&quot;size&quot;:&quot;&quot;,&quot;sizes&quot;:[]}}\" data-widget_type=\"posts.classic\">\n\t\t\t\t<div class=\"elementor-widget-container\">\n\t\t\t\t\t\t\t<div class=\"elementor-posts-container elementor-posts elementor-posts--skin-classic elementor-grid\">\n\t\t\t\t<article class=\"elementor-post elementor-grid-item post-34327 post type-post status-publish format-standard has-post-thumbnail hentry category-inow-persoenlich category-news entry has-media owp-thumbs-layout-horizontal owp-btn-normal owp-tabs-layout-horizontal has-no-thumbnails\">\n\t\t\t\t<a class=\"elementor-post__thumbnail__link\" href=\"https:\/\/inow.ch\/fr\/tabea-gewinnt-the-stone-xtreme-triathlon\/\" tabindex=\"-1\" >\n\t\t\t<div class=\"elementor-post__thumbnail\"><img fetchpriority=\"high\" decoding=\"async\" width=\"1600\" height=\"1066\" src=\"https:\/\/inow.ch\/wp-content\/uploads\/2025\/07\/e850e2a4-0616-4d04-81ed-f2eb023bb7b8.jpeg\" class=\"attachment-full size-full wp-image-34332\" alt=\"\" srcset=\"https:\/\/inow.ch\/wp-content\/uploads\/2025\/07\/e850e2a4-0616-4d04-81ed-f2eb023bb7b8.jpeg 1600w, https:\/\/inow.ch\/wp-content\/uploads\/2025\/07\/e850e2a4-0616-4d04-81ed-f2eb023bb7b8-300x200.jpeg 300w, https:\/\/inow.ch\/wp-content\/uploads\/2025\/07\/e850e2a4-0616-4d04-81ed-f2eb023bb7b8-1024x682.jpeg 1024w, https:\/\/inow.ch\/wp-content\/uploads\/2025\/07\/e850e2a4-0616-4d04-81ed-f2eb023bb7b8-768x512.jpeg 768w, https:\/\/inow.ch\/wp-content\/uploads\/2025\/07\/e850e2a4-0616-4d04-81ed-f2eb023bb7b8-1536x1023.jpeg 1536w, https:\/\/inow.ch\/wp-content\/uploads\/2025\/07\/e850e2a4-0616-4d04-81ed-f2eb023bb7b8-18x12.jpeg 18w, https:\/\/inow.ch\/wp-content\/uploads\/2025\/07\/e850e2a4-0616-4d04-81ed-f2eb023bb7b8-600x400.jpeg 600w, https:\/\/inow.ch\/wp-content\/uploads\/2025\/07\/e850e2a4-0616-4d04-81ed-f2eb023bb7b8-60x40.jpeg 60w\" sizes=\"(max-width: 1600px) 100vw, 1600px\" \/><\/div>\n\t\t<\/a>\n\t\t\t\t<div class=\"elementor-post__text\">\n\t\t\t\t<h1 class=\"elementor-post__title\">\n\t\t\t<a href=\"https:\/\/inow.ch\/fr\/tabea-gewinnt-the-stone-xtreme-triathlon\/\" >\n\t\t\t\tTabea remporte le triathlon The Stone Xtreme\t\t\t<\/a>\n\t\t<\/h1>\n\t\t\t\t<div class=\"elementor-post__excerpt\">\n\t\t\t<p>L'ambassadrice iNOW Legend, Tabea Ruegge, remporte le Stone Xtreme Triathlon Le 5 juillet 2025, le l\u00e9gendaire Stone Xtreme Triathlon s'est d\u00e9roul\u00e9 en Italie, une course r\u00e9put\u00e9e pour son exigence.<\/p>\n\t\t<\/div>\n\t\t\n\t\t<a class=\"elementor-post__read-more\" href=\"https:\/\/inow.ch\/fr\/tabea-gewinnt-the-stone-xtreme-triathlon\/\" aria-label=\"En savoir plus sur Tabea gewinnt The Stone Xtreme Triathlon\" tabindex=\"-1\" >\n\t\t\tLire la suite \"\t\t<\/a>\n\n\t\t\t\t<\/div>\n\t\t\t\t<\/article>\n\t\t\t\t<article class=\"elementor-post elementor-grid-item post-30086 post type-post status-publish format-standard has-post-thumbnail hentry category-news category-produkte tag-bibshort tag-chamois tag-liner tag-radhosenpolster tag-velohosen entry has-media owp-thumbs-layout-horizontal owp-btn-normal owp-tabs-layout-horizontal has-no-thumbnails\">\n\t\t\t\t<a class=\"elementor-post__thumbnail__link\" href=\"https:\/\/inow.ch\/fr\/das-neue-radhosenpolster\/\" tabindex=\"-1\" >\n\t\t\t<div class=\"elementor-post__thumbnail\"><img decoding=\"async\" width=\"3508\" height=\"2481\" src=\"https:\/\/inow.ch\/wp-content\/uploads\/2025\/03\/Bild.png\" class=\"attachment-full size-full wp-image-29976\" alt=\"\" srcset=\"https:\/\/inow.ch\/wp-content\/uploads\/2025\/03\/Bild.png 3508w, https:\/\/inow.ch\/wp-content\/uploads\/2025\/03\/Bild-300x212.png 300w, https:\/\/inow.ch\/wp-content\/uploads\/2025\/03\/Bild-1024x724.png 1024w, https:\/\/inow.ch\/wp-content\/uploads\/2025\/03\/Bild-768x543.png 768w, https:\/\/inow.ch\/wp-content\/uploads\/2025\/03\/Bild-1536x1086.png 1536w, https:\/\/inow.ch\/wp-content\/uploads\/2025\/03\/Bild-2048x1448.png 2048w, https:\/\/inow.ch\/wp-content\/uploads\/2025\/03\/Bild-18x12.png 18w, https:\/\/inow.ch\/wp-content\/uploads\/2025\/03\/Bild-600x424.png 600w\" sizes=\"(max-width: 3508px) 100vw, 3508px\" \/><\/div>\n\t\t<\/a>\n\t\t\t\t<div class=\"elementor-post__text\">\n\t\t\t\t<h1 class=\"elementor-post__title\">\n\t\t\t<a href=\"https:\/\/inow.ch\/fr\/das-neue-radhosenpolster\/\" >\n\t\t\t\tLa nouvelle peau de chamois\t\t\t<\/a>\n\t\t<\/h1>\n\t\t\t\t<div class=\"elementor-post__excerpt\">\n\t\t\t<p>Une technologie innovante \u00e9tablit de nouvelles normes Notre nouveau rembourrage de cuissard innovant a \u00e9tabli de nouvelles normes dans le secteur du v\u00e9lo. Fabriqu\u00e9 \u00e0 l'aide d'un proc\u00e9d\u00e9 d'impression 3D avanc\u00e9, il convainc par sa qualit\u00e9, sa long\u00e9vit\u00e9 et son confort exceptionnels - et<\/p>\n\t\t<\/div>\n\t\t\n\t\t<a class=\"elementor-post__read-more\" href=\"https:\/\/inow.ch\/fr\/das-neue-radhosenpolster\/\" aria-label=\"En savoir plus sur Le nouveau rembourrage des cuissards de v\u00e9lo\" tabindex=\"-1\" >\n\t\t\tLire la suite \"\t\t<\/a>\n\n\t\t\t\t<\/div>\n\t\t\t\t<\/article>\n\t\t\t\t<article class=\"elementor-post elementor-grid-item post-24840 post type-post status-publish format-standard has-post-thumbnail hentry category-inow-persoenlich category-news entry has-media owp-thumbs-layout-horizontal owp-btn-normal owp-tabs-layout-horizontal has-no-thumbnails\">\n\t\t\t\t<a class=\"elementor-post__thumbnail__link\" href=\"https:\/\/inow.ch\/fr\/meet-petra-eggenschwiler\/\" tabindex=\"-1\" >\n\t\t\t<div class=\"elementor-post__thumbnail\"><img decoding=\"async\" width=\"940\" height=\"420\" src=\"https:\/\/inow.ch\/wp-content\/uploads\/2024\/10\/iNOW-Newsletter-Header-5.png\" class=\"attachment-full size-full wp-image-25946\" alt=\"\" srcset=\"https:\/\/inow.ch\/wp-content\/uploads\/2024\/10\/iNOW-Newsletter-Header-5.png 940w, https:\/\/inow.ch\/wp-content\/uploads\/2024\/10\/iNOW-Newsletter-Header-5-300x134.png 300w, https:\/\/inow.ch\/wp-content\/uploads\/2024\/10\/iNOW-Newsletter-Header-5-768x343.png 768w, https:\/\/inow.ch\/wp-content\/uploads\/2024\/10\/iNOW-Newsletter-Header-5-18x8.png 18w, https:\/\/inow.ch\/wp-content\/uploads\/2024\/10\/iNOW-Newsletter-Header-5-600x268.png 600w\" sizes=\"(max-width: 940px) 100vw, 940px\" \/><\/div>\n\t\t<\/a>\n\t\t\t\t<div class=\"elementor-post__text\">\n\t\t\t\t<h1 class=\"elementor-post__title\">\n\t\t\t<a href=\"https:\/\/inow.ch\/fr\/meet-petra-eggenschwiler\/\" >\n\t\t\t\tRencontre avec l'\u00e9quipe : Petra Eggenschwiler\t\t\t<\/a>\n\t\t<\/h1>\n\t\t\t\t<div class=\"elementor-post__excerpt\">\n\t\t\t<p>Meet the Team : Petra Eggenschwiler Nous sommes fiers de compter dans l'\u00e9quipe iNOW Racing une \u00e9quipe h\u00e9t\u00e9roclite d'athl\u00e8tes talentueux, ambitieux et pleins de bonne volont\u00e9. En tant que triathl\u00e8te, on est en comp\u00e9tition avec les autres.<\/p>\n\t\t<\/div>\n\t\t\n\t\t<a class=\"elementor-post__read-more\" href=\"https:\/\/inow.ch\/fr\/meet-petra-eggenschwiler\/\" aria-label=\"En savoir plus sur Meet the Team : Petra Eggenschwiler\" tabindex=\"-1\" >\n\t\t\tLire la suite \"\t\t<\/a>\n\n\t\t\t\t<\/div>\n\t\t\t\t<\/article>\n\t\t\t\t<article class=\"elementor-post elementor-grid-item post-25143 post type-post status-publish format-standard has-post-thumbnail hentry category-inow-persoenlich category-news entry has-media owp-thumbs-layout-horizontal owp-btn-normal owp-tabs-layout-horizontal has-no-thumbnails\">\n\t\t\t\t<a class=\"elementor-post__thumbnail__link\" href=\"https:\/\/inow.ch\/fr\/meet-sandra-daenzer\/\" tabindex=\"-1\" >\n\t\t\t<div class=\"elementor-post__thumbnail\"><img loading=\"lazy\" decoding=\"async\" width=\"2127\" height=\"1702\" src=\"https:\/\/inow.ch\/wp-content\/uploads\/2024\/10\/417151122.jpeg\" class=\"attachment-full size-full wp-image-26177\" alt=\"\" srcset=\"https:\/\/inow.ch\/wp-content\/uploads\/2024\/10\/417151122.jpeg 2127w, https:\/\/inow.ch\/wp-content\/uploads\/2024\/10\/417151122-300x240.jpeg 300w, https:\/\/inow.ch\/wp-content\/uploads\/2024\/10\/417151122-1024x819.jpeg 1024w, https:\/\/inow.ch\/wp-content\/uploads\/2024\/10\/417151122-768x615.jpeg 768w, https:\/\/inow.ch\/wp-content\/uploads\/2024\/10\/417151122-1536x1229.jpeg 1536w, https:\/\/inow.ch\/wp-content\/uploads\/2024\/10\/417151122-2048x1639.jpeg 2048w, https:\/\/inow.ch\/wp-content\/uploads\/2024\/10\/417151122-15x12.jpeg 15w, https:\/\/inow.ch\/wp-content\/uploads\/2024\/10\/417151122-600x480.jpeg 600w\" sizes=\"(max-width: 2127px) 100vw, 2127px\" \/><\/div>\n\t\t<\/a>\n\t\t\t\t<div class=\"elementor-post__text\">\n\t\t\t\t<h1 class=\"elementor-post__title\">\n\t\t\t<a href=\"https:\/\/inow.ch\/fr\/meet-sandra-daenzer\/\" >\n\t\t\t\tRencontre avec l'\u00e9quipe : Sandra D\u00e4nzer\t\t\t<\/a>\n\t\t<\/h1>\n\t\t\t\t<div class=\"elementor-post__excerpt\">\n\t\t\t<p>Meet the iNOW Racing Team : Sandra D\u00e4nzer Nous sommes fiers d'avoir dans l'\u00e9quipe iNOW Racing une \u00e9quipe h\u00e9t\u00e9roclite d'athl\u00e8tes talentueux, ambitieux et pleins de bonne volont\u00e9. En tant que triathl\u00e8te, on est<\/p>\n\t\t<\/div>\n\t\t\n\t\t<a class=\"elementor-post__read-more\" href=\"https:\/\/inow.ch\/fr\/meet-sandra-daenzer\/\" aria-label=\"En savoir plus sur Meet the Team : Sandra D\u00e4nzer\" tabindex=\"-1\" >\n\t\t\tLire la suite \"\t\t<\/a>\n\n\t\t\t\t<\/div>\n\t\t\t\t<\/article>\n\t\t\t\t<article class=\"elementor-post elementor-grid-item post-24855 post type-post status-publish format-standard has-post-thumbnail hentry category-inow-persoenlich category-news tag-fair tag-herstellung entry has-media owp-thumbs-layout-horizontal owp-btn-normal owp-tabs-layout-horizontal has-no-thumbnails\">\n\t\t\t\t<a class=\"elementor-post__thumbnail__link\" href=\"https:\/\/inow.ch\/fr\/inow-produktion\/\" tabindex=\"-1\" >\n\t\t\t<div class=\"elementor-post__thumbnail\"><img loading=\"lazy\" decoding=\"async\" width=\"2048\" height=\"1536\" src=\"https:\/\/inow.ch\/wp-content\/uploads\/2023\/02\/Cycling-Classic-Jersey-Men-2-1.jpg\" class=\"attachment-full size-full wp-image-13712\" alt=\"\" srcset=\"https:\/\/inow.ch\/wp-content\/uploads\/2023\/02\/Cycling-Classic-Jersey-Men-2-1.jpg 2048w, https:\/\/inow.ch\/wp-content\/uploads\/2023\/02\/Cycling-Classic-Jersey-Men-2-1-300x225.jpg 300w, https:\/\/inow.ch\/wp-content\/uploads\/2023\/02\/Cycling-Classic-Jersey-Men-2-1-1024x768.jpg 1024w, https:\/\/inow.ch\/wp-content\/uploads\/2023\/02\/Cycling-Classic-Jersey-Men-2-1-768x576.jpg 768w, https:\/\/inow.ch\/wp-content\/uploads\/2023\/02\/Cycling-Classic-Jersey-Men-2-1-1536x1152.jpg 1536w, https:\/\/inow.ch\/wp-content\/uploads\/2023\/02\/Cycling-Classic-Jersey-Men-2-1-16x12.jpg 16w, https:\/\/inow.ch\/wp-content\/uploads\/2023\/02\/Cycling-Classic-Jersey-Men-2-1-600x450.jpg 600w\" sizes=\"(max-width: 2048px) 100vw, 2048px\" \/><\/div>\n\t\t<\/a>\n\t\t\t\t<div class=\"elementor-post__text\">\n\t\t\t\t<h1 class=\"elementor-post__title\">\n\t\t\t<a href=\"https:\/\/inow.ch\/fr\/inow-produktion\/\" >\n\t\t\t\tDans les coulisses : la production d'iNOW\t\t\t<\/a>\n\t\t<\/h1>\n\t\t\t\t<div class=\"elementor-post__excerpt\">\n\t\t\t<p>Bien qu'iNOW n'existe pas depuis longtemps, nous disposons d'un solide savoir-faire sur le march\u00e9 du textile, bas\u00e9 sur des d\u00e9cennies d'exp\u00e9rience en mati\u00e8re d'approvisionnement, de contr\u00f4le de la qualit\u00e9, de traitement et de production,<\/p>\n\t\t<\/div>\n\t\t\n\t\t<a class=\"elementor-post__read-more\" href=\"https:\/\/inow.ch\/fr\/inow-produktion\/\" aria-label=\"En savoir plus sur Les coulisses de la production iNOW\" tabindex=\"-1\" >\n\t\t\tLire la suite \"\t\t<\/a>\n\n\t\t\t\t<\/div>\n\t\t\t\t<\/article>\n\t\t\t\t<\/div>\n\t\t\n\t\t\t\t\t\t<\/div>\n\t\t\t\t<\/div>\n\t\t\t\t\t<\/div>\n\t\t<\/div>\n\t\t\t\t\t<\/div>\n\t\t<\/section>\n\t\t\t\t<section class=\"elementor-section elementor-top-section elementor-element elementor-element-d9d541b elementor-section-stretched elementor-section-boxed elementor-section-height-default elementor-section-height-default\" data-id=\"d9d541b\" data-element_type=\"section\" data-settings=\"{&quot;stretch_section&quot;:&quot;section-stretched&quot;}\">\n\t\t\t\t\t\t<div class=\"elementor-container elementor-column-gap-default\">\n\t\t\t\t\t<div class=\"elementor-column elementor-col-100 elementor-top-column elementor-element elementor-element-55ce6f7\" data-id=\"55ce6f7\" data-element_type=\"column\">\n\t\t\t<div class=\"elementor-widget-wrap elementor-element-populated\">\n\t\t\t\t\t\t<div class=\"elementor-element elementor-element-af269ef elementor-widget elementor-widget-button\" data-id=\"af269ef\" data-element_type=\"widget\" data-widget_type=\"button.default\">\n\t\t\t\t<div class=\"elementor-widget-container\">\n\t\t\t\t\t\t\t\t\t<div class=\"elementor-button-wrapper\">\n\t\t\t\t\t<a class=\"elementor-button elementor-button-link elementor-size-sm\" href=\"http:\/\/eepurl.com\/h_aRQv\">\n\t\t\t\t\t\t<span class=\"elementor-button-content-wrapper\">\n\t\t\t\t\t\t\t\t\t<span class=\"elementor-button-text\">S'INSCRIRE \u00c0 LA NEWSLETTER<\/span>\n\t\t\t\t\t<\/span>\n\t\t\t\t\t<\/a>\n\t\t\t\t<\/div>\n\t\t\t\t\t\t\t\t<\/div>\n\t\t\t\t<\/div>\n\t\t\t\t\t<\/div>\n\t\t<\/div>\n\t\t\t\t\t<\/div>\n\t\t<\/section>\n\t\t\t\t<\/div>","protected":false},"excerpt":{"rendered":"<p>Des nouvelles passionnantes autour d'iNOW NEWSLETTER INSCRIVEZ-VOUS<\/p>","protected":false},"author":668,"featured_media":0,"parent":0,"menu_order":0,"comment_status":"closed","ping_status":"closed","template":"","meta":{"_acf_changed":false,"ocean_post_layout":"","ocean_both_sidebars_style":"","ocean_both_sidebars_content_width":0,"ocean_both_sidebars_sidebars_width":0,"ocean_sidebar":"0","ocean_second_sidebar":"0","ocean_disable_margins":"enable","ocean_add_body_class":"","ocean_shortcode_before_top_bar":"","ocean_shortcode_after_top_bar":"","ocean_shortcode_before_header":"","ocean_shortcode_after_header":"","ocean_has_shortcode":"","ocean_shortcode_after_title":"","ocean_shortcode_before_footer_widgets":"","ocean_shortcode_after_footer_widgets":"","ocean_shortcode_before_footer_bottom":"","ocean_shortcode_after_footer_bottom":"","ocean_display_top_bar":"default","ocean_display_header":"default","ocean_header_style":"","ocean_center_header_left_menu":"0","ocean_custom_header_template":"0","ocean_custom_logo":0,"ocean_custom_retina_logo":0,"ocean_custom_logo_max_width":0,"ocean_custom_logo_tablet_max_width":0,"ocean_custom_logo_mobile_max_width":0,"ocean_custom_logo_max_height":0,"ocean_custom_logo_tablet_max_height":0,"ocean_custom_logo_mobile_max_height":0,"ocean_header_custom_menu":"0","ocean_menu_typo_font_family":"0","ocean_menu_typo_font_subset":"","ocean_menu_typo_font_size":0,"ocean_menu_typo_font_size_tablet":0,"ocean_menu_typo_font_size_mobile":0,"ocean_menu_typo_font_size_unit":"px","ocean_menu_typo_font_weight":"","ocean_menu_typo_font_weight_tablet":"","ocean_menu_typo_font_weight_mobile":"","ocean_menu_typo_transform":"","ocean_menu_typo_transform_tablet":"","ocean_menu_typo_transform_mobile":"","ocean_menu_typo_line_height":0,"ocean_menu_typo_line_height_tablet":0,"ocean_menu_typo_line_height_mobile":0,"ocean_menu_typo_line_height_unit":"","ocean_menu_typo_spacing":0,"ocean_menu_typo_spacing_tablet":0,"ocean_menu_typo_spacing_mobile":0,"ocean_menu_typo_spacing_unit":"","ocean_menu_link_color":"","ocean_menu_link_color_hover":"","ocean_menu_link_color_active":"","ocean_menu_link_background":"","ocean_menu_link_hover_background":"","ocean_menu_link_active_background":"","ocean_menu_social_links_bg":"","ocean_menu_social_hover_links_bg":"","ocean_menu_social_links_color":"","ocean_menu_social_hover_links_color":"","ocean_disable_title":"default","ocean_disable_heading":"default","ocean_post_title":"","ocean_post_subheading":"","ocean_post_title_style":"","ocean_post_title_background_color":"","ocean_post_title_background":0,"ocean_post_title_bg_image_position":"","ocean_post_title_bg_image_attachment":"","ocean_post_title_bg_image_repeat":"","ocean_post_title_bg_image_size":"","ocean_post_title_height":0,"ocean_post_title_bg_overlay":0.5,"ocean_post_title_bg_overlay_color":"","ocean_disable_breadcrumbs":"default","ocean_breadcrumbs_color":"","ocean_breadcrumbs_separator_color":"","ocean_breadcrumbs_links_color":"","ocean_breadcrumbs_links_hover_color":"","ocean_display_footer_widgets":"default","ocean_display_footer_bottom":"default","ocean_custom_footer_template":"0","footnotes":""},"class_list":["post-24826","page","type-page","status-publish","hentry","entry","has-media","owp-thumbs-layout-horizontal","owp-btn-normal","owp-tabs-layout-horizontal","has-no-thumbnails"],"acf":[],"yoast_head":"<!-- This site is optimized with the Yoast SEO plugin v24.8.1 - https:\/\/yoast.com\/wordpress\/plugins\/seo\/ -->\n<title>News - iNOW.ch<\/title>\n<meta name=\"description\" content=\"Alle News rund um iNOW.\" \/>\n<meta name=\"robots\" content=\"index, follow, max-snippet:-1, max-image-preview:large, max-video-preview:-1\" \/>\n<link rel=\"canonical\" href=\"https:\/\/inow.ch\/fr\/news\/\" \/>\n<meta property=\"og:locale\" content=\"fr_FR\" \/>\n<meta property=\"og:type\" content=\"article\" \/>\n<meta property=\"og:title\" content=\"News - iNOW.ch\" \/>\n<meta property=\"og:description\" content=\"Alle News rund um iNOW.\" \/>\n<meta property=\"og:url\" content=\"https:\/\/inow.ch\/fr\/news\/\" \/>\n<meta property=\"og:site_name\" content=\"iNOW.ch\" \/>\n<meta property=\"article:modified_time\" content=\"2025-04-14T00:33:16+00:00\" \/>\n<meta name=\"twitter:card\" content=\"summary_large_image\" \/>\n<meta name=\"twitter:label1\" content=\"Dur\u00e9e de lecture estim\u00e9e\" \/>\n\t<meta name=\"twitter:data1\" content=\"4 minutes\" \/>\n<script type=\"application\/ld+json\" class=\"yoast-schema-graph\">{\"@context\":\"https:\/\/schema.org\",\"@graph\":[{\"@type\":\"WebPage\",\"@id\":\"https:\/\/inow.ch\/news\/\",\"url\":\"https:\/\/inow.ch\/news\/\",\"name\":\"News - iNOW.ch\",\"isPartOf\":{\"@id\":\"https:\/\/inow.ch\/#website\"},\"datePublished\":\"2024-10-09T16:40:01+00:00\",\"dateModified\":\"2025-04-14T00:33:16+00:00\",\"description\":\"Alle News rund um iNOW.\",\"breadcrumb\":{\"@id\":\"https:\/\/inow.ch\/news\/#breadcrumb\"},\"inLanguage\":\"fr-FR\",\"potentialAction\":[{\"@type\":\"ReadAction\",\"target\":[\"https:\/\/inow.ch\/news\/\"]}]},{\"@type\":\"BreadcrumbList\",\"@id\":\"https:\/\/inow.ch\/news\/#breadcrumb\",\"itemListElement\":[{\"@type\":\"ListItem\",\"position\":1,\"name\":\"Startseite\",\"item\":\"https:\/\/inow.ch\/\"},{\"@type\":\"ListItem\",\"position\":2,\"name\":\"News\"}]},{\"@type\":\"WebSite\",\"@id\":\"https:\/\/inow.ch\/#website\",\"url\":\"https:\/\/inow.ch\/\",\"name\":\"iNOW.ch\",\"description\":\"Teamshops\",\"publisher\":{\"@id\":\"https:\/\/inow.ch\/#organization\"},\"potentialAction\":[{\"@type\":\"SearchAction\",\"target\":{\"@type\":\"EntryPoint\",\"urlTemplate\":\"https:\/\/inow.ch\/?s={search_term_string}\"},\"query-input\":{\"@type\":\"PropertyValueSpecification\",\"valueRequired\":true,\"valueName\":\"search_term_string\"}}],\"inLanguage\":\"fr-FR\"},{\"@type\":\"Organization\",\"@id\":\"https:\/\/inow.ch\/#organization\",\"name\":\"iNOW.ch\",\"url\":\"https:\/\/inow.ch\/\",\"logo\":{\"@type\":\"ImageObject\",\"inLanguage\":\"fr-FR\",\"@id\":\"https:\/\/inow.ch\/#\/schema\/logo\/image\/\",\"url\":\"https:\/\/inow.ch\/wp-content\/uploads\/2021\/08\/210629_Logo_INOW_Pos.png\",\"contentUrl\":\"https:\/\/inow.ch\/wp-content\/uploads\/2021\/08\/210629_Logo_INOW_Pos.png\",\"width\":1749,\"height\":1241,\"caption\":\"iNOW.ch\"},\"image\":{\"@id\":\"https:\/\/inow.ch\/#\/schema\/logo\/image\/\"}}]}<\/script>\n<!-- \/ Yoast SEO plugin. -->","yoast_head_json":{"title":"News - iNOW.ch","description":"Alle News rund um iNOW.","robots":{"index":"index","follow":"follow","max-snippet":"max-snippet:-1","max-image-preview":"max-image-preview:large","max-video-preview":"max-video-preview:-1"},"canonical":"https:\/\/inow.ch\/fr\/news\/","og_locale":"fr_FR","og_type":"article","og_title":"News - iNOW.ch","og_description":"Alle News rund um iNOW.","og_url":"https:\/\/inow.ch\/fr\/news\/","og_site_name":"iNOW.ch","article_modified_time":"2025-04-14T00:33:16+00:00","twitter_card":"summary_large_image","twitter_misc":{"Dur\u00e9e de lecture estim\u00e9e":"4 minutes"},"schema":{"@context":"https:\/\/schema.org","@graph":[{"@type":"WebPage","@id":"https:\/\/inow.ch\/news\/","url":"https:\/\/inow.ch\/news\/","name":"News - iNOW.ch","isPartOf":{"@id":"https:\/\/inow.ch\/#website"},"datePublished":"2024-10-09T16:40:01+00:00","dateModified":"2025-04-14T00:33:16+00:00","description":"Alle News rund um iNOW.","breadcrumb":{"@id":"https:\/\/inow.ch\/news\/#breadcrumb"},"inLanguage":"fr-FR","potentialAction":[{"@type":"ReadAction","target":["https:\/\/inow.ch\/news\/"]}]},{"@type":"BreadcrumbList","@id":"https:\/\/inow.ch\/news\/#breadcrumb","itemListElement":[{"@type":"ListItem","position":1,"name":"Startseite","item":"https:\/\/inow.ch\/"},{"@type":"ListItem","position":2,"name":"News"}]},{"@type":"WebSite","@id":"https:\/\/inow.ch\/#website","url":"https:\/\/inow.ch\/","name":"iNOW.ch","description":"Magasins de l'\u00e9quipe","publisher":{"@id":"https:\/\/inow.ch\/#organization"},"potentialAction":[{"@type":"SearchAction","target":{"@type":"EntryPoint","urlTemplate":"https:\/\/inow.ch\/?s={search_term_string}"},"query-input":{"@type":"PropertyValueSpecification","valueRequired":true,"valueName":"search_term_string"}}],"inLanguage":"fr-FR"},{"@type":"Organization","@id":"https:\/\/inow.ch\/#organization","name":"iNOW.ch","url":"https:\/\/inow.ch\/","logo":{"@type":"ImageObject","inLanguage":"fr-FR","@id":"https:\/\/inow.ch\/#\/schema\/logo\/image\/","url":"https:\/\/inow.ch\/wp-content\/uploads\/2021\/08\/210629_Logo_INOW_Pos.png","contentUrl":"https:\/\/inow.ch\/wp-content\/uploads\/2021\/08\/210629_Logo_INOW_Pos.png","width":1749,"height":1241,"caption":"iNOW.ch"},"image":{"@id":"https:\/\/inow.ch\/#\/schema\/logo\/image\/"}}]}},"_links":{"self":[{"href":"https:\/\/inow.ch\/fr\/wp-json\/wp\/v2\/pages\/24826"}],"collection":[{"href":"https:\/\/inow.ch\/fr\/wp-json\/wp\/v2\/pages"}],"about":[{"href":"https:\/\/inow.ch\/fr\/wp-json\/wp\/v2\/types\/page"}],"author":[{"embeddable":true,"href":"https:\/\/inow.ch\/fr\/wp-json\/wp\/v2\/users\/668"}],"replies":[{"embeddable":true,"href":"https:\/\/inow.ch\/fr\/wp-json\/wp\/v2\/comments?post=24826"}],"version-history":[{"count":90,"href":"https:\/\/inow.ch\/fr\/wp-json\/wp\/v2\/pages\/24826\/revisions"}],"predecessor-version":[{"id":30784,"href":"https:\/\/inow.ch\/fr\/wp-json\/wp\/v2\/pages\/24826\/revisions\/30784"}],"wp:attachment":[{"href":"https:\/\/inow.ch\/fr\/wp-json\/wp\/v2\/media?parent=24826"}],"curies":[{"name":"wp","href":"https:\/\/api.w.org\/{rel}","templated":true}]}}