{"id":15536,"date":"2023-06-21T09:23:38","date_gmt":"2023-06-21T09:23:38","guid":{"rendered":"https:\/\/inow.ch\/?page_id=15536"},"modified":"2023-06-21T09:25:11","modified_gmt":"2023-06-21T09:25:11","slug":"registration-roadtoroth","status":"publish","type":"page","link":"https:\/\/inow.ch\/fr\/registration-roadtoroth\/","title":{"rendered":"Registration Road to Roth"},"content":{"rendered":"<div data-elementor-type=\"wp-page\" data-elementor-id=\"15536\" class=\"elementor elementor-15536\" data-elementor-post-type=\"page\">\n\t\t\t\t\t\t<section class=\"elementor-section elementor-top-section elementor-element elementor-element-3e2357fb elementor-section-boxed elementor-section-height-default elementor-section-height-default\" data-id=\"3e2357fb\" data-element_type=\"section\">\n\t\t\t\t\t\t<div class=\"elementor-container elementor-column-gap-default\">\n\t\t\t\t\t<div class=\"elementor-column elementor-col-100 elementor-top-column elementor-element elementor-element-61b933ef\" data-id=\"61b933ef\" data-element_type=\"column\">\n\t\t\t<div class=\"elementor-widget-wrap elementor-element-populated\">\n\t\t\t\t\t\t<section class=\"elementor-section elementor-inner-section elementor-element elementor-element-52098e6b animated-slow elementor-section-boxed elementor-section-height-default elementor-section-height-default elementor-invisible\" data-id=\"52098e6b\" data-element_type=\"section\" data-settings=\"{&quot;animation&quot;:&quot;fadeIn&quot;}\">\n\t\t\t\t\t\t<div class=\"elementor-container elementor-column-gap-default\">\n\t\t\t\t\t<div class=\"elementor-column elementor-col-100 elementor-inner-column elementor-element elementor-element-699325ed\" data-id=\"699325ed\" data-element_type=\"column\" data-settings=\"{&quot;background_background&quot;:&quot;classic&quot;}\">\n\t\t\t<div class=\"elementor-widget-wrap elementor-element-populated\">\n\t\t\t\t\t\t<div class=\"elementor-element elementor-element-26e76c3d elementor-widget elementor-widget-image\" data-id=\"26e76c3d\" data-element_type=\"widget\" data-widget_type=\"image.default\">\n\t\t\t\t<div class=\"elementor-widget-container\">\n\t\t\t\t\t\t\t\t\t\t\t\t\t\t\t<img fetchpriority=\"high\" decoding=\"async\" width=\"1000\" height=\"1001\" src=\"https:\/\/inow.ch\/wp-content\/uploads\/2023\/06\/Road-to-Roth-RTM_SS101_C-RUNNING-Classic-Shirt-short-sleeve_front.png\" class=\"attachment-full size-full wp-image-15538\" alt=\"\" srcset=\"https:\/\/inow.ch\/wp-content\/uploads\/2023\/06\/Road-to-Roth-RTM_SS101_C-RUNNING-Classic-Shirt-short-sleeve_front.png 1000w, https:\/\/inow.ch\/wp-content\/uploads\/2023\/06\/Road-to-Roth-RTM_SS101_C-RUNNING-Classic-Shirt-short-sleeve_front-300x300.png 300w, https:\/\/inow.ch\/wp-content\/uploads\/2023\/06\/Road-to-Roth-RTM_SS101_C-RUNNING-Classic-Shirt-short-sleeve_front-150x150.png 150w, https:\/\/inow.ch\/wp-content\/uploads\/2023\/06\/Road-to-Roth-RTM_SS101_C-RUNNING-Classic-Shirt-short-sleeve_front-768x769.png 768w, https:\/\/inow.ch\/wp-content\/uploads\/2023\/06\/Road-to-Roth-RTM_SS101_C-RUNNING-Classic-Shirt-short-sleeve_front-12x12.png 12w, https:\/\/inow.ch\/wp-content\/uploads\/2023\/06\/Road-to-Roth-RTM_SS101_C-RUNNING-Classic-Shirt-short-sleeve_front-600x601.png 600w, https:\/\/inow.ch\/wp-content\/uploads\/2023\/06\/Road-to-Roth-RTM_SS101_C-RUNNING-Classic-Shirt-short-sleeve_front-100x100.png 100w\" sizes=\"(max-width: 1000px) 100vw, 1000px\" \/>\t\t\t\t\t\t\t\t\t\t\t\t\t\t\t<\/div>\n\t\t\t\t<\/div>\n\t\t\t\t<div class=\"elementor-element elementor-element-6c8e96f5 elementor-widget elementor-widget-text-editor\" data-id=\"6c8e96f5\" data-element_type=\"widget\" data-widget_type=\"text-editor.default\">\n\t\t\t\t<div class=\"elementor-widget-container\">\n\t\t\t\t\t\t\t\t\t<p>Enregistre-toi ici pour activer ta boutique<\/p>\t\t\t\t\t\t\t\t<\/div>\n\t\t\t\t<\/div>\n\t\t\t\t<div class=\"elementor-element elementor-element-4dc645ad elementor-widget elementor-widget-text-editor\" data-id=\"4dc645ad\" data-element_type=\"widget\" data-widget_type=\"text-editor.default\">\n\t\t\t\t<div class=\"elementor-widget-container\">\n\t\t\t\t\t\t\t\t\t<p>D\u00e9j\u00e0 inscrit ? <span style=\"text-decoration: underline;\"><a href=\"https:\/\/inow.ch\/fr\/mein-konto\/\">Se connecter ici<\/a><\/span><\/p>\t\t\t\t\t\t\t\t<\/div>\n\t\t\t\t<\/div>\n\t\t\t\t\t<\/div>\n\t\t<\/div>\n\t\t\t\t\t<\/div>\n\t\t<\/section>\n\t\t\t\t\t<\/div>\n\t\t<\/div>\n\t\t\t\t\t<\/div>\n\t\t<\/section>\n\t\t\t\t<section class=\"elementor-section elementor-top-section elementor-element elementor-element-fd66ae1 elementor-section-boxed elementor-section-height-default elementor-section-height-default\" data-id=\"fd66ae1\" data-element_type=\"section\">\n\t\t\t\t\t\t<div class=\"elementor-container elementor-column-gap-default\">\n\t\t\t\t\t<div class=\"elementor-column elementor-col-100 elementor-top-column elementor-element elementor-element-5327744\" data-id=\"5327744\" data-element_type=\"column\">\n\t\t\t<div class=\"elementor-widget-wrap elementor-element-populated\">\n\t\t\t\t\t\t<div class=\"elementor-element elementor-element-0489e6f elementor-widget elementor-widget-wp-widget-erforms-form-widget\" data-id=\"0489e6f\" data-element_type=\"widget\" data-widget_type=\"wp-widget-erforms-form-widget.default\">\n\t\t\t\t<div class=\"elementor-widget-container\">\n\t\t\t\t\t<div id=\"erf_form_container_15535\" class=\"erf-container erf-label-top erf-layout-one-column erf-style-flat\">\n        <div class=\"erf-reg-form-container\" style=\"\">\n            \n        \n             \n                            <div class=\"erf-content-above\">\n                                    <\/div>\n                <form method=\"post\" enctype=\"multipart\/form-data\" class=\"erf-form erf-front-form\" data-parsley-validate=\"\" novalidate=\"true\" autocomplete=\"off\" data-erf-submission-id=\"0\" data-erf-form-id=\"15535\" action=\"\">\n                    <div class=\"erf-form-html\" id=\"erf_form_15535\">\n                        <div class=\"rendered-form\">\n                        <div class=\"erf-text form-group field-text-7ZlxM4 erf-element-width-12\"><label for=\"text-7ZlxM4\" class=\"erf-text-label\">Pr\u00e9nom<span class=\"erf-required\">*<\/span><\/label><input type='text' class='form-control' name='text-7ZlxM4' data-ref-label='First_Name' required='required' id='text-7ZlxM4'  \/><\/div><div class=\"erf-text form-group field-text-PdyRtA erf-element-width-12\"><label for=\"text-PdyRtA\" class=\"erf-text-label\">Nom de famille<span class=\"erf-required\">*<\/span><\/label><input type='text' class='form-control' name='text-PdyRtA' data-ref-label='Last_Name' required='required' id='text-PdyRtA'  \/><\/div><div class=\"erf-email form-group field-text-kIiOSz erf-element-width-12\"><label for=\"text-kIiOSz\" class=\"erf-email-label\">courrier \u00e9lectronique<span class=\"erf-required\">*<\/span><\/label><input type='email' required='1' class='form-control' name='text-kIiOSz' data-ref-label='User_Email' id='text-kIiOSz'  \/><\/div><div class=\"erf-password form-group field-text-ymHGEU erf-element-width-12\"><label for=\"text-ymHGEU\" class=\"erf-password-label\">Mot de passe<span class=\"erf-required\">*<\/span><\/label><input type='password' required='1' class='form-control' name='text-ymHGEU' data-ref-label='Password' id='text-ymHGEU'  \/><\/div><div class=\"erf-password form-group field-text-Hoxt2UA4NZ erf-element-width-12\"><label for=\"text-Hoxt2UA4NZ\" class=\"erf-password-label\">Confirmer le mot de passe<span class=\"erf-required\">*<\/span><\/label><input type='password' required='1' class='form-control' name='text-Hoxt2UA4NZ' data-ref-label='Password' data-parsley-confirm-password='text-ymHGEU' id='text-Hoxt2UA4NZ'  \/><\/div><div class=\"erf-button form-group field-button-1lzVng erf-element-width-12\"><button type='submit'class='btn btn-default'name='button-1lzVng'data-ref-label='Register'id='button-1lzVng'>S'inscrire<\/button><\/div>                        <\/div>    \n                    <\/div>   \n\n                    <div class=\"erf-external-form-elements\">\n                        \n                        \n\n                        \n                        \n                                                <div class=\"erf-errors\" style=\"display:none\">\n                            <span class=\"erf-errors-head erf-error-row\">Une erreur s'est produite. Veuillez confirmer vos donn\u00e9es et soumettre \u00e0 nouveau :<\/span>\n                            <div class=\"erf-errors-body\">\n                                                            <\/div> \n                        <\/div>    \n                    <\/div>\n\n                    <!-- Contains multipage Next,Previous buttons -->\n                    <div class=\"erf-form-nav clearfix\"><\/div>  \n\n                    <!-- Single page form button -->\n                    <div class=\"erf-submit-button clearfix\"><\/div>\n\n                    <input type=\"hidden\" name=\"erform_id\" value=\"15535\" \/>\n                    <input type=\"hidden\" id=\"erform_submission_nonce\" name=\"erform_submission_nonce\" value=\"8ca3624ec7\" \/><input type=\"hidden\" name=\"_wp_http_referer\" value=\"\/fr\/wp-json\/wp\/v2\/pages\/15536\" \/>                    <input type=\"hidden\" name=\"action\" value=\"erf_submit_form\" \/>\n                    <input type=\"hidden\" name=\"redirect_to\" id=\"erform_redirect_to\" \/>\n\n                    \n                    \n\n                <input type=\"hidden\" name=\"trp-form-language\" value=\"fr\"\/><\/form>\n                        <\/div>\n\n    \n<\/div>\n\t\t\t\t<\/div>\n\t\t\t\t<\/div>\n\t\t\t\t\t<\/div>\n\t\t<\/div>\n\t\t\t\t\t<\/div>\n\t\t<\/section>\n\t\t\t\t<\/div>","protected":false},"excerpt":{"rendered":"<p>Inscris-toi ici pour d\u00e9bloquer ta boutique D\u00e9j\u00e0 inscrit ? Connecte-toi ici<\/p>","protected":false},"author":7,"featured_media":0,"parent":0,"menu_order":0,"comment_status":"closed","ping_status":"closed","template":"","meta":{"_acf_changed":false,"ocean_post_layout":"","ocean_both_sidebars_style":"","ocean_both_sidebars_content_width":0,"ocean_both_sidebars_sidebars_width":0,"ocean_sidebar":"0","ocean_second_sidebar":"0","ocean_disable_margins":"enable","ocean_add_body_class":"","ocean_shortcode_before_top_bar":"","ocean_shortcode_after_top_bar":"","ocean_shortcode_before_header":"","ocean_shortcode_after_header":"","ocean_has_shortcode":"","ocean_shortcode_after_title":"","ocean_shortcode_before_footer_widgets":"","ocean_shortcode_after_footer_widgets":"","ocean_shortcode_before_footer_bottom":"","ocean_shortcode_after_footer_bottom":"","ocean_display_top_bar":"default","ocean_display_header":"default","ocean_header_style":"","ocean_center_header_left_menu":"0","ocean_custom_header_template":"0","ocean_custom_logo":0,"ocean_custom_retina_logo":0,"ocean_custom_logo_max_width":0,"ocean_custom_logo_tablet_max_width":0,"ocean_custom_logo_mobile_max_width":0,"ocean_custom_logo_max_height":0,"ocean_custom_logo_tablet_max_height":0,"ocean_custom_logo_mobile_max_height":0,"ocean_header_custom_menu":"0","ocean_menu_typo_font_family":"0","ocean_menu_typo_font_subset":"","ocean_menu_typo_font_size":0,"ocean_menu_typo_font_size_tablet":0,"ocean_menu_typo_font_size_mobile":0,"ocean_menu_typo_font_size_unit":"px","ocean_menu_typo_font_weight":"","ocean_menu_typo_font_weight_tablet":"","ocean_menu_typo_font_weight_mobile":"","ocean_menu_typo_transform":"","ocean_menu_typo_transform_tablet":"","ocean_menu_typo_transform_mobile":"","ocean_menu_typo_line_height":0,"ocean_menu_typo_line_height_tablet":0,"ocean_menu_typo_line_height_mobile":0,"ocean_menu_typo_line_height_unit":"","ocean_menu_typo_spacing":0,"ocean_menu_typo_spacing_tablet":0,"ocean_menu_typo_spacing_mobile":0,"ocean_menu_typo_spacing_unit":"","ocean_menu_link_color":"","ocean_menu_link_color_hover":"","ocean_menu_link_color_active":"","ocean_menu_link_background":"","ocean_menu_link_hover_background":"","ocean_menu_link_active_background":"","ocean_menu_social_links_bg":"","ocean_menu_social_hover_links_bg":"","ocean_menu_social_links_color":"","ocean_menu_social_hover_links_color":"","ocean_disable_title":"default","ocean_disable_heading":"default","ocean_post_title":"","ocean_post_subheading":"","ocean_post_title_style":"","ocean_post_title_background_color":"","ocean_post_title_background":0,"ocean_post_title_bg_image_position":"","ocean_post_title_bg_image_attachment":"","ocean_post_title_bg_image_repeat":"","ocean_post_title_bg_image_size":"","ocean_post_title_height":0,"ocean_post_title_bg_overlay":0.5,"ocean_post_title_bg_overlay_color":"","ocean_disable_breadcrumbs":"default","ocean_breadcrumbs_color":"","ocean_breadcrumbs_separator_color":"","ocean_breadcrumbs_links_color":"","ocean_breadcrumbs_links_hover_color":"","ocean_display_footer_widgets":"default","ocean_display_footer_bottom":"default","ocean_custom_footer_template":"0","footnotes":""},"class_list":["post-15536","page","type-page","status-publish","hentry","entry","owp-thumbs-layout-horizontal","owp-btn-normal","owp-tabs-layout-horizontal","has-no-thumbnails"],"acf":[],"yoast_head":"<!-- This site is optimized with the Yoast SEO plugin v24.8.1 - https:\/\/yoast.com\/wordpress\/plugins\/seo\/ -->\n<title>Registration Road to Roth - iNOW.ch<\/title>\n<meta name=\"robots\" content=\"index, follow, max-snippet:-1, max-image-preview:large, max-video-preview:-1\" \/>\n<link rel=\"canonical\" href=\"https:\/\/inow.ch\/fr\/registration-roadtoroth\/\" \/>\n<meta property=\"og:locale\" content=\"fr_FR\" \/>\n<meta property=\"og:type\" content=\"article\" \/>\n<meta property=\"og:title\" content=\"Registration Road to Roth - iNOW.ch\" \/>\n<meta property=\"og:description\" content=\"Registriere dich hier um deinen Shop freizuschalten Bereits registriert? Hier einloggen\" \/>\n<meta property=\"og:url\" content=\"https:\/\/inow.ch\/fr\/registration-roadtoroth\/\" \/>\n<meta property=\"og:site_name\" content=\"iNOW.ch\" \/>\n<meta property=\"article:modified_time\" content=\"2023-06-21T09:25:11+00:00\" \/>\n<meta property=\"og:image\" content=\"http:\/\/inow.ch\/wp-content\/uploads\/2023\/06\/Road-to-Roth-RTM_SS101_C-RUNNING-Classic-Shirt-short-sleeve_front.png\" \/>\n<meta name=\"twitter:card\" content=\"summary_large_image\" \/>\n<meta name=\"twitter:label1\" content=\"Dur\u00e9e de lecture estim\u00e9e\" \/>\n\t<meta name=\"twitter:data1\" content=\"1 minute\" \/>\n<script type=\"application\/ld+json\" class=\"yoast-schema-graph\">{\"@context\":\"https:\/\/schema.org\",\"@graph\":[{\"@type\":\"WebPage\",\"@id\":\"https:\/\/inow.ch\/fr\/registration-roadtoroth\/\",\"url\":\"https:\/\/inow.ch\/fr\/registration-roadtoroth\/\",\"name\":\"Registration Road to Roth - iNOW.ch\",\"isPartOf\":{\"@id\":\"https:\/\/inow.ch\/#website\"},\"primaryImageOfPage\":{\"@id\":\"https:\/\/inow.ch\/fr\/registration-roadtoroth\/#primaryimage\"},\"image\":{\"@id\":\"https:\/\/inow.ch\/fr\/registration-roadtoroth\/#primaryimage\"},\"thumbnailUrl\":\"http:\/\/inow.ch\/wp-content\/uploads\/2023\/06\/Road-to-Roth-RTM_SS101_C-RUNNING-Classic-Shirt-short-sleeve_front.png\",\"datePublished\":\"2023-06-21T09:23:38+00:00\",\"dateModified\":\"2023-06-21T09:25:11+00:00\",\"breadcrumb\":{\"@id\":\"https:\/\/inow.ch\/fr\/registration-roadtoroth\/#breadcrumb\"},\"inLanguage\":\"fr-FR\",\"potentialAction\":[{\"@type\":\"ReadAction\",\"target\":[\"https:\/\/inow.ch\/fr\/registration-roadtoroth\/\"]}]},{\"@type\":\"ImageObject\",\"inLanguage\":\"fr-FR\",\"@id\":\"https:\/\/inow.ch\/fr\/registration-roadtoroth\/#primaryimage\",\"url\":\"http:\/\/inow.ch\/wp-content\/uploads\/2023\/06\/Road-to-Roth-RTM_SS101_C-RUNNING-Classic-Shirt-short-sleeve_front.png\",\"contentUrl\":\"http:\/\/inow.ch\/wp-content\/uploads\/2023\/06\/Road-to-Roth-RTM_SS101_C-RUNNING-Classic-Shirt-short-sleeve_front.png\"},{\"@type\":\"BreadcrumbList\",\"@id\":\"https:\/\/inow.ch\/fr\/registration-roadtoroth\/#breadcrumb\",\"itemListElement\":[{\"@type\":\"ListItem\",\"position\":1,\"name\":\"Startseite\",\"item\":\"https:\/\/inow.ch\/\"},{\"@type\":\"ListItem\",\"position\":2,\"name\":\"Registration Road to Roth\"}]},{\"@type\":\"WebSite\",\"@id\":\"https:\/\/inow.ch\/#website\",\"url\":\"https:\/\/inow.ch\/\",\"name\":\"iNOW.ch\",\"description\":\"Teamshops\",\"publisher\":{\"@id\":\"https:\/\/inow.ch\/#organization\"},\"potentialAction\":[{\"@type\":\"SearchAction\",\"target\":{\"@type\":\"EntryPoint\",\"urlTemplate\":\"https:\/\/inow.ch\/?s={search_term_string}\"},\"query-input\":{\"@type\":\"PropertyValueSpecification\",\"valueRequired\":true,\"valueName\":\"search_term_string\"}}],\"inLanguage\":\"fr-FR\"},{\"@type\":\"Organization\",\"@id\":\"https:\/\/inow.ch\/#organization\",\"name\":\"iNOW.ch\",\"url\":\"https:\/\/inow.ch\/\",\"logo\":{\"@type\":\"ImageObject\",\"inLanguage\":\"fr-FR\",\"@id\":\"https:\/\/inow.ch\/#\/schema\/logo\/image\/\",\"url\":\"https:\/\/inow.ch\/wp-content\/uploads\/2021\/08\/210629_Logo_INOW_Pos.png\",\"contentUrl\":\"https:\/\/inow.ch\/wp-content\/uploads\/2021\/08\/210629_Logo_INOW_Pos.png\",\"width\":1749,\"height\":1241,\"caption\":\"iNOW.ch\"},\"image\":{\"@id\":\"https:\/\/inow.ch\/#\/schema\/logo\/image\/\"}}]}<\/script>\n<!-- \/ Yoast SEO plugin. -->","yoast_head_json":{"title":"Registration Road to Roth - iNOW.ch","robots":{"index":"index","follow":"follow","max-snippet":"max-snippet:-1","max-image-preview":"max-image-preview:large","max-video-preview":"max-video-preview:-1"},"canonical":"https:\/\/inow.ch\/fr\/registration-roadtoroth\/","og_locale":"fr_FR","og_type":"article","og_title":"Registration Road to Roth - iNOW.ch","og_description":"Registriere dich hier um deinen Shop freizuschalten Bereits registriert? Hier einloggen","og_url":"https:\/\/inow.ch\/fr\/registration-roadtoroth\/","og_site_name":"iNOW.ch","article_modified_time":"2023-06-21T09:25:11+00:00","og_image":[{"url":"http:\/\/inow.ch\/wp-content\/uploads\/2023\/06\/Road-to-Roth-RTM_SS101_C-RUNNING-Classic-Shirt-short-sleeve_front.png","type":"","width":"","height":""}],"twitter_card":"summary_large_image","twitter_misc":{"Dur\u00e9e de lecture estim\u00e9e":"1 minute"},"schema":{"@context":"https:\/\/schema.org","@graph":[{"@type":"WebPage","@id":"https:\/\/inow.ch\/fr\/registration-roadtoroth\/","url":"https:\/\/inow.ch\/fr\/registration-roadtoroth\/","name":"Registration Road to Roth - iNOW.ch","isPartOf":{"@id":"https:\/\/inow.ch\/#website"},"primaryImageOfPage":{"@id":"https:\/\/inow.ch\/fr\/registration-roadtoroth\/#primaryimage"},"image":{"@id":"https:\/\/inow.ch\/fr\/registration-roadtoroth\/#primaryimage"},"thumbnailUrl":"http:\/\/inow.ch\/wp-content\/uploads\/2023\/06\/Road-to-Roth-RTM_SS101_C-RUNNING-Classic-Shirt-short-sleeve_front.png","datePublished":"2023-06-21T09:23:38+00:00","dateModified":"2023-06-21T09:25:11+00:00","breadcrumb":{"@id":"https:\/\/inow.ch\/fr\/registration-roadtoroth\/#breadcrumb"},"inLanguage":"fr-FR","potentialAction":[{"@type":"ReadAction","target":["https:\/\/inow.ch\/fr\/registration-roadtoroth\/"]}]},{"@type":"ImageObject","inLanguage":"fr-FR","@id":"https:\/\/inow.ch\/fr\/registration-roadtoroth\/#primaryimage","url":"http:\/\/inow.ch\/wp-content\/uploads\/2023\/06\/Road-to-Roth-RTM_SS101_C-RUNNING-Classic-Shirt-short-sleeve_front.png","contentUrl":"http:\/\/inow.ch\/wp-content\/uploads\/2023\/06\/Road-to-Roth-RTM_SS101_C-RUNNING-Classic-Shirt-short-sleeve_front.png"},{"@type":"BreadcrumbList","@id":"https:\/\/inow.ch\/fr\/registration-roadtoroth\/#breadcrumb","itemListElement":[{"@type":"ListItem","position":1,"name":"Startseite","item":"https:\/\/inow.ch\/"},{"@type":"ListItem","position":2,"name":"Registration Road to Roth"}]},{"@type":"WebSite","@id":"https:\/\/inow.ch\/#website","url":"https:\/\/inow.ch\/","name":"iNOW.ch","description":"Magasins de l'\u00e9quipe","publisher":{"@id":"https:\/\/inow.ch\/#organization"},"potentialAction":[{"@type":"SearchAction","target":{"@type":"EntryPoint","urlTemplate":"https:\/\/inow.ch\/?s={search_term_string}"},"query-input":{"@type":"PropertyValueSpecification","valueRequired":true,"valueName":"search_term_string"}}],"inLanguage":"fr-FR"},{"@type":"Organization","@id":"https:\/\/inow.ch\/#organization","name":"iNOW.ch","url":"https:\/\/inow.ch\/","logo":{"@type":"ImageObject","inLanguage":"fr-FR","@id":"https:\/\/inow.ch\/#\/schema\/logo\/image\/","url":"https:\/\/inow.ch\/wp-content\/uploads\/2021\/08\/210629_Logo_INOW_Pos.png","contentUrl":"https:\/\/inow.ch\/wp-content\/uploads\/2021\/08\/210629_Logo_INOW_Pos.png","width":1749,"height":1241,"caption":"iNOW.ch"},"image":{"@id":"https:\/\/inow.ch\/#\/schema\/logo\/image\/"}}]}},"_links":{"self":[{"href":"https:\/\/inow.ch\/fr\/wp-json\/wp\/v2\/pages\/15536"}],"collection":[{"href":"https:\/\/inow.ch\/fr\/wp-json\/wp\/v2\/pages"}],"about":[{"href":"https:\/\/inow.ch\/fr\/wp-json\/wp\/v2\/types\/page"}],"author":[{"embeddable":true,"href":"https:\/\/inow.ch\/fr\/wp-json\/wp\/v2\/users\/7"}],"replies":[{"embeddable":true,"href":"https:\/\/inow.ch\/fr\/wp-json\/wp\/v2\/comments?post=15536"}],"version-history":[{"count":0,"href":"https:\/\/inow.ch\/fr\/wp-json\/wp\/v2\/pages\/15536\/revisions"}],"wp:attachment":[{"href":"https:\/\/inow.ch\/fr\/wp-json\/wp\/v2\/media?parent=15536"}],"curies":[{"name":"wp","href":"https:\/\/api.w.org\/{rel}","templated":true}]}}