{"id":31039,"date":"2025-04-17T15:27:36","date_gmt":"2025-04-17T15:27:36","guid":{"rendered":"https:\/\/inow.ch\/?post_type=product&#038;p=31039"},"modified":"2025-04-22T11:43:28","modified_gmt":"2025-04-22T11:43:28","slug":"riderman-merch-25-de-lifestyle-shorts-light","status":"publish","type":"product","link":"https:\/\/inow.ch\/en\/product\/riderman-merch-25-de-lifestyle-shorts-light\/","title":{"rendered":"RiderMan-Merch-25-EN Lifestyle Shorts light"},"content":{"rendered":"<p>- XS - 3XL<br \/>\n- elastic lightweight 4-way stretch material<br \/>\n- Quick-drying material<br \/>\n- Waist opening with zipper and press stud<br \/>\n- Adjustable inner waistband with button system<br \/>\n- Fully printable<br \/>\n- Two hand pockets<br \/>\n- Reflective logo on the front and back<\/p>","protected":false},"excerpt":{"rendered":"<p>Lightweight shorts with a relaxed fit. Stretchy polyester and elastane material<br \/>\nguarantee a comfortable fit. The waistband opening has a zip and press stud and the inner waistband can be adjusted using a tried-and-tested button system. Fully printable.<\/p>\n<p>These lifestyle shorts can be used for various sports or everyday wear. They are very popular with our customers thanks to their comfortable fit.<\/p>","protected":false},"featured_media":30714,"template":"","meta":{"_acf_changed":false,"ocean_post_layout":"","ocean_both_sidebars_style":"","ocean_both_sidebars_content_width":0,"ocean_both_sidebars_sidebars_width":0,"ocean_sidebar":"0","ocean_second_sidebar":"0","ocean_disable_margins":"enable","ocean_add_body_class":"","ocean_shortcode_before_top_bar":"","ocean_shortcode_after_top_bar":"","ocean_shortcode_before_header":"","ocean_shortcode_after_header":"","ocean_has_shortcode":"","ocean_shortcode_after_title":"","ocean_shortcode_before_footer_widgets":"","ocean_shortcode_after_footer_widgets":"","ocean_shortcode_before_footer_bottom":"","ocean_shortcode_after_footer_bottom":"","ocean_display_top_bar":"default","ocean_display_header":"default","ocean_header_style":"","ocean_center_header_left_menu":"0","ocean_custom_header_template":"0","ocean_custom_logo":0,"ocean_custom_retina_logo":0,"ocean_custom_logo_max_width":0,"ocean_custom_logo_tablet_max_width":0,"ocean_custom_logo_mobile_max_width":0,"ocean_custom_logo_max_height":0,"ocean_custom_logo_tablet_max_height":0,"ocean_custom_logo_mobile_max_height":0,"ocean_header_custom_menu":"0","ocean_menu_typo_font_family":"0","ocean_menu_typo_font_subset":"","ocean_menu_typo_font_size":0,"ocean_menu_typo_font_size_tablet":0,"ocean_menu_typo_font_size_mobile":0,"ocean_menu_typo_font_size_unit":"px","ocean_menu_typo_font_weight":"","ocean_menu_typo_font_weight_tablet":"","ocean_menu_typo_font_weight_mobile":"","ocean_menu_typo_transform":"","ocean_menu_typo_transform_tablet":"","ocean_menu_typo_transform_mobile":"","ocean_menu_typo_line_height":0,"ocean_menu_typo_line_height_tablet":0,"ocean_menu_typo_line_height_mobile":0,"ocean_menu_typo_line_height_unit":"","ocean_menu_typo_spacing":0,"ocean_menu_typo_spacing_tablet":0,"ocean_menu_typo_spacing_mobile":0,"ocean_menu_typo_spacing_unit":"","ocean_menu_link_color":"","ocean_menu_link_color_hover":"","ocean_menu_link_color_active":"","ocean_menu_link_background":"","ocean_menu_link_hover_background":"","ocean_menu_link_active_background":"","ocean_menu_social_links_bg":"","ocean_menu_social_hover_links_bg":"","ocean_menu_social_links_color":"","ocean_menu_social_hover_links_color":"","ocean_disable_title":"default","ocean_disable_heading":"default","ocean_post_title":"","ocean_post_subheading":"","ocean_post_title_style":"","ocean_post_title_background_color":"","ocean_post_title_background":0,"ocean_post_title_bg_image_position":"","ocean_post_title_bg_image_attachment":"","ocean_post_title_bg_image_repeat":"","ocean_post_title_bg_image_size":"","ocean_post_title_height":0,"ocean_post_title_bg_overlay":0.5,"ocean_post_title_bg_overlay_color":"","ocean_disable_breadcrumbs":"default","ocean_breadcrumbs_color":"","ocean_breadcrumbs_separator_color":"","ocean_breadcrumbs_links_color":"","ocean_breadcrumbs_links_hover_color":"","ocean_display_footer_widgets":"default","ocean_display_footer_bottom":"default","ocean_custom_footer_template":"0"},"product_brand":[],"product_cat":[242],"product_tag":[],"class_list":{"0":"post-31039","1":"product","2":"type-product","3":"status-publish","4":"has-post-thumbnail","6":"product_cat-riderman-merch-25-de","8":"entry","9":"has-media","11":"first","12":"instock","13":"taxable","14":"shipping-taxable","15":"purchasable","16":"product-type-variable","17":"col","18":"span_1_of_4","19":"owp-content-center","20":"owp-thumbs-layout-horizontal","21":"owp-btn-normal","22":"owp-tabs-layout-horizontal"},"acf":[],"yoast_head":"<!-- This site is optimized with the Yoast SEO plugin v24.8.1 - https:\/\/yoast.com\/wordpress\/plugins\/seo\/ -->\n<title>RiderMan-Merch-25-DE Lifestyle Shorts light - iNOW.ch<\/title>\n<meta name=\"robots\" content=\"index, follow, max-snippet:-1, max-image-preview:large, max-video-preview:-1\" \/>\n<link rel=\"canonical\" href=\"https:\/\/inow.ch\/en\/product\/riderman-merch-25-de-lifestyle-shorts-light\/\" \/>\n<meta property=\"og:locale\" content=\"en_GB\" \/>\n<meta property=\"og:type\" content=\"article\" \/>\n<meta property=\"og:title\" content=\"RiderMan-Merch-25-DE Lifestyle Shorts light - iNOW.ch\" \/>\n<meta property=\"og:description\" content=\"Leichte Short mit entspannter Passform. Elastisches Polyester- und Elasthan-Material gew\u00e4hrleisten einen angenehmen Tragekomfort. Die Bund\u00f6ffnung ist mit Reissverschluss und Druckknopf ausgestattet und der Innenbund ist durch ein bew\u00e4hrtes Knopfsystem verstellbar. Vollfl\u00e4chig bedruckbar.  Diese kurze Lifestyle Hose kann f\u00fcr diverse Sportarten oder im Alltag eingesetzt werden. Durch ihren angenehmen Tragekomfort ist sie bei unseren Kunden sehr beliebt.\" \/>\n<meta property=\"og:url\" content=\"https:\/\/inow.ch\/en\/product\/riderman-merch-25-de-lifestyle-shorts-light\/\" \/>\n<meta property=\"og:site_name\" content=\"iNOW.ch\" \/>\n<meta property=\"article:modified_time\" content=\"2025-04-22T11:43:28+00:00\" \/>\n<meta property=\"og:image\" content=\"http:\/\/inow.ch\/wp-content\/uploads\/2025\/04\/RiderMan-Merch-25-DE-LBM_SH001-LIFESTYLE-Shorts-light_front.png\" \/>\n\t<meta property=\"og:image:width\" content=\"500\" \/>\n\t<meta property=\"og:image:height\" content=\"501\" \/>\n\t<meta property=\"og:image:type\" content=\"image\/png\" \/>\n<meta name=\"twitter:card\" content=\"summary_large_image\" \/>\n<meta name=\"twitter:label1\" content=\"Estimated reading time\" \/>\n\t<meta name=\"twitter:data1\" content=\"1 minute\" \/>\n<script type=\"application\/ld+json\" class=\"yoast-schema-graph\">{\"@context\":\"https:\/\/schema.org\",\"@graph\":[{\"@type\":\"WebPage\",\"@id\":\"https:\/\/inow.ch\/produkt\/riderman-merch-25-de-lifestyle-shorts-light\/\",\"url\":\"https:\/\/inow.ch\/produkt\/riderman-merch-25-de-lifestyle-shorts-light\/\",\"name\":\"RiderMan-Merch-25-DE Lifestyle Shorts light - iNOW.ch\",\"isPartOf\":{\"@id\":\"https:\/\/inow.ch\/#website\"},\"primaryImageOfPage\":{\"@id\":\"https:\/\/inow.ch\/produkt\/riderman-merch-25-de-lifestyle-shorts-light\/#primaryimage\"},\"image\":{\"@id\":\"https:\/\/inow.ch\/produkt\/riderman-merch-25-de-lifestyle-shorts-light\/#primaryimage\"},\"thumbnailUrl\":\"https:\/\/inow.ch\/wp-content\/uploads\/2025\/04\/RiderMan-Merch-25-DE-LBM_SH001-LIFESTYLE-Shorts-light_front.png\",\"datePublished\":\"2025-04-17T15:27:36+00:00\",\"dateModified\":\"2025-04-22T11:43:28+00:00\",\"breadcrumb\":{\"@id\":\"https:\/\/inow.ch\/produkt\/riderman-merch-25-de-lifestyle-shorts-light\/#breadcrumb\"},\"inLanguage\":\"en-GB\",\"potentialAction\":[{\"@type\":\"ReadAction\",\"target\":[\"https:\/\/inow.ch\/produkt\/riderman-merch-25-de-lifestyle-shorts-light\/\"]}]},{\"@type\":\"ImageObject\",\"inLanguage\":\"en-GB\",\"@id\":\"https:\/\/inow.ch\/produkt\/riderman-merch-25-de-lifestyle-shorts-light\/#primaryimage\",\"url\":\"https:\/\/inow.ch\/wp-content\/uploads\/2025\/04\/RiderMan-Merch-25-DE-LBM_SH001-LIFESTYLE-Shorts-light_front.png\",\"contentUrl\":\"https:\/\/inow.ch\/wp-content\/uploads\/2025\/04\/RiderMan-Merch-25-DE-LBM_SH001-LIFESTYLE-Shorts-light_front.png\",\"width\":500,\"height\":501},{\"@type\":\"BreadcrumbList\",\"@id\":\"https:\/\/inow.ch\/produkt\/riderman-merch-25-de-lifestyle-shorts-light\/#breadcrumb\",\"itemListElement\":[{\"@type\":\"ListItem\",\"position\":1,\"name\":\"Startseite\",\"item\":\"https:\/\/inow.ch\/\"},{\"@type\":\"ListItem\",\"position\":2,\"name\":\"Shop\",\"item\":\"https:\/\/inow.ch\/fr\/shop\/\"},{\"@type\":\"ListItem\",\"position\":3,\"name\":\"RiderMan-Merch-25-DE Lifestyle Shorts light\"}]},{\"@type\":\"WebSite\",\"@id\":\"https:\/\/inow.ch\/#website\",\"url\":\"https:\/\/inow.ch\/\",\"name\":\"iNOW.ch\",\"description\":\"Teamshops\",\"publisher\":{\"@id\":\"https:\/\/inow.ch\/#organization\"},\"potentialAction\":[{\"@type\":\"SearchAction\",\"target\":{\"@type\":\"EntryPoint\",\"urlTemplate\":\"https:\/\/inow.ch\/?s={search_term_string}\"},\"query-input\":{\"@type\":\"PropertyValueSpecification\",\"valueRequired\":true,\"valueName\":\"search_term_string\"}}],\"inLanguage\":\"en-GB\"},{\"@type\":\"Organization\",\"@id\":\"https:\/\/inow.ch\/#organization\",\"name\":\"iNOW.ch\",\"url\":\"https:\/\/inow.ch\/\",\"logo\":{\"@type\":\"ImageObject\",\"inLanguage\":\"en-GB\",\"@id\":\"https:\/\/inow.ch\/#\/schema\/logo\/image\/\",\"url\":\"https:\/\/inow.ch\/wp-content\/uploads\/2021\/08\/210629_Logo_INOW_Pos.png\",\"contentUrl\":\"https:\/\/inow.ch\/wp-content\/uploads\/2021\/08\/210629_Logo_INOW_Pos.png\",\"width\":1749,\"height\":1241,\"caption\":\"iNOW.ch\"},\"image\":{\"@id\":\"https:\/\/inow.ch\/#\/schema\/logo\/image\/\"}}]}<\/script>\n<!-- \/ Yoast SEO plugin. -->","yoast_head_json":{"title":"RiderMan-Merch-25-DE Lifestyle Shorts light - iNOW.ch","robots":{"index":"index","follow":"follow","max-snippet":"max-snippet:-1","max-image-preview":"max-image-preview:large","max-video-preview":"max-video-preview:-1"},"canonical":"https:\/\/inow.ch\/en\/product\/riderman-merch-25-de-lifestyle-shorts-light\/","og_locale":"en_GB","og_type":"article","og_title":"RiderMan-Merch-25-DE Lifestyle Shorts light - iNOW.ch","og_description":"Leichte Short mit entspannter Passform. Elastisches Polyester- und Elasthan-Material gew\u00e4hrleisten einen angenehmen Tragekomfort. Die Bund\u00f6ffnung ist mit Reissverschluss und Druckknopf ausgestattet und der Innenbund ist durch ein bew\u00e4hrtes Knopfsystem verstellbar. Vollfl\u00e4chig bedruckbar.  Diese kurze Lifestyle Hose kann f\u00fcr diverse Sportarten oder im Alltag eingesetzt werden. Durch ihren angenehmen Tragekomfort ist sie bei unseren Kunden sehr beliebt.","og_url":"https:\/\/inow.ch\/en\/product\/riderman-merch-25-de-lifestyle-shorts-light\/","og_site_name":"iNOW.ch","article_modified_time":"2025-04-22T11:43:28+00:00","og_image":[{"width":500,"height":501,"url":"http:\/\/inow.ch\/wp-content\/uploads\/2025\/04\/RiderMan-Merch-25-DE-LBM_SH001-LIFESTYLE-Shorts-light_front.png","type":"image\/png"}],"twitter_card":"summary_large_image","twitter_misc":{"Estimated reading time":"1 minute"},"schema":{"@context":"https:\/\/schema.org","@graph":[{"@type":"WebPage","@id":"https:\/\/inow.ch\/produkt\/riderman-merch-25-de-lifestyle-shorts-light\/","url":"https:\/\/inow.ch\/produkt\/riderman-merch-25-de-lifestyle-shorts-light\/","name":"RiderMan-Merch-25-DE Lifestyle Shorts light - iNOW.ch","isPartOf":{"@id":"https:\/\/inow.ch\/#website"},"primaryImageOfPage":{"@id":"https:\/\/inow.ch\/produkt\/riderman-merch-25-de-lifestyle-shorts-light\/#primaryimage"},"image":{"@id":"https:\/\/inow.ch\/produkt\/riderman-merch-25-de-lifestyle-shorts-light\/#primaryimage"},"thumbnailUrl":"https:\/\/inow.ch\/wp-content\/uploads\/2025\/04\/RiderMan-Merch-25-DE-LBM_SH001-LIFESTYLE-Shorts-light_front.png","datePublished":"2025-04-17T15:27:36+00:00","dateModified":"2025-04-22T11:43:28+00:00","breadcrumb":{"@id":"https:\/\/inow.ch\/produkt\/riderman-merch-25-de-lifestyle-shorts-light\/#breadcrumb"},"inLanguage":"en-GB","potentialAction":[{"@type":"ReadAction","target":["https:\/\/inow.ch\/produkt\/riderman-merch-25-de-lifestyle-shorts-light\/"]}]},{"@type":"ImageObject","inLanguage":"en-GB","@id":"https:\/\/inow.ch\/produkt\/riderman-merch-25-de-lifestyle-shorts-light\/#primaryimage","url":"https:\/\/inow.ch\/wp-content\/uploads\/2025\/04\/RiderMan-Merch-25-DE-LBM_SH001-LIFESTYLE-Shorts-light_front.png","contentUrl":"https:\/\/inow.ch\/wp-content\/uploads\/2025\/04\/RiderMan-Merch-25-DE-LBM_SH001-LIFESTYLE-Shorts-light_front.png","width":500,"height":501},{"@type":"BreadcrumbList","@id":"https:\/\/inow.ch\/produkt\/riderman-merch-25-de-lifestyle-shorts-light\/#breadcrumb","itemListElement":[{"@type":"ListItem","position":1,"name":"Startseite","item":"https:\/\/inow.ch\/"},{"@type":"ListItem","position":2,"name":"Shop","item":"https:\/\/inow.ch\/fr\/shop\/"},{"@type":"ListItem","position":3,"name":"RiderMan-Merch-25-DE Lifestyle Shorts light"}]},{"@type":"WebSite","@id":"https:\/\/inow.ch\/#website","url":"https:\/\/inow.ch\/","name":"iNOW.ch","description":"Teamshops","publisher":{"@id":"https:\/\/inow.ch\/#organization"},"potentialAction":[{"@type":"SearchAction","target":{"@type":"EntryPoint","urlTemplate":"https:\/\/inow.ch\/?s={search_term_string}"},"query-input":{"@type":"PropertyValueSpecification","valueRequired":true,"valueName":"search_term_string"}}],"inLanguage":"en-GB"},{"@type":"Organization","@id":"https:\/\/inow.ch\/#organization","name":"iNOW.ch","url":"https:\/\/inow.ch\/","logo":{"@type":"ImageObject","inLanguage":"en-GB","@id":"https:\/\/inow.ch\/#\/schema\/logo\/image\/","url":"https:\/\/inow.ch\/wp-content\/uploads\/2021\/08\/210629_Logo_INOW_Pos.png","contentUrl":"https:\/\/inow.ch\/wp-content\/uploads\/2021\/08\/210629_Logo_INOW_Pos.png","width":1749,"height":1241,"caption":"iNOW.ch"},"image":{"@id":"https:\/\/inow.ch\/#\/schema\/logo\/image\/"}}]}},"_links":{"self":[{"href":"https:\/\/inow.ch\/en\/wp-json\/wp\/v2\/product\/31039"}],"collection":[{"href":"https:\/\/inow.ch\/en\/wp-json\/wp\/v2\/product"}],"about":[{"href":"https:\/\/inow.ch\/en\/wp-json\/wp\/v2\/types\/product"}],"wp:featuredmedia":[{"embeddable":true,"href":"https:\/\/inow.ch\/en\/wp-json\/wp\/v2\/media\/30714"}],"wp:attachment":[{"href":"https:\/\/inow.ch\/en\/wp-json\/wp\/v2\/media?parent=31039"}],"wp:term":[{"taxonomy":"product_brand","embeddable":true,"href":"https:\/\/inow.ch\/en\/wp-json\/wp\/v2\/product_brand?post=31039"},{"taxonomy":"product_cat","embeddable":true,"href":"https:\/\/inow.ch\/en\/wp-json\/wp\/v2\/product_cat?post=31039"},{"taxonomy":"product_tag","embeddable":true,"href":"https:\/\/inow.ch\/en\/wp-json\/wp\/v2\/product_tag?post=31039"}],"curies":[{"name":"wp","href":"https:\/\/api.w.org\/{rel}","templated":true}]}}