{"id":28849,"date":"2025-01-16T12:30:57","date_gmt":"2025-01-16T12:30:57","guid":{"rendered":"https:\/\/inow.ch\/?post_type=product&#038;p=28849"},"modified":"2025-04-08T09:55:17","modified_gmt":"2025-04-08T09:55:17","slug":"inow-legends-25-ch-triathlon-2in1-pro-suit-short-sleeve-2","status":"publish","type":"product","link":"https:\/\/inow.ch\/en\/product\/inow-legends-25-ch-triathlon-2in1-pro-suit-short-sleeve-2\/","title":{"rendered":"iNOW-Legends-25-CH Triathlon 2in1 Pro Suit short sleeve"},"content":{"rendered":"<p>- Pro Line | XXS - 2XL<br \/>\n- Breathable and quick drying material<br \/>\n- Ball - cut on the arm<br \/>\n- Seamless arm cuffs<br \/>\n- Long YKK zip at the front<br \/>\n- 2 - compartment - back pocket<br \/>\n- Comfortable leg cuffs without tape with silicone on the inside<br \/>\n- Triathlon seat pad<\/p>","protected":false},"excerpt":{"rendered":"<p>Short-sleeved triathlon 2in1 one-piece with a tight fit is flexible and offers great freedom of movement. The separable zip at the front makes it easy to put on and take off. The ribbed aero material over the shoulders, under the arms and on the side panels ensures good ventilation and moulds perfectly to the body. Ball cut with seamless arm cuffs and seamless leg cuffs with silicone on the inside. Two perfectly positioned large pockets on the back for easy access and sufficient supplies. The ultra-light and elasticated polyester material on the front and back rounds off the 2in1 perfectly.<\/p>\n<p>This 2in1 one-piece offers a perfect fit for top performance and plenty of speed over long distances. You will hardly feel it and can perform at your best.<\/p>\n<p>Enjoy the speed!<\/p>","protected":false},"featured_media":29186,"template":"","meta":{"_acf_changed":false,"ocean_post_layout":"","ocean_both_sidebars_style":"","ocean_both_sidebars_content_width":0,"ocean_both_sidebars_sidebars_width":0,"ocean_sidebar":"0","ocean_second_sidebar":"0","ocean_disable_margins":"enable","ocean_add_body_class":"","ocean_shortcode_before_top_bar":"","ocean_shortcode_after_top_bar":"","ocean_shortcode_before_header":"","ocean_shortcode_after_header":"","ocean_has_shortcode":"","ocean_shortcode_after_title":"","ocean_shortcode_before_footer_widgets":"","ocean_shortcode_after_footer_widgets":"","ocean_shortcode_before_footer_bottom":"","ocean_shortcode_after_footer_bottom":"","ocean_display_top_bar":"default","ocean_display_header":"default","ocean_header_style":"","ocean_center_header_left_menu":"0","ocean_custom_header_template":"0","ocean_custom_logo":0,"ocean_custom_retina_logo":0,"ocean_custom_logo_max_width":0,"ocean_custom_logo_tablet_max_width":0,"ocean_custom_logo_mobile_max_width":0,"ocean_custom_logo_max_height":0,"ocean_custom_logo_tablet_max_height":0,"ocean_custom_logo_mobile_max_height":0,"ocean_header_custom_menu":"0","ocean_menu_typo_font_family":"0","ocean_menu_typo_font_subset":"","ocean_menu_typo_font_size":0,"ocean_menu_typo_font_size_tablet":0,"ocean_menu_typo_font_size_mobile":0,"ocean_menu_typo_font_size_unit":"px","ocean_menu_typo_font_weight":"","ocean_menu_typo_font_weight_tablet":"","ocean_menu_typo_font_weight_mobile":"","ocean_menu_typo_transform":"","ocean_menu_typo_transform_tablet":"","ocean_menu_typo_transform_mobile":"","ocean_menu_typo_line_height":0,"ocean_menu_typo_line_height_tablet":0,"ocean_menu_typo_line_height_mobile":0,"ocean_menu_typo_line_height_unit":"","ocean_menu_typo_spacing":0,"ocean_menu_typo_spacing_tablet":0,"ocean_menu_typo_spacing_mobile":0,"ocean_menu_typo_spacing_unit":"","ocean_menu_link_color":"","ocean_menu_link_color_hover":"","ocean_menu_link_color_active":"","ocean_menu_link_background":"","ocean_menu_link_hover_background":"","ocean_menu_link_active_background":"","ocean_menu_social_links_bg":"","ocean_menu_social_hover_links_bg":"","ocean_menu_social_links_color":"","ocean_menu_social_hover_links_color":"","ocean_disable_title":"default","ocean_disable_heading":"default","ocean_post_title":"","ocean_post_subheading":"","ocean_post_title_style":"","ocean_post_title_background_color":"","ocean_post_title_background":0,"ocean_post_title_bg_image_position":"","ocean_post_title_bg_image_attachment":"","ocean_post_title_bg_image_repeat":"","ocean_post_title_bg_image_size":"","ocean_post_title_height":0,"ocean_post_title_bg_overlay":0.5,"ocean_post_title_bg_overlay_color":"","ocean_disable_breadcrumbs":"default","ocean_breadcrumbs_color":"","ocean_breadcrumbs_separator_color":"","ocean_breadcrumbs_links_color":"","ocean_breadcrumbs_links_hover_color":"","ocean_display_footer_widgets":"default","ocean_display_footer_bottom":"default","ocean_custom_footer_template":"0"},"product_brand":[],"product_cat":[233],"product_tag":[],"class_list":{"0":"post-28849","1":"product","2":"type-product","3":"status-publish","4":"has-post-thumbnail","6":"product_cat-inow-legends-25-ch","8":"entry","9":"has-media","11":"first","12":"instock","13":"taxable","14":"shipping-taxable","15":"purchasable","16":"product-type-variable","17":"col","18":"span_1_of_4","19":"owp-content-center","20":"owp-thumbs-layout-horizontal","21":"owp-btn-normal","22":"owp-tabs-layout-horizontal"},"acf":[],"yoast_head":"<!-- This site is optimized with the Yoast SEO plugin v24.8.1 - https:\/\/yoast.com\/wordpress\/plugins\/seo\/ -->\n<title>iNOW-Legends-25-CH Triathlon 2in1 Pro Suit short sleeve - iNOW.ch<\/title>\n<meta name=\"robots\" content=\"index, follow, max-snippet:-1, max-image-preview:large, max-video-preview:-1\" \/>\n<link rel=\"canonical\" href=\"https:\/\/inow.ch\/en\/product\/inow-legends-25-ch-triathlon-2in1-pro-suit-short-sleeve-2\/\" \/>\n<meta property=\"og:locale\" content=\"en_GB\" \/>\n<meta property=\"og:type\" content=\"article\" \/>\n<meta property=\"og:title\" content=\"iNOW-Legends-25-CH Triathlon 2in1 Pro Suit short sleeve - iNOW.ch\" \/>\n<meta property=\"og:description\" content=\"Kurzarm Triathlon 2in1 \u2013 Einteiler mit enganliegender Passform ist flexibel und bietet grosse Bewegungsfreiheit. Der teilbare Reissverschluss in der Front erleichtert das An- und Ausziehen. Das gerippte Aero-Material \u00fcber den Schultern, unter den Armen und an den Seitenbahnen sorgt f\u00fcr eine gute Bel\u00fcftung und passt sich perfekt an den K\u00f6rper an. Kugelschnitt mit nahtlosem Armabschluss, sowie nahtlose Beinabschl\u00fcsse mit Silikon an der Innenseite. Zwei perfekt angebrachte grosse Taschen auf der R\u00fcckseite f\u00fcr einen einfachen Eingriff und gen\u00fcgend Verpflegung. In der Front und am R\u00fccken rundet das ultraleichte und elastische Polyester \u2013 Material den 2in1 hervorragend ab.  Dieser 2in1 \u2013 Einteiler bietet eine perfekte Passform f\u00fcr eine top Performance und viel Speed auf langen Distanzen. Du wirst ihn kaum sp\u00fcren und kannst so Bestleistungen zeigen.  Enjoy the speed!\" \/>\n<meta property=\"og:url\" content=\"https:\/\/inow.ch\/en\/product\/inow-legends-25-ch-triathlon-2in1-pro-suit-short-sleeve-2\/\" \/>\n<meta property=\"og:site_name\" content=\"iNOW.ch\" \/>\n<meta property=\"article:modified_time\" content=\"2025-04-08T09:55:17+00:00\" \/>\n<meta property=\"og:image\" content=\"https:\/\/inow.ch\/wp-content\/uploads\/2025\/01\/iNOW-Legends-25-CH-TSW_SU003_P-TRIATHLON-2in1-Pro-Suit-short-sleeve_front-1.png\" \/>\n\t<meta property=\"og:image:width\" content=\"500\" \/>\n\t<meta property=\"og:image:height\" content=\"501\" \/>\n\t<meta property=\"og:image:type\" content=\"image\/png\" \/>\n<meta name=\"twitter:card\" content=\"summary_large_image\" \/>\n<meta name=\"twitter:label1\" content=\"Estimated reading time\" \/>\n\t<meta name=\"twitter:data1\" content=\"1 minute\" \/>\n<script type=\"application\/ld+json\" class=\"yoast-schema-graph\">{\"@context\":\"https:\/\/schema.org\",\"@graph\":[{\"@type\":\"WebPage\",\"@id\":\"https:\/\/inow.ch\/produkt\/inow-legends-25-ch-triathlon-2in1-pro-suit-short-sleeve-2\/\",\"url\":\"https:\/\/inow.ch\/produkt\/inow-legends-25-ch-triathlon-2in1-pro-suit-short-sleeve-2\/\",\"name\":\"iNOW-Legends-25-CH Triathlon 2in1 Pro Suit short sleeve - iNOW.ch\",\"isPartOf\":{\"@id\":\"https:\/\/inow.ch\/#website\"},\"primaryImageOfPage\":{\"@id\":\"https:\/\/inow.ch\/produkt\/inow-legends-25-ch-triathlon-2in1-pro-suit-short-sleeve-2\/#primaryimage\"},\"image\":{\"@id\":\"https:\/\/inow.ch\/produkt\/inow-legends-25-ch-triathlon-2in1-pro-suit-short-sleeve-2\/#primaryimage\"},\"thumbnailUrl\":\"https:\/\/inow.ch\/wp-content\/uploads\/2025\/01\/iNOW-Legends-25-CH-TSW_SU003_P-TRIATHLON-2in1-Pro-Suit-short-sleeve_front-1.png\",\"datePublished\":\"2025-01-16T12:30:57+00:00\",\"dateModified\":\"2025-04-08T09:55:17+00:00\",\"breadcrumb\":{\"@id\":\"https:\/\/inow.ch\/produkt\/inow-legends-25-ch-triathlon-2in1-pro-suit-short-sleeve-2\/#breadcrumb\"},\"inLanguage\":\"en-GB\",\"potentialAction\":[{\"@type\":\"ReadAction\",\"target\":[\"https:\/\/inow.ch\/produkt\/inow-legends-25-ch-triathlon-2in1-pro-suit-short-sleeve-2\/\"]}]},{\"@type\":\"ImageObject\",\"inLanguage\":\"en-GB\",\"@id\":\"https:\/\/inow.ch\/produkt\/inow-legends-25-ch-triathlon-2in1-pro-suit-short-sleeve-2\/#primaryimage\",\"url\":\"https:\/\/inow.ch\/wp-content\/uploads\/2025\/01\/iNOW-Legends-25-CH-TSW_SU003_P-TRIATHLON-2in1-Pro-Suit-short-sleeve_front-1.png\",\"contentUrl\":\"https:\/\/inow.ch\/wp-content\/uploads\/2025\/01\/iNOW-Legends-25-CH-TSW_SU003_P-TRIATHLON-2in1-Pro-Suit-short-sleeve_front-1.png\",\"width\":500,\"height\":501},{\"@type\":\"BreadcrumbList\",\"@id\":\"https:\/\/inow.ch\/produkt\/inow-legends-25-ch-triathlon-2in1-pro-suit-short-sleeve-2\/#breadcrumb\",\"itemListElement\":[{\"@type\":\"ListItem\",\"position\":1,\"name\":\"Startseite\",\"item\":\"https:\/\/inow.ch\/\"},{\"@type\":\"ListItem\",\"position\":2,\"name\":\"Shop\",\"item\":\"https:\/\/inow.ch\/fr\/shop\/\"},{\"@type\":\"ListItem\",\"position\":3,\"name\":\"iNOW-Legends-25-CH Triathlon 2in1 Pro Suit short sleeve\"}]},{\"@type\":\"WebSite\",\"@id\":\"https:\/\/inow.ch\/#website\",\"url\":\"https:\/\/inow.ch\/\",\"name\":\"iNOW.ch\",\"description\":\"Teamshops\",\"publisher\":{\"@id\":\"https:\/\/inow.ch\/#organization\"},\"potentialAction\":[{\"@type\":\"SearchAction\",\"target\":{\"@type\":\"EntryPoint\",\"urlTemplate\":\"https:\/\/inow.ch\/?s={search_term_string}\"},\"query-input\":{\"@type\":\"PropertyValueSpecification\",\"valueRequired\":true,\"valueName\":\"search_term_string\"}}],\"inLanguage\":\"en-GB\"},{\"@type\":\"Organization\",\"@id\":\"https:\/\/inow.ch\/#organization\",\"name\":\"iNOW.ch\",\"url\":\"https:\/\/inow.ch\/\",\"logo\":{\"@type\":\"ImageObject\",\"inLanguage\":\"en-GB\",\"@id\":\"https:\/\/inow.ch\/#\/schema\/logo\/image\/\",\"url\":\"https:\/\/inow.ch\/wp-content\/uploads\/2021\/08\/210629_Logo_INOW_Pos.png\",\"contentUrl\":\"https:\/\/inow.ch\/wp-content\/uploads\/2021\/08\/210629_Logo_INOW_Pos.png\",\"width\":1749,\"height\":1241,\"caption\":\"iNOW.ch\"},\"image\":{\"@id\":\"https:\/\/inow.ch\/#\/schema\/logo\/image\/\"}}]}<\/script>\n<!-- \/ Yoast SEO plugin. -->","yoast_head_json":{"title":"iNOW-Legends-25-CH Triathlon 2in1 Pro Suit short sleeve - iNOW.ch","robots":{"index":"index","follow":"follow","max-snippet":"max-snippet:-1","max-image-preview":"max-image-preview:large","max-video-preview":"max-video-preview:-1"},"canonical":"https:\/\/inow.ch\/en\/product\/inow-legends-25-ch-triathlon-2in1-pro-suit-short-sleeve-2\/","og_locale":"en_GB","og_type":"article","og_title":"iNOW-Legends-25-CH Triathlon 2in1 Pro Suit short sleeve - iNOW.ch","og_description":"Kurzarm Triathlon 2in1 \u2013 Einteiler mit enganliegender Passform ist flexibel und bietet grosse Bewegungsfreiheit. Der teilbare Reissverschluss in der Front erleichtert das An- und Ausziehen. Das gerippte Aero-Material \u00fcber den Schultern, unter den Armen und an den Seitenbahnen sorgt f\u00fcr eine gute Bel\u00fcftung und passt sich perfekt an den K\u00f6rper an. Kugelschnitt mit nahtlosem Armabschluss, sowie nahtlose Beinabschl\u00fcsse mit Silikon an der Innenseite. Zwei perfekt angebrachte grosse Taschen auf der R\u00fcckseite f\u00fcr einen einfachen Eingriff und gen\u00fcgend Verpflegung. In der Front und am R\u00fccken rundet das ultraleichte und elastische Polyester \u2013 Material den 2in1 hervorragend ab.  Dieser 2in1 \u2013 Einteiler bietet eine perfekte Passform f\u00fcr eine top Performance und viel Speed auf langen Distanzen. Du wirst ihn kaum sp\u00fcren und kannst so Bestleistungen zeigen.  Enjoy the speed!","og_url":"https:\/\/inow.ch\/en\/product\/inow-legends-25-ch-triathlon-2in1-pro-suit-short-sleeve-2\/","og_site_name":"iNOW.ch","article_modified_time":"2025-04-08T09:55:17+00:00","og_image":[{"width":500,"height":501,"url":"https:\/\/inow.ch\/wp-content\/uploads\/2025\/01\/iNOW-Legends-25-CH-TSW_SU003_P-TRIATHLON-2in1-Pro-Suit-short-sleeve_front-1.png","type":"image\/png"}],"twitter_card":"summary_large_image","twitter_misc":{"Estimated reading time":"1 minute"},"schema":{"@context":"https:\/\/schema.org","@graph":[{"@type":"WebPage","@id":"https:\/\/inow.ch\/produkt\/inow-legends-25-ch-triathlon-2in1-pro-suit-short-sleeve-2\/","url":"https:\/\/inow.ch\/produkt\/inow-legends-25-ch-triathlon-2in1-pro-suit-short-sleeve-2\/","name":"iNOW-Legends-25-CH Triathlon 2in1 Pro Suit short sleeve - iNOW.ch","isPartOf":{"@id":"https:\/\/inow.ch\/#website"},"primaryImageOfPage":{"@id":"https:\/\/inow.ch\/produkt\/inow-legends-25-ch-triathlon-2in1-pro-suit-short-sleeve-2\/#primaryimage"},"image":{"@id":"https:\/\/inow.ch\/produkt\/inow-legends-25-ch-triathlon-2in1-pro-suit-short-sleeve-2\/#primaryimage"},"thumbnailUrl":"https:\/\/inow.ch\/wp-content\/uploads\/2025\/01\/iNOW-Legends-25-CH-TSW_SU003_P-TRIATHLON-2in1-Pro-Suit-short-sleeve_front-1.png","datePublished":"2025-01-16T12:30:57+00:00","dateModified":"2025-04-08T09:55:17+00:00","breadcrumb":{"@id":"https:\/\/inow.ch\/produkt\/inow-legends-25-ch-triathlon-2in1-pro-suit-short-sleeve-2\/#breadcrumb"},"inLanguage":"en-GB","potentialAction":[{"@type":"ReadAction","target":["https:\/\/inow.ch\/produkt\/inow-legends-25-ch-triathlon-2in1-pro-suit-short-sleeve-2\/"]}]},{"@type":"ImageObject","inLanguage":"en-GB","@id":"https:\/\/inow.ch\/produkt\/inow-legends-25-ch-triathlon-2in1-pro-suit-short-sleeve-2\/#primaryimage","url":"https:\/\/inow.ch\/wp-content\/uploads\/2025\/01\/iNOW-Legends-25-CH-TSW_SU003_P-TRIATHLON-2in1-Pro-Suit-short-sleeve_front-1.png","contentUrl":"https:\/\/inow.ch\/wp-content\/uploads\/2025\/01\/iNOW-Legends-25-CH-TSW_SU003_P-TRIATHLON-2in1-Pro-Suit-short-sleeve_front-1.png","width":500,"height":501},{"@type":"BreadcrumbList","@id":"https:\/\/inow.ch\/produkt\/inow-legends-25-ch-triathlon-2in1-pro-suit-short-sleeve-2\/#breadcrumb","itemListElement":[{"@type":"ListItem","position":1,"name":"Startseite","item":"https:\/\/inow.ch\/"},{"@type":"ListItem","position":2,"name":"Shop","item":"https:\/\/inow.ch\/fr\/shop\/"},{"@type":"ListItem","position":3,"name":"iNOW-Legends-25-CH Triathlon 2in1 Pro Suit short sleeve"}]},{"@type":"WebSite","@id":"https:\/\/inow.ch\/#website","url":"https:\/\/inow.ch\/","name":"iNOW.ch","description":"Teamshops","publisher":{"@id":"https:\/\/inow.ch\/#organization"},"potentialAction":[{"@type":"SearchAction","target":{"@type":"EntryPoint","urlTemplate":"https:\/\/inow.ch\/?s={search_term_string}"},"query-input":{"@type":"PropertyValueSpecification","valueRequired":true,"valueName":"search_term_string"}}],"inLanguage":"en-GB"},{"@type":"Organization","@id":"https:\/\/inow.ch\/#organization","name":"iNOW.ch","url":"https:\/\/inow.ch\/","logo":{"@type":"ImageObject","inLanguage":"en-GB","@id":"https:\/\/inow.ch\/#\/schema\/logo\/image\/","url":"https:\/\/inow.ch\/wp-content\/uploads\/2021\/08\/210629_Logo_INOW_Pos.png","contentUrl":"https:\/\/inow.ch\/wp-content\/uploads\/2021\/08\/210629_Logo_INOW_Pos.png","width":1749,"height":1241,"caption":"iNOW.ch"},"image":{"@id":"https:\/\/inow.ch\/#\/schema\/logo\/image\/"}}]}},"_links":{"self":[{"href":"https:\/\/inow.ch\/en\/wp-json\/wp\/v2\/product\/28849"}],"collection":[{"href":"https:\/\/inow.ch\/en\/wp-json\/wp\/v2\/product"}],"about":[{"href":"https:\/\/inow.ch\/en\/wp-json\/wp\/v2\/types\/product"}],"wp:featuredmedia":[{"embeddable":true,"href":"https:\/\/inow.ch\/en\/wp-json\/wp\/v2\/media\/29186"}],"wp:attachment":[{"href":"https:\/\/inow.ch\/en\/wp-json\/wp\/v2\/media?parent=28849"}],"wp:term":[{"taxonomy":"product_brand","embeddable":true,"href":"https:\/\/inow.ch\/en\/wp-json\/wp\/v2\/product_brand?post=28849"},{"taxonomy":"product_cat","embeddable":true,"href":"https:\/\/inow.ch\/en\/wp-json\/wp\/v2\/product_cat?post=28849"},{"taxonomy":"product_tag","embeddable":true,"href":"https:\/\/inow.ch\/en\/wp-json\/wp\/v2\/product_tag?post=28849"}],"curies":[{"name":"wp","href":"https:\/\/api.w.org\/{rel}","templated":true}]}}