{"id":28743,"date":"2025-01-16T12:30:39","date_gmt":"2025-01-16T12:30:39","guid":{"rendered":"https:\/\/inow.ch\/?post_type=product&#038;p=28743"},"modified":"2025-12-23T15:47:16","modified_gmt":"2025-12-23T15:47:16","slug":"inow-legends-25-ch-cycling-pro-race-jersey-short-sleeve","status":"publish","type":"product","link":"https:\/\/inow.ch\/en\/product\/inow-legends-25-ch-cycling-pro-race-jersey-short-sleeve\/","title":{"rendered":"iNOW Legends 25 CH Cycling Pro RACE Jersey Short Sleeve"},"content":{"rendered":"<p>- Pro Line | XS - 3XL<br \/>\n\u2022 Very quick-drying material blend<br \/>\n\u2022 Seamless ribbed cuffs<br \/>\n- Raglan cut on the arm<br \/>\n- Full-length YKK zipper in the front<br \/>\n- 3 compartment back pocket<\/p>","protected":false},"excerpt":{"rendered":"<p>This aerodynamic Pro Race jersey with a slim fit is designed for competitive cyclists. The innovative material mix of ultra-light, breathable fabrics ensures optimal air circulation and maximum comfort.<\/p>\n<p>Perfect for intense rides on hot summer days: this jersey feels like a second skin and supports you with excellent heat regulation and aerodynamic efficiency.<\/p>\n<p>The advanced raglan cut with seamless, ribbed sleeves improves the fit and reduces air resistance. A flat collar and a full-length, lockable front zip offer additional functionality. The three-part back pocket provides space for the essentials on long tours.<\/p>","protected":false},"featured_media":36895,"template":"","meta":{"_acf_changed":false,"ocean_post_layout":"","ocean_both_sidebars_style":"","ocean_both_sidebars_content_width":0,"ocean_both_sidebars_sidebars_width":0,"ocean_sidebar":"0","ocean_second_sidebar":"0","ocean_disable_margins":"enable","ocean_add_body_class":"","ocean_shortcode_before_top_bar":"","ocean_shortcode_after_top_bar":"","ocean_shortcode_before_header":"","ocean_shortcode_after_header":"","ocean_has_shortcode":"","ocean_shortcode_after_title":"","ocean_shortcode_before_footer_widgets":"","ocean_shortcode_after_footer_widgets":"","ocean_shortcode_before_footer_bottom":"","ocean_shortcode_after_footer_bottom":"","ocean_display_top_bar":"default","ocean_display_header":"default","ocean_header_style":"","ocean_center_header_left_menu":"0","ocean_custom_header_template":"0","ocean_custom_logo":0,"ocean_custom_retina_logo":0,"ocean_custom_logo_max_width":0,"ocean_custom_logo_tablet_max_width":0,"ocean_custom_logo_mobile_max_width":0,"ocean_custom_logo_max_height":0,"ocean_custom_logo_tablet_max_height":0,"ocean_custom_logo_mobile_max_height":0,"ocean_header_custom_menu":"0","ocean_menu_typo_font_family":"0","ocean_menu_typo_font_subset":"","ocean_menu_typo_font_size":0,"ocean_menu_typo_font_size_tablet":0,"ocean_menu_typo_font_size_mobile":0,"ocean_menu_typo_font_size_unit":"px","ocean_menu_typo_font_weight":"","ocean_menu_typo_font_weight_tablet":"","ocean_menu_typo_font_weight_mobile":"","ocean_menu_typo_transform":"","ocean_menu_typo_transform_tablet":"","ocean_menu_typo_transform_mobile":"","ocean_menu_typo_line_height":0,"ocean_menu_typo_line_height_tablet":0,"ocean_menu_typo_line_height_mobile":0,"ocean_menu_typo_line_height_unit":"","ocean_menu_typo_spacing":0,"ocean_menu_typo_spacing_tablet":0,"ocean_menu_typo_spacing_mobile":0,"ocean_menu_typo_spacing_unit":"","ocean_menu_link_color":"","ocean_menu_link_color_hover":"","ocean_menu_link_color_active":"","ocean_menu_link_background":"","ocean_menu_link_hover_background":"","ocean_menu_link_active_background":"","ocean_menu_social_links_bg":"","ocean_menu_social_hover_links_bg":"","ocean_menu_social_links_color":"","ocean_menu_social_hover_links_color":"","ocean_disable_title":"default","ocean_disable_heading":"default","ocean_post_title":"","ocean_post_subheading":"","ocean_post_title_style":"","ocean_post_title_background_color":"","ocean_post_title_background":0,"ocean_post_title_bg_image_position":"","ocean_post_title_bg_image_attachment":"","ocean_post_title_bg_image_repeat":"","ocean_post_title_bg_image_size":"","ocean_post_title_height":0,"ocean_post_title_bg_overlay":0.5,"ocean_post_title_bg_overlay_color":"","ocean_disable_breadcrumbs":"default","ocean_breadcrumbs_color":"","ocean_breadcrumbs_separator_color":"","ocean_breadcrumbs_links_color":"","ocean_breadcrumbs_links_hover_color":"","ocean_display_footer_widgets":"default","ocean_display_footer_bottom":"default","ocean_custom_footer_template":"0"},"product_brand":[],"product_cat":[233],"product_tag":[],"class_list":{"0":"post-28743","1":"product","2":"type-product","3":"status-publish","4":"has-post-thumbnail","6":"product_cat-inow-legends-25-ch","8":"entry","9":"has-media","11":"first","12":"instock","13":"taxable","14":"shipping-taxable","15":"purchasable","16":"product-type-variable","17":"col","18":"span_1_of_4","19":"owp-content-center","20":"owp-thumbs-layout-horizontal","21":"owp-btn-normal","22":"owp-tabs-layout-horizontal"},"acf":[],"yoast_head":"<!-- This site is optimized with the Yoast SEO plugin v24.8.1 - https:\/\/yoast.com\/wordpress\/plugins\/seo\/ -->\n<title>iNOW-Legends-25-CH Cycling Pro RACE Jersey Short Sleeve - iNOW.ch<\/title>\n<meta name=\"robots\" content=\"index, follow, max-snippet:-1, max-image-preview:large, max-video-preview:-1\" \/>\n<link rel=\"canonical\" href=\"https:\/\/inow.ch\/en\/product\/inow-legends-25-ch-cycling-pro-race-jersey-short-sleeve\/\" \/>\n<meta property=\"og:locale\" content=\"en_GB\" \/>\n<meta property=\"og:type\" content=\"article\" \/>\n<meta property=\"og:title\" content=\"iNOW-Legends-25-CH Cycling Pro RACE Jersey Short Sleeve - iNOW.ch\" \/>\n<meta property=\"og:description\" content=\"Dieses aerodynamische Pro Race Trikot mit enger Passform richtet sich an wettkampforientierte Fahrer. Der innovative Materialmix aus ultraleichten, atmungsaktiven Stoffen sorgt f\u00fcr optimale Luftzirkulation und maximalen Komfort.  Perfekt f\u00fcr intensive Fahrten an hei\u00dfen Sommertagen: Dieses Trikot f\u00fchlt sich an wie eine zweite Haut und unterst\u00fctzt dich mit exzellenter W\u00e4rmeregulierung und aerodynamischer Effizienz.  Der fortschrittliche Raglanschnitt mit nahtlosen, gerippten \u00c4rmeln verbessert die Passform und reduziert den Luftwiderstand. Ein flacher Kragen und ein durchgehender, arretierender Frontreissverschluss bieten zus\u00e4tzliche Funktionalit\u00e4t. Die dreigeteilte R\u00fcckentasche bietet Platz f\u00fcr das Wichtigste auf langen Touren\" \/>\n<meta property=\"og:url\" content=\"https:\/\/inow.ch\/en\/product\/inow-legends-25-ch-cycling-pro-race-jersey-short-sleeve\/\" \/>\n<meta property=\"og:site_name\" content=\"iNOW.ch\" \/>\n<meta property=\"article:modified_time\" content=\"2025-12-23T15:47:16+00:00\" \/>\n<meta property=\"og:image\" content=\"http:\/\/inow.ch\/wp-content\/uploads\/2025\/12\/iNOW-Legends-25-CH-CTM_SS105_P-CYCLING-Pro-RACE-Jersey-short-sleeve_front.png\" \/>\n\t<meta property=\"og:image:width\" content=\"500\" \/>\n\t<meta property=\"og:image:height\" content=\"501\" \/>\n\t<meta property=\"og:image:type\" content=\"image\/png\" \/>\n<meta name=\"twitter:card\" content=\"summary_large_image\" \/>\n<meta name=\"twitter:label1\" content=\"Estimated reading time\" \/>\n\t<meta name=\"twitter:data1\" content=\"1 minute\" \/>\n<script type=\"application\/ld+json\" class=\"yoast-schema-graph\">{\"@context\":\"https:\/\/schema.org\",\"@graph\":[{\"@type\":\"WebPage\",\"@id\":\"https:\/\/inow.ch\/produkt\/inow-legends-25-ch-cycling-pro-race-jersey-short-sleeve\/\",\"url\":\"https:\/\/inow.ch\/produkt\/inow-legends-25-ch-cycling-pro-race-jersey-short-sleeve\/\",\"name\":\"iNOW-Legends-25-CH Cycling Pro RACE Jersey Short Sleeve - iNOW.ch\",\"isPartOf\":{\"@id\":\"https:\/\/inow.ch\/#website\"},\"primaryImageOfPage\":{\"@id\":\"https:\/\/inow.ch\/produkt\/inow-legends-25-ch-cycling-pro-race-jersey-short-sleeve\/#primaryimage\"},\"image\":{\"@id\":\"https:\/\/inow.ch\/produkt\/inow-legends-25-ch-cycling-pro-race-jersey-short-sleeve\/#primaryimage\"},\"thumbnailUrl\":\"https:\/\/inow.ch\/wp-content\/uploads\/2025\/12\/iNOW-Legends-25-CH-CTM_SS105_P-CYCLING-Pro-RACE-Jersey-short-sleeve_front.png\",\"datePublished\":\"2025-01-16T12:30:39+00:00\",\"dateModified\":\"2025-12-23T15:47:16+00:00\",\"breadcrumb\":{\"@id\":\"https:\/\/inow.ch\/produkt\/inow-legends-25-ch-cycling-pro-race-jersey-short-sleeve\/#breadcrumb\"},\"inLanguage\":\"en-GB\",\"potentialAction\":[{\"@type\":\"ReadAction\",\"target\":[\"https:\/\/inow.ch\/produkt\/inow-legends-25-ch-cycling-pro-race-jersey-short-sleeve\/\"]}]},{\"@type\":\"ImageObject\",\"inLanguage\":\"en-GB\",\"@id\":\"https:\/\/inow.ch\/produkt\/inow-legends-25-ch-cycling-pro-race-jersey-short-sleeve\/#primaryimage\",\"url\":\"https:\/\/inow.ch\/wp-content\/uploads\/2025\/12\/iNOW-Legends-25-CH-CTM_SS105_P-CYCLING-Pro-RACE-Jersey-short-sleeve_front.png\",\"contentUrl\":\"https:\/\/inow.ch\/wp-content\/uploads\/2025\/12\/iNOW-Legends-25-CH-CTM_SS105_P-CYCLING-Pro-RACE-Jersey-short-sleeve_front.png\",\"width\":500,\"height\":501},{\"@type\":\"BreadcrumbList\",\"@id\":\"https:\/\/inow.ch\/produkt\/inow-legends-25-ch-cycling-pro-race-jersey-short-sleeve\/#breadcrumb\",\"itemListElement\":[{\"@type\":\"ListItem\",\"position\":1,\"name\":\"Startseite\",\"item\":\"https:\/\/inow.ch\/\"},{\"@type\":\"ListItem\",\"position\":2,\"name\":\"Shop\",\"item\":\"https:\/\/inow.ch\/fr\/shop\/\"},{\"@type\":\"ListItem\",\"position\":3,\"name\":\"iNOW-Legends-25-CH Cycling Pro RACE Jersey Short Sleeve\"}]},{\"@type\":\"WebSite\",\"@id\":\"https:\/\/inow.ch\/#website\",\"url\":\"https:\/\/inow.ch\/\",\"name\":\"iNOW.ch\",\"description\":\"Teamshops\",\"publisher\":{\"@id\":\"https:\/\/inow.ch\/#organization\"},\"potentialAction\":[{\"@type\":\"SearchAction\",\"target\":{\"@type\":\"EntryPoint\",\"urlTemplate\":\"https:\/\/inow.ch\/?s={search_term_string}\"},\"query-input\":{\"@type\":\"PropertyValueSpecification\",\"valueRequired\":true,\"valueName\":\"search_term_string\"}}],\"inLanguage\":\"en-GB\"},{\"@type\":\"Organization\",\"@id\":\"https:\/\/inow.ch\/#organization\",\"name\":\"iNOW.ch\",\"url\":\"https:\/\/inow.ch\/\",\"logo\":{\"@type\":\"ImageObject\",\"inLanguage\":\"en-GB\",\"@id\":\"https:\/\/inow.ch\/#\/schema\/logo\/image\/\",\"url\":\"https:\/\/inow.ch\/wp-content\/uploads\/2021\/08\/210629_Logo_INOW_Pos.png\",\"contentUrl\":\"https:\/\/inow.ch\/wp-content\/uploads\/2021\/08\/210629_Logo_INOW_Pos.png\",\"width\":1749,\"height\":1241,\"caption\":\"iNOW.ch\"},\"image\":{\"@id\":\"https:\/\/inow.ch\/#\/schema\/logo\/image\/\"}}]}<\/script>\n<!-- \/ Yoast SEO plugin. -->","yoast_head_json":{"title":"iNOW-Legends-25-CH Cycling Pro RACE Jersey Short Sleeve - iNOW.ch","robots":{"index":"index","follow":"follow","max-snippet":"max-snippet:-1","max-image-preview":"max-image-preview:large","max-video-preview":"max-video-preview:-1"},"canonical":"https:\/\/inow.ch\/en\/product\/inow-legends-25-ch-cycling-pro-race-jersey-short-sleeve\/","og_locale":"en_GB","og_type":"article","og_title":"iNOW-Legends-25-CH Cycling Pro RACE Jersey Short Sleeve - iNOW.ch","og_description":"Dieses aerodynamische Pro Race Trikot mit enger Passform richtet sich an wettkampforientierte Fahrer. Der innovative Materialmix aus ultraleichten, atmungsaktiven Stoffen sorgt f\u00fcr optimale Luftzirkulation und maximalen Komfort.  Perfekt f\u00fcr intensive Fahrten an hei\u00dfen Sommertagen: Dieses Trikot f\u00fchlt sich an wie eine zweite Haut und unterst\u00fctzt dich mit exzellenter W\u00e4rmeregulierung und aerodynamischer Effizienz.  Der fortschrittliche Raglanschnitt mit nahtlosen, gerippten \u00c4rmeln verbessert die Passform und reduziert den Luftwiderstand. Ein flacher Kragen und ein durchgehender, arretierender Frontreissverschluss bieten zus\u00e4tzliche Funktionalit\u00e4t. Die dreigeteilte R\u00fcckentasche bietet Platz f\u00fcr das Wichtigste auf langen Touren","og_url":"https:\/\/inow.ch\/en\/product\/inow-legends-25-ch-cycling-pro-race-jersey-short-sleeve\/","og_site_name":"iNOW.ch","article_modified_time":"2025-12-23T15:47:16+00:00","og_image":[{"width":500,"height":501,"url":"http:\/\/inow.ch\/wp-content\/uploads\/2025\/12\/iNOW-Legends-25-CH-CTM_SS105_P-CYCLING-Pro-RACE-Jersey-short-sleeve_front.png","type":"image\/png"}],"twitter_card":"summary_large_image","twitter_misc":{"Estimated reading time":"1 minute"},"schema":{"@context":"https:\/\/schema.org","@graph":[{"@type":"WebPage","@id":"https:\/\/inow.ch\/produkt\/inow-legends-25-ch-cycling-pro-race-jersey-short-sleeve\/","url":"https:\/\/inow.ch\/produkt\/inow-legends-25-ch-cycling-pro-race-jersey-short-sleeve\/","name":"iNOW-Legends-25-CH Cycling Pro RACE Jersey Short Sleeve - iNOW.ch","isPartOf":{"@id":"https:\/\/inow.ch\/#website"},"primaryImageOfPage":{"@id":"https:\/\/inow.ch\/produkt\/inow-legends-25-ch-cycling-pro-race-jersey-short-sleeve\/#primaryimage"},"image":{"@id":"https:\/\/inow.ch\/produkt\/inow-legends-25-ch-cycling-pro-race-jersey-short-sleeve\/#primaryimage"},"thumbnailUrl":"https:\/\/inow.ch\/wp-content\/uploads\/2025\/12\/iNOW-Legends-25-CH-CTM_SS105_P-CYCLING-Pro-RACE-Jersey-short-sleeve_front.png","datePublished":"2025-01-16T12:30:39+00:00","dateModified":"2025-12-23T15:47:16+00:00","breadcrumb":{"@id":"https:\/\/inow.ch\/produkt\/inow-legends-25-ch-cycling-pro-race-jersey-short-sleeve\/#breadcrumb"},"inLanguage":"en-GB","potentialAction":[{"@type":"ReadAction","target":["https:\/\/inow.ch\/produkt\/inow-legends-25-ch-cycling-pro-race-jersey-short-sleeve\/"]}]},{"@type":"ImageObject","inLanguage":"en-GB","@id":"https:\/\/inow.ch\/produkt\/inow-legends-25-ch-cycling-pro-race-jersey-short-sleeve\/#primaryimage","url":"https:\/\/inow.ch\/wp-content\/uploads\/2025\/12\/iNOW-Legends-25-CH-CTM_SS105_P-CYCLING-Pro-RACE-Jersey-short-sleeve_front.png","contentUrl":"https:\/\/inow.ch\/wp-content\/uploads\/2025\/12\/iNOW-Legends-25-CH-CTM_SS105_P-CYCLING-Pro-RACE-Jersey-short-sleeve_front.png","width":500,"height":501},{"@type":"BreadcrumbList","@id":"https:\/\/inow.ch\/produkt\/inow-legends-25-ch-cycling-pro-race-jersey-short-sleeve\/#breadcrumb","itemListElement":[{"@type":"ListItem","position":1,"name":"Startseite","item":"https:\/\/inow.ch\/"},{"@type":"ListItem","position":2,"name":"Shop","item":"https:\/\/inow.ch\/fr\/shop\/"},{"@type":"ListItem","position":3,"name":"iNOW-Legends-25-CH Cycling Pro RACE Jersey Short Sleeve"}]},{"@type":"WebSite","@id":"https:\/\/inow.ch\/#website","url":"https:\/\/inow.ch\/","name":"iNOW.ch","description":"Teamshops","publisher":{"@id":"https:\/\/inow.ch\/#organization"},"potentialAction":[{"@type":"SearchAction","target":{"@type":"EntryPoint","urlTemplate":"https:\/\/inow.ch\/?s={search_term_string}"},"query-input":{"@type":"PropertyValueSpecification","valueRequired":true,"valueName":"search_term_string"}}],"inLanguage":"en-GB"},{"@type":"Organization","@id":"https:\/\/inow.ch\/#organization","name":"iNOW.ch","url":"https:\/\/inow.ch\/","logo":{"@type":"ImageObject","inLanguage":"en-GB","@id":"https:\/\/inow.ch\/#\/schema\/logo\/image\/","url":"https:\/\/inow.ch\/wp-content\/uploads\/2021\/08\/210629_Logo_INOW_Pos.png","contentUrl":"https:\/\/inow.ch\/wp-content\/uploads\/2021\/08\/210629_Logo_INOW_Pos.png","width":1749,"height":1241,"caption":"iNOW.ch"},"image":{"@id":"https:\/\/inow.ch\/#\/schema\/logo\/image\/"}}]}},"_links":{"self":[{"href":"https:\/\/inow.ch\/en\/wp-json\/wp\/v2\/product\/28743"}],"collection":[{"href":"https:\/\/inow.ch\/en\/wp-json\/wp\/v2\/product"}],"about":[{"href":"https:\/\/inow.ch\/en\/wp-json\/wp\/v2\/types\/product"}],"wp:featuredmedia":[{"embeddable":true,"href":"https:\/\/inow.ch\/en\/wp-json\/wp\/v2\/media\/36895"}],"wp:attachment":[{"href":"https:\/\/inow.ch\/en\/wp-json\/wp\/v2\/media?parent=28743"}],"wp:term":[{"taxonomy":"product_brand","embeddable":true,"href":"https:\/\/inow.ch\/en\/wp-json\/wp\/v2\/product_brand?post=28743"},{"taxonomy":"product_cat","embeddable":true,"href":"https:\/\/inow.ch\/en\/wp-json\/wp\/v2\/product_cat?post=28743"},{"taxonomy":"product_tag","embeddable":true,"href":"https:\/\/inow.ch\/en\/wp-json\/wp\/v2\/product_tag?post=28743"}],"curies":[{"name":"wp","href":"https:\/\/api.w.org\/{rel}","templated":true}]}}