{"id":28721,"date":"2025-01-16T12:30:33","date_gmt":"2025-01-16T12:30:33","guid":{"rendered":"https:\/\/inow.ch\/?post_type=product&#038;p=28721"},"modified":"2026-01-07T15:26:00","modified_gmt":"2026-01-07T15:26:00","slug":"inow-legends-25-ch-cycling-pro-bib-shorts","status":"publish","type":"product","link":"https:\/\/inow.ch\/en\/product\/inow-legends-25-ch-cycling-pro-bib-shorts\/","title":{"rendered":"iNOW Legends 25 CH Cycling Pro Bib Shorts"},"content":{"rendered":"<p>- Pro Line | XS - 3XL<br \/>\n- 6-panel cut for best freedom of movement<br \/>\n\u2022 lightweight Lycra carriers<br \/>\n- Choice of foam seat pad or 3D PadX seat pad for men \/\/ <strong>More information here:<\/strong>\u00a0<a href=\"https:\/\/inow.ch\/en\/radhosenpolster\/\">https:\/\/inow.ch\/radhosenpolster\/?<\/a><br \/>\n\u2022 Comfortable leg openings without elastic or silicone<br \/>\n- Standard with flat seams<br \/>\n- Reflective logo at the back<\/p>","protected":false},"excerpt":{"rendered":"<p>These high-quality Bib Shorts Pro have been developed for demanding riders who don't want to compromise on comfort and efficiency. The close-fitting cut combined with an ergonomic material mix ensures a precise fit and optimum freedom of movement.<\/p>\n<p>A high-quality foam seat pad is integrated as standard. For an additional charge of CHF 30, you can optionally switch to the high-performance 3D seat pad, which offers excellent protection and effective cushioning - even on intensive rides - and remains dimensionally stable and comfortable even over many hours in the saddle.<\/p>\n<p><strong>More information here:<\/strong>\u00a0<a href=\"https:\/\/inow.ch\/en\/radhosenpolster\/\">https:\/\/inow.ch\/radhosenpolster\/?<\/a><\/p>\n<p>Leg cuffs without silicone provide a secure hold without irritating the skin \u2013 for a natural feel with every movement. The lightweight straps made of Lycra material ensure optimal ventilation and a secure fit.<\/p>\n<p>Whether training or racing, the CYCLING PRO BIB SHORTS are your reliable and constant companion for every challenge on the bike.<\/p>","protected":false},"featured_media":36898,"template":"","meta":{"_acf_changed":false,"ocean_post_layout":"","ocean_both_sidebars_style":"","ocean_both_sidebars_content_width":0,"ocean_both_sidebars_sidebars_width":0,"ocean_sidebar":"0","ocean_second_sidebar":"0","ocean_disable_margins":"enable","ocean_add_body_class":"","ocean_shortcode_before_top_bar":"","ocean_shortcode_after_top_bar":"","ocean_shortcode_before_header":"","ocean_shortcode_after_header":"","ocean_has_shortcode":"","ocean_shortcode_after_title":"","ocean_shortcode_before_footer_widgets":"","ocean_shortcode_after_footer_widgets":"","ocean_shortcode_before_footer_bottom":"","ocean_shortcode_after_footer_bottom":"","ocean_display_top_bar":"default","ocean_display_header":"default","ocean_header_style":"","ocean_center_header_left_menu":"0","ocean_custom_header_template":"0","ocean_custom_logo":0,"ocean_custom_retina_logo":0,"ocean_custom_logo_max_width":0,"ocean_custom_logo_tablet_max_width":0,"ocean_custom_logo_mobile_max_width":0,"ocean_custom_logo_max_height":0,"ocean_custom_logo_tablet_max_height":0,"ocean_custom_logo_mobile_max_height":0,"ocean_header_custom_menu":"0","ocean_menu_typo_font_family":"0","ocean_menu_typo_font_subset":"","ocean_menu_typo_font_size":0,"ocean_menu_typo_font_size_tablet":0,"ocean_menu_typo_font_size_mobile":0,"ocean_menu_typo_font_size_unit":"px","ocean_menu_typo_font_weight":"","ocean_menu_typo_font_weight_tablet":"","ocean_menu_typo_font_weight_mobile":"","ocean_menu_typo_transform":"","ocean_menu_typo_transform_tablet":"","ocean_menu_typo_transform_mobile":"","ocean_menu_typo_line_height":0,"ocean_menu_typo_line_height_tablet":0,"ocean_menu_typo_line_height_mobile":0,"ocean_menu_typo_line_height_unit":"","ocean_menu_typo_spacing":0,"ocean_menu_typo_spacing_tablet":0,"ocean_menu_typo_spacing_mobile":0,"ocean_menu_typo_spacing_unit":"","ocean_menu_link_color":"","ocean_menu_link_color_hover":"","ocean_menu_link_color_active":"","ocean_menu_link_background":"","ocean_menu_link_hover_background":"","ocean_menu_link_active_background":"","ocean_menu_social_links_bg":"","ocean_menu_social_hover_links_bg":"","ocean_menu_social_links_color":"","ocean_menu_social_hover_links_color":"","ocean_disable_title":"default","ocean_disable_heading":"default","ocean_post_title":"","ocean_post_subheading":"","ocean_post_title_style":"","ocean_post_title_background_color":"","ocean_post_title_background":0,"ocean_post_title_bg_image_position":"","ocean_post_title_bg_image_attachment":"","ocean_post_title_bg_image_repeat":"","ocean_post_title_bg_image_size":"","ocean_post_title_height":0,"ocean_post_title_bg_overlay":0.5,"ocean_post_title_bg_overlay_color":"","ocean_disable_breadcrumbs":"default","ocean_breadcrumbs_color":"","ocean_breadcrumbs_separator_color":"","ocean_breadcrumbs_links_color":"","ocean_breadcrumbs_links_hover_color":"","ocean_display_footer_widgets":"default","ocean_display_footer_bottom":"default","ocean_custom_footer_template":"0"},"product_brand":[],"product_cat":[233],"product_tag":[],"class_list":{"0":"post-28721","1":"product","2":"type-product","3":"status-publish","4":"has-post-thumbnail","6":"product_cat-inow-legends-25-ch","8":"entry","9":"has-media","11":"first","12":"instock","13":"taxable","14":"shipping-taxable","15":"purchasable","16":"product-type-variable","17":"col","18":"span_1_of_4","19":"owp-content-center","20":"owp-thumbs-layout-horizontal","21":"owp-btn-normal","22":"owp-tabs-layout-horizontal"},"acf":[],"yoast_head":"<!-- This site is optimized with the Yoast SEO plugin v24.8.1 - https:\/\/yoast.com\/wordpress\/plugins\/seo\/ -->\n<title>iNOW-Legends-25-CH Cycling Pro Bib Shorts - iNOW.ch<\/title>\n<meta name=\"robots\" content=\"index, follow, max-snippet:-1, max-image-preview:large, max-video-preview:-1\" \/>\n<link rel=\"canonical\" href=\"https:\/\/inow.ch\/en\/product\/inow-legends-25-ch-cycling-pro-bib-shorts\/\" \/>\n<meta property=\"og:locale\" content=\"en_GB\" \/>\n<meta property=\"og:type\" content=\"article\" \/>\n<meta property=\"og:title\" content=\"iNOW-Legends-25-CH Cycling Pro Bib Shorts - iNOW.ch\" \/>\n<meta property=\"og:description\" content=\"Diese hochwertigen Bib Shorts Pro wurden f\u00fcr anspruchsvolle Fahrer entwickelt, die keine Kompromisse bei Komfort und Effizienz eingehen wollen. Der k\u00f6rpernahe Schnitt in Kombination mit einem ergonomisch abgestimmten Materialmix sorgt f\u00fcr eine pr\u00e4zise Passform und optimale Bewegungsfreiheit.  Standardm\u00e4\u00dfig ist ein hochwertiges Schaumstoff-Sitzpolster integriert. Optional kann gegen einen Aufpreis von CHF 30.\u2013 auf das leistungsstarke 3D-Sitzpolster gewechselt werden, das exzellenten Schutz und effektive D\u00e4mpfung bietet \u2013 auch bei intensiven Fahrten \u2013 und selbst \u00fcber viele Stunden im Sattel formstabil und komfortabel bleibt.  Mehr Infos hier:\u00a0https:\/\/inow.ch\/radhosenpolster\/?  Beinabschl\u00fcsse ohne Silikon sorgen f\u00fcr stabilen Halt, ohne die Haut zu reizen \u2013 f\u00fcr ein nat\u00fcrliches Tragegef\u00fchl bei jeder Bewegung. Die leichten Tr\u00e4ger aus Lycra-Material gew\u00e4hrleisten optimale Bel\u00fcftung und einen sicheren Sitz.  Ob Training oder Rennen \u2013 die CYCLING PRO BIB SHORTS ist dein zuverl\u00e4ssiger und konstanter Begleiter f\u00fcr jede Herausforderung auf dem Rad.\" \/>\n<meta property=\"og:url\" content=\"https:\/\/inow.ch\/en\/product\/inow-legends-25-ch-cycling-pro-bib-shorts\/\" \/>\n<meta property=\"og:site_name\" content=\"iNOW.ch\" \/>\n<meta property=\"article:modified_time\" content=\"2026-01-07T15:26:00+00:00\" \/>\n<meta property=\"og:image\" content=\"http:\/\/inow.ch\/wp-content\/uploads\/2025\/12\/iNOW-Legends-25-CH-CBM_BS113_P-CYCLING-Pro-Bib-Shorts_front.png\" \/>\n\t<meta property=\"og:image:width\" content=\"500\" \/>\n\t<meta property=\"og:image:height\" content=\"501\" \/>\n\t<meta property=\"og:image:type\" content=\"image\/png\" \/>\n<meta name=\"twitter:card\" content=\"summary_large_image\" \/>\n<meta name=\"twitter:label1\" content=\"Estimated reading time\" \/>\n\t<meta name=\"twitter:data1\" content=\"1 minute\" \/>\n<script type=\"application\/ld+json\" class=\"yoast-schema-graph\">{\"@context\":\"https:\/\/schema.org\",\"@graph\":[{\"@type\":\"WebPage\",\"@id\":\"https:\/\/inow.ch\/produkt\/inow-legends-25-ch-cycling-pro-bib-shorts\/\",\"url\":\"https:\/\/inow.ch\/produkt\/inow-legends-25-ch-cycling-pro-bib-shorts\/\",\"name\":\"iNOW-Legends-25-CH Cycling Pro Bib Shorts - iNOW.ch\",\"isPartOf\":{\"@id\":\"https:\/\/inow.ch\/#website\"},\"primaryImageOfPage\":{\"@id\":\"https:\/\/inow.ch\/produkt\/inow-legends-25-ch-cycling-pro-bib-shorts\/#primaryimage\"},\"image\":{\"@id\":\"https:\/\/inow.ch\/produkt\/inow-legends-25-ch-cycling-pro-bib-shorts\/#primaryimage\"},\"thumbnailUrl\":\"https:\/\/inow.ch\/wp-content\/uploads\/2025\/12\/iNOW-Legends-25-CH-CBM_BS113_P-CYCLING-Pro-Bib-Shorts_front.png\",\"datePublished\":\"2025-01-16T12:30:33+00:00\",\"dateModified\":\"2026-01-07T15:26:00+00:00\",\"breadcrumb\":{\"@id\":\"https:\/\/inow.ch\/produkt\/inow-legends-25-ch-cycling-pro-bib-shorts\/#breadcrumb\"},\"inLanguage\":\"en-GB\",\"potentialAction\":[{\"@type\":\"ReadAction\",\"target\":[\"https:\/\/inow.ch\/produkt\/inow-legends-25-ch-cycling-pro-bib-shorts\/\"]}]},{\"@type\":\"ImageObject\",\"inLanguage\":\"en-GB\",\"@id\":\"https:\/\/inow.ch\/produkt\/inow-legends-25-ch-cycling-pro-bib-shorts\/#primaryimage\",\"url\":\"https:\/\/inow.ch\/wp-content\/uploads\/2025\/12\/iNOW-Legends-25-CH-CBM_BS113_P-CYCLING-Pro-Bib-Shorts_front.png\",\"contentUrl\":\"https:\/\/inow.ch\/wp-content\/uploads\/2025\/12\/iNOW-Legends-25-CH-CBM_BS113_P-CYCLING-Pro-Bib-Shorts_front.png\",\"width\":500,\"height\":501},{\"@type\":\"BreadcrumbList\",\"@id\":\"https:\/\/inow.ch\/produkt\/inow-legends-25-ch-cycling-pro-bib-shorts\/#breadcrumb\",\"itemListElement\":[{\"@type\":\"ListItem\",\"position\":1,\"name\":\"Startseite\",\"item\":\"https:\/\/inow.ch\/\"},{\"@type\":\"ListItem\",\"position\":2,\"name\":\"Shop\",\"item\":\"https:\/\/inow.ch\/fr\/shop\/\"},{\"@type\":\"ListItem\",\"position\":3,\"name\":\"iNOW-Legends-25-CH Cycling Pro Bib Shorts\"}]},{\"@type\":\"WebSite\",\"@id\":\"https:\/\/inow.ch\/#website\",\"url\":\"https:\/\/inow.ch\/\",\"name\":\"iNOW.ch\",\"description\":\"Teamshops\",\"publisher\":{\"@id\":\"https:\/\/inow.ch\/#organization\"},\"potentialAction\":[{\"@type\":\"SearchAction\",\"target\":{\"@type\":\"EntryPoint\",\"urlTemplate\":\"https:\/\/inow.ch\/?s={search_term_string}\"},\"query-input\":{\"@type\":\"PropertyValueSpecification\",\"valueRequired\":true,\"valueName\":\"search_term_string\"}}],\"inLanguage\":\"en-GB\"},{\"@type\":\"Organization\",\"@id\":\"https:\/\/inow.ch\/#organization\",\"name\":\"iNOW.ch\",\"url\":\"https:\/\/inow.ch\/\",\"logo\":{\"@type\":\"ImageObject\",\"inLanguage\":\"en-GB\",\"@id\":\"https:\/\/inow.ch\/#\/schema\/logo\/image\/\",\"url\":\"https:\/\/inow.ch\/wp-content\/uploads\/2021\/08\/210629_Logo_INOW_Pos.png\",\"contentUrl\":\"https:\/\/inow.ch\/wp-content\/uploads\/2021\/08\/210629_Logo_INOW_Pos.png\",\"width\":1749,\"height\":1241,\"caption\":\"iNOW.ch\"},\"image\":{\"@id\":\"https:\/\/inow.ch\/#\/schema\/logo\/image\/\"}}]}<\/script>\n<!-- \/ Yoast SEO plugin. -->","yoast_head_json":{"title":"iNOW-Legends-25-CH Cycling Pro Bib Shorts - iNOW.ch","robots":{"index":"index","follow":"follow","max-snippet":"max-snippet:-1","max-image-preview":"max-image-preview:large","max-video-preview":"max-video-preview:-1"},"canonical":"https:\/\/inow.ch\/en\/product\/inow-legends-25-ch-cycling-pro-bib-shorts\/","og_locale":"en_GB","og_type":"article","og_title":"iNOW-Legends-25-CH Cycling Pro Bib Shorts - iNOW.ch","og_description":"Diese hochwertigen Bib Shorts Pro wurden f\u00fcr anspruchsvolle Fahrer entwickelt, die keine Kompromisse bei Komfort und Effizienz eingehen wollen. Der k\u00f6rpernahe Schnitt in Kombination mit einem ergonomisch abgestimmten Materialmix sorgt f\u00fcr eine pr\u00e4zise Passform und optimale Bewegungsfreiheit.  Standardm\u00e4\u00dfig ist ein hochwertiges Schaumstoff-Sitzpolster integriert. Optional kann gegen einen Aufpreis von CHF 30.\u2013 auf das leistungsstarke 3D-Sitzpolster gewechselt werden, das exzellenten Schutz und effektive D\u00e4mpfung bietet \u2013 auch bei intensiven Fahrten \u2013 und selbst \u00fcber viele Stunden im Sattel formstabil und komfortabel bleibt.  Mehr Infos hier:\u00a0https:\/\/inow.ch\/radhosenpolster\/?  Beinabschl\u00fcsse ohne Silikon sorgen f\u00fcr stabilen Halt, ohne die Haut zu reizen \u2013 f\u00fcr ein nat\u00fcrliches Tragegef\u00fchl bei jeder Bewegung. Die leichten Tr\u00e4ger aus Lycra-Material gew\u00e4hrleisten optimale Bel\u00fcftung und einen sicheren Sitz.  Ob Training oder Rennen \u2013 die CYCLING PRO BIB SHORTS ist dein zuverl\u00e4ssiger und konstanter Begleiter f\u00fcr jede Herausforderung auf dem Rad.","og_url":"https:\/\/inow.ch\/en\/product\/inow-legends-25-ch-cycling-pro-bib-shorts\/","og_site_name":"iNOW.ch","article_modified_time":"2026-01-07T15:26:00+00:00","og_image":[{"width":500,"height":501,"url":"http:\/\/inow.ch\/wp-content\/uploads\/2025\/12\/iNOW-Legends-25-CH-CBM_BS113_P-CYCLING-Pro-Bib-Shorts_front.png","type":"image\/png"}],"twitter_card":"summary_large_image","twitter_misc":{"Estimated reading time":"1 minute"},"schema":{"@context":"https:\/\/schema.org","@graph":[{"@type":"WebPage","@id":"https:\/\/inow.ch\/produkt\/inow-legends-25-ch-cycling-pro-bib-shorts\/","url":"https:\/\/inow.ch\/produkt\/inow-legends-25-ch-cycling-pro-bib-shorts\/","name":"iNOW-Legends-25-CH Cycling Pro Bib Shorts - iNOW.ch","isPartOf":{"@id":"https:\/\/inow.ch\/#website"},"primaryImageOfPage":{"@id":"https:\/\/inow.ch\/produkt\/inow-legends-25-ch-cycling-pro-bib-shorts\/#primaryimage"},"image":{"@id":"https:\/\/inow.ch\/produkt\/inow-legends-25-ch-cycling-pro-bib-shorts\/#primaryimage"},"thumbnailUrl":"https:\/\/inow.ch\/wp-content\/uploads\/2025\/12\/iNOW-Legends-25-CH-CBM_BS113_P-CYCLING-Pro-Bib-Shorts_front.png","datePublished":"2025-01-16T12:30:33+00:00","dateModified":"2026-01-07T15:26:00+00:00","breadcrumb":{"@id":"https:\/\/inow.ch\/produkt\/inow-legends-25-ch-cycling-pro-bib-shorts\/#breadcrumb"},"inLanguage":"en-GB","potentialAction":[{"@type":"ReadAction","target":["https:\/\/inow.ch\/produkt\/inow-legends-25-ch-cycling-pro-bib-shorts\/"]}]},{"@type":"ImageObject","inLanguage":"en-GB","@id":"https:\/\/inow.ch\/produkt\/inow-legends-25-ch-cycling-pro-bib-shorts\/#primaryimage","url":"https:\/\/inow.ch\/wp-content\/uploads\/2025\/12\/iNOW-Legends-25-CH-CBM_BS113_P-CYCLING-Pro-Bib-Shorts_front.png","contentUrl":"https:\/\/inow.ch\/wp-content\/uploads\/2025\/12\/iNOW-Legends-25-CH-CBM_BS113_P-CYCLING-Pro-Bib-Shorts_front.png","width":500,"height":501},{"@type":"BreadcrumbList","@id":"https:\/\/inow.ch\/produkt\/inow-legends-25-ch-cycling-pro-bib-shorts\/#breadcrumb","itemListElement":[{"@type":"ListItem","position":1,"name":"Startseite","item":"https:\/\/inow.ch\/"},{"@type":"ListItem","position":2,"name":"Shop","item":"https:\/\/inow.ch\/fr\/shop\/"},{"@type":"ListItem","position":3,"name":"iNOW-Legends-25-CH Cycling Pro Bib Shorts"}]},{"@type":"WebSite","@id":"https:\/\/inow.ch\/#website","url":"https:\/\/inow.ch\/","name":"iNOW.ch","description":"Teamshops","publisher":{"@id":"https:\/\/inow.ch\/#organization"},"potentialAction":[{"@type":"SearchAction","target":{"@type":"EntryPoint","urlTemplate":"https:\/\/inow.ch\/?s={search_term_string}"},"query-input":{"@type":"PropertyValueSpecification","valueRequired":true,"valueName":"search_term_string"}}],"inLanguage":"en-GB"},{"@type":"Organization","@id":"https:\/\/inow.ch\/#organization","name":"iNOW.ch","url":"https:\/\/inow.ch\/","logo":{"@type":"ImageObject","inLanguage":"en-GB","@id":"https:\/\/inow.ch\/#\/schema\/logo\/image\/","url":"https:\/\/inow.ch\/wp-content\/uploads\/2021\/08\/210629_Logo_INOW_Pos.png","contentUrl":"https:\/\/inow.ch\/wp-content\/uploads\/2021\/08\/210629_Logo_INOW_Pos.png","width":1749,"height":1241,"caption":"iNOW.ch"},"image":{"@id":"https:\/\/inow.ch\/#\/schema\/logo\/image\/"}}]}},"_links":{"self":[{"href":"https:\/\/inow.ch\/en\/wp-json\/wp\/v2\/product\/28721"}],"collection":[{"href":"https:\/\/inow.ch\/en\/wp-json\/wp\/v2\/product"}],"about":[{"href":"https:\/\/inow.ch\/en\/wp-json\/wp\/v2\/types\/product"}],"wp:featuredmedia":[{"embeddable":true,"href":"https:\/\/inow.ch\/en\/wp-json\/wp\/v2\/media\/36898"}],"wp:attachment":[{"href":"https:\/\/inow.ch\/en\/wp-json\/wp\/v2\/media?parent=28721"}],"wp:term":[{"taxonomy":"product_brand","embeddable":true,"href":"https:\/\/inow.ch\/en\/wp-json\/wp\/v2\/product_brand?post=28721"},{"taxonomy":"product_cat","embeddable":true,"href":"https:\/\/inow.ch\/en\/wp-json\/wp\/v2\/product_cat?post=28721"},{"taxonomy":"product_tag","embeddable":true,"href":"https:\/\/inow.ch\/en\/wp-json\/wp\/v2\/product_tag?post=28721"}],"curies":[{"name":"wp","href":"https:\/\/api.w.org\/{rel}","templated":true}]}}