{"id":26781,"date":"2024-11-11T14:44:49","date_gmt":"2024-11-11T14:44:49","guid":{"rendered":"https:\/\/inow.ch\/?post_type=product&#038;p=26781"},"modified":"2025-04-08T09:54:53","modified_gmt":"2025-04-08T09:54:53","slug":"duxfan-24-ch-running-classic-shorts-2","status":"publish","type":"product","link":"https:\/\/inow.ch\/en\/product\/duxfan-24-ch-running-classic-shorts-2\/","title":{"rendered":"DuxFan-24-CH Running Classic Shorts"},"content":{"rendered":"<p>- Classic Line | XXS - 2XL<br \/>\n- Extremely light fabric for best freedom of movement<br \/>\n- Integrated inner trousers made from Lycra<br \/>\n- Integrated zipped pocket at the back<br \/>\n- reflective logo at the back<br \/>\n- Waistband can be tightened thanks to cords<\/p>","protected":false},"excerpt":{"rendered":"<p>These lightweight running shorts are made from a blend of polyamide and elastane material. The pleasant material allows for optimal freedom of movement and a comfortable fit. The close-fitting inner shorts allow for an optimal fit of the shorts without uncomfortable slipping.<\/p>\n<p>These fully printable running shorts give you the perfect look. Combined with our Running Classic Tank Top, you'll be perfectly equipped for a leisurely jog in the forest or a tough competition. Thanks to the rear zipped pocket, you can carry your car keys with you without worrying. Enjoy your run!<\/p>","protected":false},"featured_media":26281,"template":"","meta":{"_acf_changed":false,"ocean_post_layout":"","ocean_both_sidebars_style":"","ocean_both_sidebars_content_width":0,"ocean_both_sidebars_sidebars_width":0,"ocean_sidebar":"0","ocean_second_sidebar":"0","ocean_disable_margins":"enable","ocean_add_body_class":"","ocean_shortcode_before_top_bar":"","ocean_shortcode_after_top_bar":"","ocean_shortcode_before_header":"","ocean_shortcode_after_header":"","ocean_has_shortcode":"","ocean_shortcode_after_title":"","ocean_shortcode_before_footer_widgets":"","ocean_shortcode_after_footer_widgets":"","ocean_shortcode_before_footer_bottom":"","ocean_shortcode_after_footer_bottom":"","ocean_display_top_bar":"default","ocean_display_header":"default","ocean_header_style":"","ocean_center_header_left_menu":"0","ocean_custom_header_template":"0","ocean_custom_logo":0,"ocean_custom_retina_logo":0,"ocean_custom_logo_max_width":0,"ocean_custom_logo_tablet_max_width":0,"ocean_custom_logo_mobile_max_width":0,"ocean_custom_logo_max_height":0,"ocean_custom_logo_tablet_max_height":0,"ocean_custom_logo_mobile_max_height":0,"ocean_header_custom_menu":"0","ocean_menu_typo_font_family":"0","ocean_menu_typo_font_subset":"","ocean_menu_typo_font_size":0,"ocean_menu_typo_font_size_tablet":0,"ocean_menu_typo_font_size_mobile":0,"ocean_menu_typo_font_size_unit":"px","ocean_menu_typo_font_weight":"","ocean_menu_typo_font_weight_tablet":"","ocean_menu_typo_font_weight_mobile":"","ocean_menu_typo_transform":"","ocean_menu_typo_transform_tablet":"","ocean_menu_typo_transform_mobile":"","ocean_menu_typo_line_height":0,"ocean_menu_typo_line_height_tablet":0,"ocean_menu_typo_line_height_mobile":0,"ocean_menu_typo_line_height_unit":"","ocean_menu_typo_spacing":0,"ocean_menu_typo_spacing_tablet":0,"ocean_menu_typo_spacing_mobile":0,"ocean_menu_typo_spacing_unit":"","ocean_menu_link_color":"","ocean_menu_link_color_hover":"","ocean_menu_link_color_active":"","ocean_menu_link_background":"","ocean_menu_link_hover_background":"","ocean_menu_link_active_background":"","ocean_menu_social_links_bg":"","ocean_menu_social_hover_links_bg":"","ocean_menu_social_links_color":"","ocean_menu_social_hover_links_color":"","ocean_disable_title":"default","ocean_disable_heading":"default","ocean_post_title":"","ocean_post_subheading":"","ocean_post_title_style":"","ocean_post_title_background_color":"","ocean_post_title_background":0,"ocean_post_title_bg_image_position":"","ocean_post_title_bg_image_attachment":"","ocean_post_title_bg_image_repeat":"","ocean_post_title_bg_image_size":"","ocean_post_title_height":0,"ocean_post_title_bg_overlay":0.5,"ocean_post_title_bg_overlay_color":"","ocean_disable_breadcrumbs":"default","ocean_breadcrumbs_color":"","ocean_breadcrumbs_separator_color":"","ocean_breadcrumbs_links_color":"","ocean_breadcrumbs_links_hover_color":"","ocean_display_footer_widgets":"default","ocean_display_footer_bottom":"default","ocean_custom_footer_template":"0"},"product_brand":[],"product_cat":[229],"product_tag":[],"class_list":{"0":"post-26781","1":"product","2":"type-product","3":"status-publish","4":"has-post-thumbnail","6":"product_cat-duxfan-24-ch","8":"entry","9":"has-media","11":"first","12":"instock","13":"taxable","14":"shipping-taxable","15":"purchasable","16":"product-type-variable","17":"col","18":"span_1_of_4","19":"owp-content-center","20":"owp-thumbs-layout-horizontal","21":"owp-btn-normal","22":"owp-tabs-layout-horizontal"},"acf":[],"yoast_head":"<!-- This site is optimized with the Yoast SEO plugin v24.8.1 - https:\/\/yoast.com\/wordpress\/plugins\/seo\/ -->\n<title>DuxFan-24-CH Running Classic Shorts - iNOW.ch<\/title>\n<meta name=\"robots\" content=\"index, follow, max-snippet:-1, max-image-preview:large, max-video-preview:-1\" \/>\n<link rel=\"canonical\" href=\"https:\/\/inow.ch\/en\/product\/duxfan-24-ch-running-classic-shorts-2\/\" \/>\n<meta property=\"og:locale\" content=\"en_GB\" \/>\n<meta property=\"og:type\" content=\"article\" \/>\n<meta property=\"og:title\" content=\"DuxFan-24-CH Running Classic Shorts - iNOW.ch\" \/>\n<meta property=\"og:description\" content=\"Diese leichte Running Shorts besteht aus einer Mischung aus Polyamid- und Elasthan-Material. Das angenehme Material erlaubt eine optimale Bewegungsfreiheit und einen angenehmen Tragekomfort. Die enganliegende Innenhose erm\u00f6glicht einen optimalen Sitz der Hose, ohne unangenehmes Verrutschen.  Diese vollbedruckbare Running Shorts verleiht Dir den perfekten Look. Kombiniert mit unserem Running Classic Tank Top, bist du f\u00fcr eine gem\u00fctliche Jogging-Runde im Wald oder einen knallharten Wettkampf, perfekt ausger\u00fcstet. Dank der hinteren Reissverschlusstasche, kann Dein Autoschl\u00fcssel sorglos mitgef\u00fchrt werden. Enjoy your run!\" \/>\n<meta property=\"og:url\" content=\"https:\/\/inow.ch\/en\/product\/duxfan-24-ch-running-classic-shorts-2\/\" \/>\n<meta property=\"og:site_name\" content=\"iNOW.ch\" \/>\n<meta property=\"article:modified_time\" content=\"2025-04-08T09:54:53+00:00\" \/>\n<meta property=\"og:image\" content=\"https:\/\/inow.ch\/wp-content\/uploads\/2024\/10\/DuxFan-24-CH-RBW_SH001_C-RUNNING-Classic-shorts_front.png\" \/>\n\t<meta property=\"og:image:width\" content=\"500\" \/>\n\t<meta property=\"og:image:height\" content=\"501\" \/>\n\t<meta property=\"og:image:type\" content=\"image\/png\" \/>\n<meta name=\"twitter:card\" content=\"summary_large_image\" \/>\n<meta name=\"twitter:label1\" content=\"Estimated reading time\" \/>\n\t<meta name=\"twitter:data1\" content=\"1 minute\" \/>\n<script type=\"application\/ld+json\" class=\"yoast-schema-graph\">{\"@context\":\"https:\/\/schema.org\",\"@graph\":[{\"@type\":\"WebPage\",\"@id\":\"https:\/\/inow.ch\/produkt\/duxfan-24-ch-running-classic-shorts-2\/\",\"url\":\"https:\/\/inow.ch\/produkt\/duxfan-24-ch-running-classic-shorts-2\/\",\"name\":\"DuxFan-24-CH Running Classic Shorts - iNOW.ch\",\"isPartOf\":{\"@id\":\"https:\/\/inow.ch\/#website\"},\"primaryImageOfPage\":{\"@id\":\"https:\/\/inow.ch\/produkt\/duxfan-24-ch-running-classic-shorts-2\/#primaryimage\"},\"image\":{\"@id\":\"https:\/\/inow.ch\/produkt\/duxfan-24-ch-running-classic-shorts-2\/#primaryimage\"},\"thumbnailUrl\":\"https:\/\/inow.ch\/wp-content\/uploads\/2024\/10\/DuxFan-24-CH-RBW_SH001_C-RUNNING-Classic-shorts_front.png\",\"datePublished\":\"2024-11-11T14:44:49+00:00\",\"dateModified\":\"2025-04-08T09:54:53+00:00\",\"breadcrumb\":{\"@id\":\"https:\/\/inow.ch\/produkt\/duxfan-24-ch-running-classic-shorts-2\/#breadcrumb\"},\"inLanguage\":\"en-GB\",\"potentialAction\":[{\"@type\":\"ReadAction\",\"target\":[\"https:\/\/inow.ch\/produkt\/duxfan-24-ch-running-classic-shorts-2\/\"]}]},{\"@type\":\"ImageObject\",\"inLanguage\":\"en-GB\",\"@id\":\"https:\/\/inow.ch\/produkt\/duxfan-24-ch-running-classic-shorts-2\/#primaryimage\",\"url\":\"https:\/\/inow.ch\/wp-content\/uploads\/2024\/10\/DuxFan-24-CH-RBW_SH001_C-RUNNING-Classic-shorts_front.png\",\"contentUrl\":\"https:\/\/inow.ch\/wp-content\/uploads\/2024\/10\/DuxFan-24-CH-RBW_SH001_C-RUNNING-Classic-shorts_front.png\",\"width\":500,\"height\":501},{\"@type\":\"BreadcrumbList\",\"@id\":\"https:\/\/inow.ch\/produkt\/duxfan-24-ch-running-classic-shorts-2\/#breadcrumb\",\"itemListElement\":[{\"@type\":\"ListItem\",\"position\":1,\"name\":\"Startseite\",\"item\":\"https:\/\/inow.ch\/\"},{\"@type\":\"ListItem\",\"position\":2,\"name\":\"Shop\",\"item\":\"https:\/\/inow.ch\/fr\/shop\/\"},{\"@type\":\"ListItem\",\"position\":3,\"name\":\"DuxFan-24-CH Running Classic Shorts\"}]},{\"@type\":\"WebSite\",\"@id\":\"https:\/\/inow.ch\/#website\",\"url\":\"https:\/\/inow.ch\/\",\"name\":\"iNOW.ch\",\"description\":\"Teamshops\",\"publisher\":{\"@id\":\"https:\/\/inow.ch\/#organization\"},\"potentialAction\":[{\"@type\":\"SearchAction\",\"target\":{\"@type\":\"EntryPoint\",\"urlTemplate\":\"https:\/\/inow.ch\/?s={search_term_string}\"},\"query-input\":{\"@type\":\"PropertyValueSpecification\",\"valueRequired\":true,\"valueName\":\"search_term_string\"}}],\"inLanguage\":\"en-GB\"},{\"@type\":\"Organization\",\"@id\":\"https:\/\/inow.ch\/#organization\",\"name\":\"iNOW.ch\",\"url\":\"https:\/\/inow.ch\/\",\"logo\":{\"@type\":\"ImageObject\",\"inLanguage\":\"en-GB\",\"@id\":\"https:\/\/inow.ch\/#\/schema\/logo\/image\/\",\"url\":\"https:\/\/inow.ch\/wp-content\/uploads\/2021\/08\/210629_Logo_INOW_Pos.png\",\"contentUrl\":\"https:\/\/inow.ch\/wp-content\/uploads\/2021\/08\/210629_Logo_INOW_Pos.png\",\"width\":1749,\"height\":1241,\"caption\":\"iNOW.ch\"},\"image\":{\"@id\":\"https:\/\/inow.ch\/#\/schema\/logo\/image\/\"}}]}<\/script>\n<!-- \/ Yoast SEO plugin. -->","yoast_head_json":{"title":"DuxFan-24-CH Running Classic Shorts - iNOW.ch","robots":{"index":"index","follow":"follow","max-snippet":"max-snippet:-1","max-image-preview":"max-image-preview:large","max-video-preview":"max-video-preview:-1"},"canonical":"https:\/\/inow.ch\/en\/product\/duxfan-24-ch-running-classic-shorts-2\/","og_locale":"en_GB","og_type":"article","og_title":"DuxFan-24-CH Running Classic Shorts - iNOW.ch","og_description":"Diese leichte Running Shorts besteht aus einer Mischung aus Polyamid- und Elasthan-Material. Das angenehme Material erlaubt eine optimale Bewegungsfreiheit und einen angenehmen Tragekomfort. Die enganliegende Innenhose erm\u00f6glicht einen optimalen Sitz der Hose, ohne unangenehmes Verrutschen.  Diese vollbedruckbare Running Shorts verleiht Dir den perfekten Look. Kombiniert mit unserem Running Classic Tank Top, bist du f\u00fcr eine gem\u00fctliche Jogging-Runde im Wald oder einen knallharten Wettkampf, perfekt ausger\u00fcstet. Dank der hinteren Reissverschlusstasche, kann Dein Autoschl\u00fcssel sorglos mitgef\u00fchrt werden. Enjoy your run!","og_url":"https:\/\/inow.ch\/en\/product\/duxfan-24-ch-running-classic-shorts-2\/","og_site_name":"iNOW.ch","article_modified_time":"2025-04-08T09:54:53+00:00","og_image":[{"width":500,"height":501,"url":"https:\/\/inow.ch\/wp-content\/uploads\/2024\/10\/DuxFan-24-CH-RBW_SH001_C-RUNNING-Classic-shorts_front.png","type":"image\/png"}],"twitter_card":"summary_large_image","twitter_misc":{"Estimated reading time":"1 minute"},"schema":{"@context":"https:\/\/schema.org","@graph":[{"@type":"WebPage","@id":"https:\/\/inow.ch\/produkt\/duxfan-24-ch-running-classic-shorts-2\/","url":"https:\/\/inow.ch\/produkt\/duxfan-24-ch-running-classic-shorts-2\/","name":"DuxFan-24-CH Running Classic Shorts - iNOW.ch","isPartOf":{"@id":"https:\/\/inow.ch\/#website"},"primaryImageOfPage":{"@id":"https:\/\/inow.ch\/produkt\/duxfan-24-ch-running-classic-shorts-2\/#primaryimage"},"image":{"@id":"https:\/\/inow.ch\/produkt\/duxfan-24-ch-running-classic-shorts-2\/#primaryimage"},"thumbnailUrl":"https:\/\/inow.ch\/wp-content\/uploads\/2024\/10\/DuxFan-24-CH-RBW_SH001_C-RUNNING-Classic-shorts_front.png","datePublished":"2024-11-11T14:44:49+00:00","dateModified":"2025-04-08T09:54:53+00:00","breadcrumb":{"@id":"https:\/\/inow.ch\/produkt\/duxfan-24-ch-running-classic-shorts-2\/#breadcrumb"},"inLanguage":"en-GB","potentialAction":[{"@type":"ReadAction","target":["https:\/\/inow.ch\/produkt\/duxfan-24-ch-running-classic-shorts-2\/"]}]},{"@type":"ImageObject","inLanguage":"en-GB","@id":"https:\/\/inow.ch\/produkt\/duxfan-24-ch-running-classic-shorts-2\/#primaryimage","url":"https:\/\/inow.ch\/wp-content\/uploads\/2024\/10\/DuxFan-24-CH-RBW_SH001_C-RUNNING-Classic-shorts_front.png","contentUrl":"https:\/\/inow.ch\/wp-content\/uploads\/2024\/10\/DuxFan-24-CH-RBW_SH001_C-RUNNING-Classic-shorts_front.png","width":500,"height":501},{"@type":"BreadcrumbList","@id":"https:\/\/inow.ch\/produkt\/duxfan-24-ch-running-classic-shorts-2\/#breadcrumb","itemListElement":[{"@type":"ListItem","position":1,"name":"Startseite","item":"https:\/\/inow.ch\/"},{"@type":"ListItem","position":2,"name":"Shop","item":"https:\/\/inow.ch\/fr\/shop\/"},{"@type":"ListItem","position":3,"name":"DuxFan-24-CH Running Classic Shorts"}]},{"@type":"WebSite","@id":"https:\/\/inow.ch\/#website","url":"https:\/\/inow.ch\/","name":"iNOW.ch","description":"Teamshops","publisher":{"@id":"https:\/\/inow.ch\/#organization"},"potentialAction":[{"@type":"SearchAction","target":{"@type":"EntryPoint","urlTemplate":"https:\/\/inow.ch\/?s={search_term_string}"},"query-input":{"@type":"PropertyValueSpecification","valueRequired":true,"valueName":"search_term_string"}}],"inLanguage":"en-GB"},{"@type":"Organization","@id":"https:\/\/inow.ch\/#organization","name":"iNOW.ch","url":"https:\/\/inow.ch\/","logo":{"@type":"ImageObject","inLanguage":"en-GB","@id":"https:\/\/inow.ch\/#\/schema\/logo\/image\/","url":"https:\/\/inow.ch\/wp-content\/uploads\/2021\/08\/210629_Logo_INOW_Pos.png","contentUrl":"https:\/\/inow.ch\/wp-content\/uploads\/2021\/08\/210629_Logo_INOW_Pos.png","width":1749,"height":1241,"caption":"iNOW.ch"},"image":{"@id":"https:\/\/inow.ch\/#\/schema\/logo\/image\/"}}]}},"_links":{"self":[{"href":"https:\/\/inow.ch\/en\/wp-json\/wp\/v2\/product\/26781"}],"collection":[{"href":"https:\/\/inow.ch\/en\/wp-json\/wp\/v2\/product"}],"about":[{"href":"https:\/\/inow.ch\/en\/wp-json\/wp\/v2\/types\/product"}],"wp:featuredmedia":[{"embeddable":true,"href":"https:\/\/inow.ch\/en\/wp-json\/wp\/v2\/media\/26281"}],"wp:attachment":[{"href":"https:\/\/inow.ch\/en\/wp-json\/wp\/v2\/media?parent=26781"}],"wp:term":[{"taxonomy":"product_brand","embeddable":true,"href":"https:\/\/inow.ch\/en\/wp-json\/wp\/v2\/product_brand?post=26781"},{"taxonomy":"product_cat","embeddable":true,"href":"https:\/\/inow.ch\/en\/wp-json\/wp\/v2\/product_cat?post=26781"},{"taxonomy":"product_tag","embeddable":true,"href":"https:\/\/inow.ch\/en\/wp-json\/wp\/v2\/product_tag?post=26781"}],"curies":[{"name":"wp","href":"https:\/\/api.w.org\/{rel}","templated":true}]}}