{"id":12041,"date":"2022-08-15T14:38:24","date_gmt":"2022-08-15T14:38:24","guid":{"rendered":"https:\/\/inow.ch\/produkt\/sportway-cycling-classic-wind-vest-blue\/"},"modified":"2025-04-08T09:54:20","modified_gmt":"2025-04-08T09:54:20","slug":"sportway-cycling-classic-wind-vest-blue","status":"publish","type":"product","link":"https:\/\/inow.ch\/en\/product\/sportway-cycling-classic-wind-vest-blue\/","title":{"rendered":"Sportway Cycling Classic Wind Vest (Blue)"},"content":{"rendered":"<p>- Classic Line<br \/>\n- wind- and water-repellent<br \/>\n- breathable &amp; super light<br \/>\n- Net back<br \/>\n- Chin guard at the end of the zipper<br \/>\n- small stowable in every jersey pocket<\/p>\n<p>Material:<br \/>\n100% Polyester<\/p>","protected":false},"excerpt":{"rendered":"<p>Sleeveless cycling wind waistcoat with a close fit. Superlight polyester material. Stand-up collar with chin guard and full-length locking zipper in the front. Printable mesh back for best breathability.<\/p>\n<p>Who doesn't know that unpleasant cold feeling when you arrive at the top of the mountain and have nothing to wear because you didn't feel like taking a backpack? With this practical wind waistcoat, it's a thing of the past! Our waistcoat is wind and water repellent and can be stowed away in any jersey pocket.<\/p>","protected":false},"featured_media":12020,"template":"","meta":{"_acf_changed":false,"ocean_post_layout":"","ocean_both_sidebars_style":"","ocean_both_sidebars_content_width":0,"ocean_both_sidebars_sidebars_width":0,"ocean_sidebar":"0","ocean_second_sidebar":"0","ocean_disable_margins":"enable","ocean_add_body_class":"","ocean_shortcode_before_top_bar":"","ocean_shortcode_after_top_bar":"","ocean_shortcode_before_header":"","ocean_shortcode_after_header":"","ocean_has_shortcode":"","ocean_shortcode_after_title":"","ocean_shortcode_before_footer_widgets":"","ocean_shortcode_after_footer_widgets":"","ocean_shortcode_before_footer_bottom":"","ocean_shortcode_after_footer_bottom":"","ocean_display_top_bar":"default","ocean_display_header":"default","ocean_header_style":"","ocean_center_header_left_menu":"0","ocean_custom_header_template":"0","ocean_custom_logo":0,"ocean_custom_retina_logo":0,"ocean_custom_logo_max_width":0,"ocean_custom_logo_tablet_max_width":0,"ocean_custom_logo_mobile_max_width":0,"ocean_custom_logo_max_height":0,"ocean_custom_logo_tablet_max_height":0,"ocean_custom_logo_mobile_max_height":0,"ocean_header_custom_menu":"0","ocean_menu_typo_font_family":"0","ocean_menu_typo_font_subset":"","ocean_menu_typo_font_size":0,"ocean_menu_typo_font_size_tablet":0,"ocean_menu_typo_font_size_mobile":0,"ocean_menu_typo_font_size_unit":"px","ocean_menu_typo_font_weight":"","ocean_menu_typo_font_weight_tablet":"","ocean_menu_typo_font_weight_mobile":"","ocean_menu_typo_transform":"","ocean_menu_typo_transform_tablet":"","ocean_menu_typo_transform_mobile":"","ocean_menu_typo_line_height":0,"ocean_menu_typo_line_height_tablet":0,"ocean_menu_typo_line_height_mobile":0,"ocean_menu_typo_line_height_unit":"","ocean_menu_typo_spacing":0,"ocean_menu_typo_spacing_tablet":0,"ocean_menu_typo_spacing_mobile":0,"ocean_menu_typo_spacing_unit":"","ocean_menu_link_color":"","ocean_menu_link_color_hover":"","ocean_menu_link_color_active":"","ocean_menu_link_background":"","ocean_menu_link_hover_background":"","ocean_menu_link_active_background":"","ocean_menu_social_links_bg":"","ocean_menu_social_hover_links_bg":"","ocean_menu_social_links_color":"","ocean_menu_social_hover_links_color":"","ocean_disable_title":"default","ocean_disable_heading":"default","ocean_post_title":"","ocean_post_subheading":"","ocean_post_title_style":"","ocean_post_title_background_color":"","ocean_post_title_background":0,"ocean_post_title_bg_image_position":"","ocean_post_title_bg_image_attachment":"","ocean_post_title_bg_image_repeat":"","ocean_post_title_bg_image_size":"","ocean_post_title_height":0,"ocean_post_title_bg_overlay":0.5,"ocean_post_title_bg_overlay_color":"","ocean_disable_breadcrumbs":"default","ocean_breadcrumbs_color":"","ocean_breadcrumbs_separator_color":"","ocean_breadcrumbs_links_color":"","ocean_breadcrumbs_links_hover_color":"","ocean_display_footer_widgets":"default","ocean_display_footer_bottom":"default","ocean_custom_footer_template":"0"},"product_brand":[],"product_cat":[142],"product_tag":[],"class_list":{"0":"post-12041","1":"product","2":"type-product","3":"status-publish","4":"has-post-thumbnail","6":"product_cat-sportway","8":"entry","9":"has-media","11":"first","12":"outofstock","13":"sale","14":"taxable","15":"shipping-taxable","16":"purchasable","17":"product-type-variable","18":"col","19":"span_1_of_4","20":"owp-content-center","21":"owp-thumbs-layout-horizontal","22":"owp-btn-normal","23":"owp-tabs-layout-horizontal"},"acf":[],"yoast_head":"<!-- This site is optimized with the Yoast SEO plugin v24.8.1 - https:\/\/yoast.com\/wordpress\/plugins\/seo\/ -->\n<title>Sportway Cycling Classic Wind Vest (Blue) - iNOW.ch<\/title>\n<meta name=\"robots\" content=\"index, follow, max-snippet:-1, max-image-preview:large, max-video-preview:-1\" \/>\n<link rel=\"canonical\" href=\"https:\/\/inow.ch\/en\/product\/sportway-cycling-classic-wind-vest-blue\/\" \/>\n<meta property=\"og:locale\" content=\"en_GB\" \/>\n<meta property=\"og:type\" content=\"article\" \/>\n<meta property=\"og:title\" content=\"Sportway Cycling Classic Wind Vest (Blue) - iNOW.ch\" \/>\n<meta property=\"og:description\" content=\"\u00c4rmellose Cycling Wind Weste mit k\u00f6rpernaher Passform. Superleichtes Polyester-Material. Stehkragen mit Kinnschutz und durchgehendem arretierendem Reissverschluss in der Front. Bedruckbarer Netz-R\u00fccken f\u00fcr beste Atmungsaktivit\u00e4t.  Wer kennt es nicht, dieses unangenehme K\u00e4ltegef\u00fchl, wenn man oben am Berg ankommt und nichts zum Anziehen hat, weil man keine Lust hatte einen Rucksack mitzunehmen? Mit dieser praktischen Windweste ist es Schnee von gestern! Unsere Weste ist Wind und Wasserabweisend und kann ganz klein in jeder Trikottasche verstaut werden.\" \/>\n<meta property=\"og:url\" content=\"https:\/\/inow.ch\/en\/product\/sportway-cycling-classic-wind-vest-blue\/\" \/>\n<meta property=\"og:site_name\" content=\"iNOW.ch\" \/>\n<meta property=\"article:modified_time\" content=\"2025-04-08T09:54:20+00:00\" \/>\n<meta property=\"og:image\" content=\"https:\/\/inow.ch\/wp-content\/uploads\/2022\/08\/Sportway-Blue-CTM_VE001_C-CYCLING-Classic-Wind-Vest_front.png\" \/>\n\t<meta property=\"og:image:width\" content=\"1000\" \/>\n\t<meta property=\"og:image:height\" content=\"1001\" \/>\n\t<meta property=\"og:image:type\" content=\"image\/png\" \/>\n<meta name=\"twitter:card\" content=\"summary_large_image\" \/>\n<meta name=\"twitter:label1\" content=\"Estimated reading time\" \/>\n\t<meta name=\"twitter:data1\" content=\"1 minute\" \/>\n<script type=\"application\/ld+json\" class=\"yoast-schema-graph\">{\"@context\":\"https:\/\/schema.org\",\"@graph\":[{\"@type\":\"WebPage\",\"@id\":\"https:\/\/inow.ch\/produkt\/sportway-cycling-classic-wind-vest-blue\/\",\"url\":\"https:\/\/inow.ch\/produkt\/sportway-cycling-classic-wind-vest-blue\/\",\"name\":\"Sportway Cycling Classic Wind Vest (Blue) - iNOW.ch\",\"isPartOf\":{\"@id\":\"https:\/\/inow.ch\/#website\"},\"primaryImageOfPage\":{\"@id\":\"https:\/\/inow.ch\/produkt\/sportway-cycling-classic-wind-vest-blue\/#primaryimage\"},\"image\":{\"@id\":\"https:\/\/inow.ch\/produkt\/sportway-cycling-classic-wind-vest-blue\/#primaryimage\"},\"thumbnailUrl\":\"https:\/\/inow.ch\/wp-content\/uploads\/2022\/08\/Sportway-Blue-CTM_VE001_C-CYCLING-Classic-Wind-Vest_front.png\",\"datePublished\":\"2022-08-15T14:38:24+00:00\",\"dateModified\":\"2025-04-08T09:54:20+00:00\",\"breadcrumb\":{\"@id\":\"https:\/\/inow.ch\/produkt\/sportway-cycling-classic-wind-vest-blue\/#breadcrumb\"},\"inLanguage\":\"en-GB\",\"potentialAction\":[{\"@type\":\"ReadAction\",\"target\":[\"https:\/\/inow.ch\/produkt\/sportway-cycling-classic-wind-vest-blue\/\"]}]},{\"@type\":\"ImageObject\",\"inLanguage\":\"en-GB\",\"@id\":\"https:\/\/inow.ch\/produkt\/sportway-cycling-classic-wind-vest-blue\/#primaryimage\",\"url\":\"https:\/\/inow.ch\/wp-content\/uploads\/2022\/08\/Sportway-Blue-CTM_VE001_C-CYCLING-Classic-Wind-Vest_front.png\",\"contentUrl\":\"https:\/\/inow.ch\/wp-content\/uploads\/2022\/08\/Sportway-Blue-CTM_VE001_C-CYCLING-Classic-Wind-Vest_front.png\",\"width\":1000,\"height\":1001},{\"@type\":\"BreadcrumbList\",\"@id\":\"https:\/\/inow.ch\/produkt\/sportway-cycling-classic-wind-vest-blue\/#breadcrumb\",\"itemListElement\":[{\"@type\":\"ListItem\",\"position\":1,\"name\":\"Startseite\",\"item\":\"https:\/\/inow.ch\/\"},{\"@type\":\"ListItem\",\"position\":2,\"name\":\"Shop\",\"item\":\"https:\/\/inow.ch\/fr\/shop\/\"},{\"@type\":\"ListItem\",\"position\":3,\"name\":\"Sportway Cycling Classic Wind Vest (Blue)\"}]},{\"@type\":\"WebSite\",\"@id\":\"https:\/\/inow.ch\/#website\",\"url\":\"https:\/\/inow.ch\/\",\"name\":\"iNOW.ch\",\"description\":\"Teamshops\",\"publisher\":{\"@id\":\"https:\/\/inow.ch\/#organization\"},\"potentialAction\":[{\"@type\":\"SearchAction\",\"target\":{\"@type\":\"EntryPoint\",\"urlTemplate\":\"https:\/\/inow.ch\/?s={search_term_string}\"},\"query-input\":{\"@type\":\"PropertyValueSpecification\",\"valueRequired\":true,\"valueName\":\"search_term_string\"}}],\"inLanguage\":\"en-GB\"},{\"@type\":\"Organization\",\"@id\":\"https:\/\/inow.ch\/#organization\",\"name\":\"iNOW.ch\",\"url\":\"https:\/\/inow.ch\/\",\"logo\":{\"@type\":\"ImageObject\",\"inLanguage\":\"en-GB\",\"@id\":\"https:\/\/inow.ch\/#\/schema\/logo\/image\/\",\"url\":\"https:\/\/inow.ch\/wp-content\/uploads\/2021\/08\/210629_Logo_INOW_Pos.png\",\"contentUrl\":\"https:\/\/inow.ch\/wp-content\/uploads\/2021\/08\/210629_Logo_INOW_Pos.png\",\"width\":1749,\"height\":1241,\"caption\":\"iNOW.ch\"},\"image\":{\"@id\":\"https:\/\/inow.ch\/#\/schema\/logo\/image\/\"}}]}<\/script>\n<!-- \/ Yoast SEO plugin. -->","yoast_head_json":{"title":"Sportway Cycling Classic Wind Vest (Blue) - iNOW.ch","robots":{"index":"index","follow":"follow","max-snippet":"max-snippet:-1","max-image-preview":"max-image-preview:large","max-video-preview":"max-video-preview:-1"},"canonical":"https:\/\/inow.ch\/en\/product\/sportway-cycling-classic-wind-vest-blue\/","og_locale":"en_GB","og_type":"article","og_title":"Sportway Cycling Classic Wind Vest (Blue) - iNOW.ch","og_description":"\u00c4rmellose Cycling Wind Weste mit k\u00f6rpernaher Passform. Superleichtes Polyester-Material. Stehkragen mit Kinnschutz und durchgehendem arretierendem Reissverschluss in der Front. Bedruckbarer Netz-R\u00fccken f\u00fcr beste Atmungsaktivit\u00e4t.  Wer kennt es nicht, dieses unangenehme K\u00e4ltegef\u00fchl, wenn man oben am Berg ankommt und nichts zum Anziehen hat, weil man keine Lust hatte einen Rucksack mitzunehmen? Mit dieser praktischen Windweste ist es Schnee von gestern! Unsere Weste ist Wind und Wasserabweisend und kann ganz klein in jeder Trikottasche verstaut werden.","og_url":"https:\/\/inow.ch\/en\/product\/sportway-cycling-classic-wind-vest-blue\/","og_site_name":"iNOW.ch","article_modified_time":"2025-04-08T09:54:20+00:00","og_image":[{"width":1000,"height":1001,"url":"https:\/\/inow.ch\/wp-content\/uploads\/2022\/08\/Sportway-Blue-CTM_VE001_C-CYCLING-Classic-Wind-Vest_front.png","type":"image\/png"}],"twitter_card":"summary_large_image","twitter_misc":{"Estimated reading time":"1 minute"},"schema":{"@context":"https:\/\/schema.org","@graph":[{"@type":"WebPage","@id":"https:\/\/inow.ch\/produkt\/sportway-cycling-classic-wind-vest-blue\/","url":"https:\/\/inow.ch\/produkt\/sportway-cycling-classic-wind-vest-blue\/","name":"Sportway Cycling Classic Wind Vest (Blue) - iNOW.ch","isPartOf":{"@id":"https:\/\/inow.ch\/#website"},"primaryImageOfPage":{"@id":"https:\/\/inow.ch\/produkt\/sportway-cycling-classic-wind-vest-blue\/#primaryimage"},"image":{"@id":"https:\/\/inow.ch\/produkt\/sportway-cycling-classic-wind-vest-blue\/#primaryimage"},"thumbnailUrl":"https:\/\/inow.ch\/wp-content\/uploads\/2022\/08\/Sportway-Blue-CTM_VE001_C-CYCLING-Classic-Wind-Vest_front.png","datePublished":"2022-08-15T14:38:24+00:00","dateModified":"2025-04-08T09:54:20+00:00","breadcrumb":{"@id":"https:\/\/inow.ch\/produkt\/sportway-cycling-classic-wind-vest-blue\/#breadcrumb"},"inLanguage":"en-GB","potentialAction":[{"@type":"ReadAction","target":["https:\/\/inow.ch\/produkt\/sportway-cycling-classic-wind-vest-blue\/"]}]},{"@type":"ImageObject","inLanguage":"en-GB","@id":"https:\/\/inow.ch\/produkt\/sportway-cycling-classic-wind-vest-blue\/#primaryimage","url":"https:\/\/inow.ch\/wp-content\/uploads\/2022\/08\/Sportway-Blue-CTM_VE001_C-CYCLING-Classic-Wind-Vest_front.png","contentUrl":"https:\/\/inow.ch\/wp-content\/uploads\/2022\/08\/Sportway-Blue-CTM_VE001_C-CYCLING-Classic-Wind-Vest_front.png","width":1000,"height":1001},{"@type":"BreadcrumbList","@id":"https:\/\/inow.ch\/produkt\/sportway-cycling-classic-wind-vest-blue\/#breadcrumb","itemListElement":[{"@type":"ListItem","position":1,"name":"Startseite","item":"https:\/\/inow.ch\/"},{"@type":"ListItem","position":2,"name":"Shop","item":"https:\/\/inow.ch\/fr\/shop\/"},{"@type":"ListItem","position":3,"name":"Sportway Cycling Classic Wind Vest (Blue)"}]},{"@type":"WebSite","@id":"https:\/\/inow.ch\/#website","url":"https:\/\/inow.ch\/","name":"iNOW.ch","description":"Teamshops","publisher":{"@id":"https:\/\/inow.ch\/#organization"},"potentialAction":[{"@type":"SearchAction","target":{"@type":"EntryPoint","urlTemplate":"https:\/\/inow.ch\/?s={search_term_string}"},"query-input":{"@type":"PropertyValueSpecification","valueRequired":true,"valueName":"search_term_string"}}],"inLanguage":"en-GB"},{"@type":"Organization","@id":"https:\/\/inow.ch\/#organization","name":"iNOW.ch","url":"https:\/\/inow.ch\/","logo":{"@type":"ImageObject","inLanguage":"en-GB","@id":"https:\/\/inow.ch\/#\/schema\/logo\/image\/","url":"https:\/\/inow.ch\/wp-content\/uploads\/2021\/08\/210629_Logo_INOW_Pos.png","contentUrl":"https:\/\/inow.ch\/wp-content\/uploads\/2021\/08\/210629_Logo_INOW_Pos.png","width":1749,"height":1241,"caption":"iNOW.ch"},"image":{"@id":"https:\/\/inow.ch\/#\/schema\/logo\/image\/"}}]}},"_links":{"self":[{"href":"https:\/\/inow.ch\/en\/wp-json\/wp\/v2\/product\/12041"}],"collection":[{"href":"https:\/\/inow.ch\/en\/wp-json\/wp\/v2\/product"}],"about":[{"href":"https:\/\/inow.ch\/en\/wp-json\/wp\/v2\/types\/product"}],"wp:featuredmedia":[{"embeddable":true,"href":"https:\/\/inow.ch\/en\/wp-json\/wp\/v2\/media\/12020"}],"wp:attachment":[{"href":"https:\/\/inow.ch\/en\/wp-json\/wp\/v2\/media?parent=12041"}],"wp:term":[{"taxonomy":"product_brand","embeddable":true,"href":"https:\/\/inow.ch\/en\/wp-json\/wp\/v2\/product_brand?post=12041"},{"taxonomy":"product_cat","embeddable":true,"href":"https:\/\/inow.ch\/en\/wp-json\/wp\/v2\/product_cat?post=12041"},{"taxonomy":"product_tag","embeddable":true,"href":"https:\/\/inow.ch\/en\/wp-json\/wp\/v2\/product_tag?post=12041"}],"curies":[{"name":"wp","href":"https:\/\/api.w.org\/{rel}","templated":true}]}}